{"id":97,"date":"2023-04-11T18:24:01","date_gmt":"2023-04-11T16:24:01","guid":{"rendered":"https:\/\/ambasciatapraga.esteri.it\/?page_id=97"},"modified":"2026-03-12T13:30:49","modified_gmt":"2026-03-12T11:30:49","slug":"fare-affari-in-italia","status":"publish","type":"page","link":"https:\/\/ambcopenaghen.esteri.it\/it\/italia-e-danimarca\/diplomazia-economica\/fare-affari-in-italia\/","title":{"rendered":"Fare affari in Italia"},"content":{"rendered":"<p>L\u2019acquisizione di informazioni riguardanti il mercato italiano e le opportunit\u00e0 di business con l\u2019Italia \u00e8 il primo passo che gli operatori stranieri devono compiere al fine di individuare aree e forme di investimento in Italia.<\/p>\n<p>Suggeriamo di consultare:<\/p>\n<ul>\n<li>il sito <a href=\"http:\/\/www.infomercatiesteri.it\" target=\"_blank\" rel=\"noopener\"><strong><em>Infomercatiesteri<\/em><\/strong><\/a> che nella parte \u201cOsservatorio economico\u201d contiene una <a href=\"https:\/\/www.infomercatiesteri.it\/osservatorio-economico-sezione-italia.php\" target=\"_blank\" rel=\"noopener\">sezione dedicata all\u2019Italia<\/a>;<\/li>\n<li>il sito dell\u2019agenzia centrale dell\u2019<a href=\"https:\/\/www.ice.it\/en\/\" target=\"_blank\" rel=\"noopener\"><strong>ICE<\/strong><\/a> in cui \u00e8 possibile trovare anche \u00a0la guida \u201c<a href=\"https:\/\/www.ice.it\/en\/sites\/default\/files\/inline-files\/doing_business_english.pdf\" target=\"_blank\" rel=\"noopener\">Doing Business in Italy Investment Guide<\/a>\u201d;<\/li>\n<li>Nella homepage del sito della <strong>Banca d\u2019Italia<\/strong> \u00e8 presente il <a href=\"https:\/\/www.bancaditalia.it\/pubblicazioni\/index.html\" target=\"_blank\" rel=\"noopener\">collegamento<\/a> alla sezione pubblicazioni attraverso il quale si accede ai servizi di carattere economico e di politica monetaria sull\u2019Italia e alle <a href=\"https:\/\/www.bancaditalia.it\/statistiche\/index.html?com.dotmarketing.htmlpage.language=1\" target=\"_blank\" rel=\"noopener\">Statistiche<\/a> sull&#8217;economia italiana.<\/li>\n<li>Il sito web di <a href=\"https:\/\/www.invitalia.it\/\" target=\"_blank\" rel=\"noopener\">Invitalia,<\/a> l\u2019<strong>Agenzia nazionale per l\u2019attrazione degli investimenti e lo sviluppo d\u2019impresa<\/strong>, di propriet\u00e0 del\u00a0<a href=\"http:\/\/www.mef.gov.it\/\" target=\"_blank\" rel=\"noopener\">Ministero dell\u2019Economia e delle Finanze<\/a>.<\/li>\n<li>Il portale di <strong>Infocamere<\/strong>, societ\u00e0 del sistema camerale che gestisce il <a href=\"http:\/\/www.registroimprese.it\/\" target=\"_blank\" rel=\"noopener\">Registro delle Imprese<\/a>, che permette di accedere via web alle informazioni contenute nel Registro delle Imprese, nel Registro Protesti e nella banca dati Brevetti e Marchi, oltre ai Registri delle Imprese degli altri Paesi UE.<\/li>\n<li>Il sito dell\u2019<a href=\"https:\/\/www.istat.it\/en\/\" target=\"_blank\" rel=\"noopener\"><strong>Istituto Nazionale di Statistica<\/strong><\/a>, che fornisce dati aggiornati su tutti gli indicatori economici del Paese.<\/li>\n<li>\u00a0<a href=\"https:\/\/ambcopenaghen.esteri.it\/wp-content\/uploads\/2026\/03\/19.-BUSINESS-INSIGHTS-FROM-ITALY-NUMERO-DI-FEBBRAIO-2026.pdf\" target=\"_blank\" rel=\"noopener\"><strong><em>Business Insights from Italy &#8211; a letter to International Investors (February 2026)<\/em><\/strong> <\/a>&#8211; Pubblicazione mensile con informazioni aggiornate sull\u2019economia italiana, curata da <a href=\"https:\/\/www.ambrosetti.eu\/en\/\" target=\"_blank\" rel=\"noopener\">The European House <\/a><strong><a href=\"https:\/\/www.ambrosetti.eu\/en\/\" target=\"_blank\" rel=\"noopener\">\u2013<\/a><\/strong><a href=\"https:\/\/www.ambrosetti.eu\/en\/\" target=\"_blank\" rel=\"noopener\"> Ambrosetti<\/a>.<\/li>\n<li><a href=\"https:\/\/ambcopenaghen.esteri.it\/wp-content\/uploads\/2025\/02\/DEF-270x210_10selfie-2024_EN-1.pdf\" target=\"_blank\" rel=\"noopener\"><strong>\u201c<em>Italy in 10 Selfies<\/em>\u201d<\/strong><\/a> &#8211; Il rapporto, curato dalla <a href=\"https:\/\/symbola.net\/\" target=\"_blank\" rel=\"noopener\">Fondazione Symbola<\/a>, racconta ogni anno dieci primati dell&#8217;Italia in settori chiave, spesso poco conosciuti o sottovalutati, che sottolineano l\u2019unicit\u00e0 del modello italiano basato su qualit\u00e0, sostenibilit\u00e0 e legame con i territori.<\/li>\n<\/ul>\n<p>&nbsp;<\/p>\n","protected":false},"excerpt":{"rendered":"L\u2019acquisizione di informazioni riguardanti il mercato italiano e le opportunit\u00e0 di business con l\u2019Italia \u00e8 il primo passo che gli operatori stranieri devono compiere al fine di individuare aree e forme di investimento in Italia. Suggeriamo di consultare: il sito Infomercatiesteri che nella parte \u201cOsservatorio economico\u201d contiene una sezione dedicata all\u2019Italia; il sito dell\u2019agenzia centrale [&hellip;]","protected":false},"author":1,"featured_media":0,"parent":43,"menu_order":0,"comment_status":"closed","ping_status":"closed","template":"","meta":{"footnotes":""},"class_list":["post-97","page","type-page","status-publish","hentry"],"_links":{"self":[{"href":"https:\/\/ambcopenaghen.esteri.it\/it\/wp-json\/wp\/v2\/pages\/97","targetHints":{"allow":["GET"]}}],"collection":[{"href":"https:\/\/ambcopenaghen.esteri.it\/it\/wp-json\/wp\/v2\/pages"}],"about":[{"href":"https:\/\/ambcopenaghen.esteri.it\/it\/wp-json\/wp\/v2\/types\/page"}],"author":[{"embeddable":true,"href":"https:\/\/ambcopenaghen.esteri.it\/it\/wp-json\/wp\/v2\/users\/1"}],"replies":[{"embeddable":true,"href":"https:\/\/ambcopenaghen.esteri.it\/it\/wp-json\/wp\/v2\/comments?post=97"}],"version-history":[{"count":8,"href":"https:\/\/ambcopenaghen.esteri.it\/it\/wp-json\/wp\/v2\/pages\/97\/revisions"}],"predecessor-version":[{"id":5311,"href":"https:\/\/ambcopenaghen.esteri.it\/it\/wp-json\/wp\/v2\/pages\/97\/revisions\/5311"}],"up":[{"embeddable":true,"href":"https:\/\/ambcopenaghen.esteri.it\/it\/wp-json\/wp\/v2\/pages\/43"}],"wp:attachment":[{"href":"https:\/\/ambcopenaghen.esteri.it\/it\/wp-json\/wp\/v2\/media?parent=97"}],"curies":[{"name":"wp","href":"https:\/\/api.w.org\/{rel}","templated":true}]}}