{"id":74,"date":"2023-04-11T18:20:09","date_gmt":"2023-04-11T16:20:09","guid":{"rendered":"https:\/\/ambasciatapraga.esteri.it\/?page_id=74"},"modified":"2023-08-07T14:18:56","modified_gmt":"2023-08-07T12:18:56","slug":"autoveicoli-e-patenti-di-guida","status":"publish","type":"page","link":"https:\/\/ambcopenaghen.esteri.it\/it\/servizi-consolari-e-visti\/servizi-per-il-cittadino-italiano\/autoveicoli-e-patenti-di-guida\/","title":{"rendered":"Patenti di guida e Autoveicoli"},"content":{"rendered":"<p><strong>Cittadini italiani residenti in Danimarca<\/strong><\/p>\n<p>In conformit\u00e0 con la vigente normativa europea (Direttiva Europea 91\/439\/CEE del 21\/07\/1991) e le disposizioni nazionali in materia (Circolare del Ministero delle Infrastrutture e dei Trasporti n. 30 del 21 maggio 1999),\u00a0i cittadini italiani residenti all\u2019estero in un paese dell\u2019Unione Europea e che sono regolarmente iscritti all\u2019Anagrafe Italiani Residenti all\u2019Estero (AIRE) devono rivolgersi, in vista del rinnovo della loro patente,\u00a0esclusivamente\u00a0alle autorit\u00e0 del Paese di residenza che provvederanno alla conversione della stessa.<\/p>\n<p>Pertanto, se il cittadino italiano \u00e8 stabilmente residente in Danimarca, egli potr\u00e0 rinnovare la sua patente presso le autorit\u00e0 danesi competenti per il luogo di residenza.\u00a0Se invece non \u00e8 iscritto all\u2019AIRE e, pur trascorrendo alcuni periodi all\u2019estero, ha mantenuto la propria residenza in Italia, egli dovr\u00e0 rivolgersi all\u2019Ufficio della Motorizzazione che in Italia ne ha effettuato il rilascio (e non in Consolato).<\/p>\n<p>Si ricorda inoltre che,\u00a0in qualsiasi momento\u00a0i cittadini italiani residenti in Danimarca possono richiedere alle autorit\u00e0 danesi la conversione della loro patente in corso di validit\u00e0 presso il Borgerservice. Maggiori e pi\u00f9 dettagliate informazioni sono reperibili al seguente link: <a href=\"https:\/\/lifeindenmark.borger.dk\/travel-and-transport\/how-to-obtain-a-driving-license-in-denmark\">https:\/\/lifeindenmark.borger.dk\/travel-and-transport\/how-to-obtain-a-driving-license-in-denmark<\/a><\/p>\n<p><strong>Cittadini italiani temporaneamente in Danimarca<\/strong><\/p>\n<p>I cittadini italiani che si trovano temporaneamente in Danimarca, possono liberamente circolare sul territorio, purch\u00e9 muniti di una patente di Unione Europea.\u00a0Ci\u00f2 ai sensi della Direttiva CEE 91\/439 la quale riconosce la validit\u00e0 di una patente di guida rilasciata da un Paese membro U.E..<\/p>\n","protected":false},"excerpt":{"rendered":"Cittadini italiani residenti in Danimarca In conformit\u00e0 con la vigente normativa europea (Direttiva Europea 91\/439\/CEE del 21\/07\/1991) e le disposizioni nazionali in materia (Circolare del Ministero delle Infrastrutture e dei Trasporti n. 30 del 21 maggio 1999),\u00a0i cittadini italiani residenti all\u2019estero in un paese dell\u2019Unione Europea e che sono regolarmente iscritti all\u2019Anagrafe Italiani Residenti all\u2019Estero [&hellip;]","protected":false},"author":1,"featured_media":0,"parent":47,"menu_order":13,"comment_status":"closed","ping_status":"closed","template":"","meta":{"footnotes":""},"class_list":["post-74","page","type-page","status-publish","hentry"],"_links":{"self":[{"href":"https:\/\/ambcopenaghen.esteri.it\/it\/wp-json\/wp\/v2\/pages\/74","targetHints":{"allow":["GET"]}}],"collection":[{"href":"https:\/\/ambcopenaghen.esteri.it\/it\/wp-json\/wp\/v2\/pages"}],"about":[{"href":"https:\/\/ambcopenaghen.esteri.it\/it\/wp-json\/wp\/v2\/types\/page"}],"author":[{"embeddable":true,"href":"https:\/\/ambcopenaghen.esteri.it\/it\/wp-json\/wp\/v2\/users\/1"}],"replies":[{"embeddable":true,"href":"https:\/\/ambcopenaghen.esteri.it\/it\/wp-json\/wp\/v2\/comments?post=74"}],"version-history":[{"count":3,"href":"https:\/\/ambcopenaghen.esteri.it\/it\/wp-json\/wp\/v2\/pages\/74\/revisions"}],"predecessor-version":[{"id":620,"href":"https:\/\/ambcopenaghen.esteri.it\/it\/wp-json\/wp\/v2\/pages\/74\/revisions\/620"}],"up":[{"embeddable":true,"href":"https:\/\/ambcopenaghen.esteri.it\/it\/wp-json\/wp\/v2\/pages\/47"}],"wp:attachment":[{"href":"https:\/\/ambcopenaghen.esteri.it\/it\/wp-json\/wp\/v2\/media?parent=74"}],"curies":[{"name":"wp","href":"https:\/\/api.w.org\/{rel}","templated":true}]}}