{"id":71,"date":"2023-04-11T18:19:16","date_gmt":"2023-04-11T16:19:16","guid":{"rendered":"https:\/\/ambasciatapraga.esteri.it\/?page_id=71"},"modified":"2026-02-11T16:53:13","modified_gmt":"2026-02-11T14:53:13","slug":"servizi-notarili","status":"publish","type":"page","link":"https:\/\/ambcopenaghen.esteri.it\/it\/servizi-consolari-e-visti\/servizi-per-il-cittadino-italiano\/servizi-notarili\/","title":{"rendered":"Servizi notarili &#8211; Procure"},"content":{"rendered":"<p>La Cancelleria Consolare esercita \u2013 <strong>esclusivamente nei confronti di cittadini italiani che si trovano all\u2019estero in via permanente o temporanea, e in via prioritaria per quelli iscritti all\u2019AIRE<\/strong>\u00a0\u2013 alcune funzioni notarili previste dal nostro ordinamento. Essenzialmente si tratta del ricevimento di atti pubblici (procure, testamenti), di atti notori, di autenticazioni e di sottoscrizioni apposte a scritture private.<\/p>\n<p>I servizi notarili pi\u00f9 frequentemente richiesti ad un Ufficio consolare sono:<\/p>\n<ul>\n<li><strong>Procure<\/strong><\/li>\n<li><strong>Testamenti<\/strong><\/li>\n<li><strong>Atti Pubblici<\/strong><\/li>\n<li><strong>Attivit\u00e0 di autenticazione<\/strong><\/li>\n<li><a href=\"https:\/\/ambcopenaghen.esteri.it\/it\/servizi-consolari-e-visti\/servizi-per-il-cittadino-italiano\/servizi-notarili\/accettazione-o-rinuncia-alleredita\/\"><strong>Accettazioni\/Rinuncia all\u2019eredit\u00e0<\/strong><\/a><\/li>\n<\/ul>\n<p>Esistono tuttavia alcune differenze tra le competenze consolari in materia notarile e quelle attribuite ai notai esercenti in Italia, sostanzialmente connesse alla diversa posizione del Capo della Rappresentanza consolare, funzionario dello Stato, e quella del notaio, libero professionista.<\/p>\n<p>In effetti:<\/p>\n<ul>\n<li>il notaio pu\u00f2 anche essere chiamato a fungere da consulente legale del cliente; egli pertanto pu\u00f2 assumere informazioni circa la solvibilit\u00e0 di una persona o agire da mediatore in una transazione, oppure consigliare il cliente circa rapporti familiari o finanziari.\u00a0<strong>E\u2019 escluso che l\u2019Autorit\u00e0 consolare possa svolgere attivit\u00e0 analoghe<\/strong>. Il suo consiglio, se richiesto, deve essere limitato al campo giuridico, con particolare riguardo alla validit\u00e0 degli atti che gli si domanda di ricevere. La sua assistenza deve limitarsi alla legalit\u00e0 degli atti prospettati e non alla loro utilit\u00e0 economica.<\/li>\n<li>il notaio pu\u00f2 essere a volte il mandatario del cliente rispetto alla pubblicit\u00e0 e alla esecuzione di formalit\u00e0 relative agli atti da lui ricevuti.\u00a0<strong>Nessuna attivit\u00e0 di tale natura pu\u00f2, invece, essere svolta dal capo della Rappresentanza consolare<\/strong>.<\/li>\n<li>mentre il notaio ha diritto ad un onorario,\u00a0<strong>tutti gli atti consolari sono soggetti unicamente alla tassa indicata nella Tariffa consolare<\/strong>.<\/li>\n<\/ul>\n<p>Gli appuntamenti per i servizi notarli vengono dati direttamente alla Cancelleria consolare successivamente alla visione della documentazione che deve essere inviata via posta elettronica alla casella postale: <a href=\"mailto:consolato.copenaghen@esteri.it\">consolato.copenaghen@esteri.it<\/a><\/p>\n<p><strong>Domande frequenti:<\/strong><\/p>\n<ol>\n<li><strong>Chi pu\u00f2 richiedere un servizio notarile?<\/strong>\n<ul>\n<li>Le funzioni in materia notarile possono essere esercitate esclusivamente nei confronti dei cittadini italiani.<\/li>\n<\/ul>\n<\/li>\n<li><strong>Quali sono i servizi notarili pi\u00f9 frequentemente richiesti ad un Ufficio Consolare?<\/strong>\n<ul>\n<li>I servizi notarili pi\u00f9 frequentemente richiesti ad un Ufficio Consolare sono: procure speciali e generali; autentica notarile di firma su scrittura privata; testamenti.<\/li>\n<\/ul>\n<\/li>\n<li><strong>Quali documenti di devono inviare per una Procura in forma di \u201catto pubblico\u201d?:<\/strong>\n<ul>\n<li>Per le Procure in forma di \u201catto pubblico\u201d, prima di prendere appuntamento si chiede di inviare a\u00a0<a href=\"mailto:consolato.copenaghen@esteri.it\">consolato.copenaghen@esteri.it<\/a> :\n<ul>\n<li>Fotocopia di un documento di riconoscimento valido (preferibilmente carta di identit\u00e0) del mandante;<\/li>\n<li>Fotocopia del tesserino del codice fiscale o tessera sanitaria italiana del mandante;<\/li>\n<li>Fotocopia di un documento di riconoscimento valido (preferibilmente carta di identit\u00e0) del mandatario;<\/li>\n<li>Fotocopia del tesserino del codice fiscale o tessera sanitaria italiana del mandatario (qualora nell\u2019atto notarile venga menzionato il codice fiscale);<\/li>\n<li>Visura catastale se l\u2019atto si riferisce a beni immobili;<\/li>\n<li>Si consiglia inviare bozza del testo della procura<\/li>\n<\/ul>\n<\/li>\n<\/ul>\n<\/li>\n<li><strong>Perch\u00e9 devo inviare la bozza del testo della procura?<\/strong>\n<ul>\n<li>L\u2019Ufficio Consolare ha il compito istituzionale di documentazione, certificazione e attribuzione della pubblica fede agli atti,\u00a0<strong>non svolge consulenza legale,<\/strong>\u00a0pertanto per la preparazione della documentazione, data la complessit\u00e0 della materia, si consiglia di consultarsi preventivamente con il legale o notaio che in Italia dovr\u00e0 ricevere l\u2019atto firmato presso l\u2019Ufficio Consolare, per avere da questi indicazioni su eventuali specifici contenuti che l\u2019atto stesso dovr\u00e0 riportare).<\/li>\n<\/ul>\n<\/li>\n<li><strong>Quali documenti devo inviare per richiedere l\u2019autenticazione notarile di firma su scrittura privata?:<\/strong>\n<ul>\n<li>Fotocopia di un documento di riconoscimento valido del mandante (preferibile carta di identit\u00e0);<\/li>\n<li>Fotocopia del codice fiscale o tessera sanitaria italiana del mandante;<\/li>\n<li>Fotocopia di un documento di riconoscimento valido (preferibilmente carta di identit\u00e0) del mandatario;<\/li>\n<li>Fotocopia del tesserino del codice fiscale o tessera sanitaria italiana del mandatario (qualora nell\u2019atto notarile venga menzionato il codice fiscale);<\/li>\n<li>Visura catastale se l\u2019atto si riferisce a beni immobili;<\/li>\n<li>Testo della scrittura privata (procura)<\/li>\n<\/ul>\n<\/li>\n<li><strong>Come si prende appuntamento e quali sono le tempistiche?<\/strong>\n<ul>\n<li>Una volta avuta conferma sulla completezza della documentazione previamente inviata a <a href=\"mailto:consolato.copenaghen@esteri.it\">consolato.copenaghen@esteri.it<\/a>, l&#8217;ufficio notarile, in base alla complessit\u00e0 dell\u2019atto da produrre, proporr\u00e0 all&#8217;interessato la prima data disponibile.<\/li>\n<li>Il rilascio delle procure e degli atti notarili \u00e8 soggetto al versamento delle relative tariffe consolari.<\/li>\n<\/ul>\n<\/li>\n<li><strong>Posso rivolgermi anche ad un notaio locale?<\/strong>\n<ul>\n<li>Il cittadino italiano in Danimarca pu\u00f2, solo in caso di scritture private o autentiche di firma, rivolgersi ad un pubblico notaio ufficialmente accreditato nel Paese. Avendo la Danimarca aderito alla\u00a0 Convenzione relativa alla soppressione della legalizzazione di atti negli Stati membri delle Comunit\u00e0 europee (Bruxelles, 25 maggio 1987), non vi sar\u00e0 bisogno di far apporre sul documento l\u2019\u00abapostille\u00bb.<\/li>\n<\/ul>\n<\/li>\n<\/ol>\n<p><strong>Informazioni generale sugli atti notarili<\/strong><\/p>\n<p>Per informazioni generali (in italiano) sugli atti notarili all\u2019estero\u00a0<a href=\"https:\/\/www.esteri.it\/it\/servizi-consolari-e-visti\/italiani-all-estero\/attinotarili\/\">clicca qui per accedere alla relativa pagina\u00a0del sito del Ministero degli Affari Esteri e della Cooperazione Internazionale.<\/a><\/p>\n","protected":false},"excerpt":{"rendered":"La Cancelleria Consolare esercita \u2013 esclusivamente nei confronti di cittadini italiani che si trovano all\u2019estero in via permanente o temporanea, e in via prioritaria per quelli iscritti all\u2019AIRE\u00a0\u2013 alcune funzioni notarili previste dal nostro ordinamento. Essenzialmente si tratta del ricevimento di atti pubblici (procure, testamenti), di atti notori, di autenticazioni e di sottoscrizioni apposte a [&hellip;]","protected":false},"author":1,"featured_media":0,"parent":47,"menu_order":15,"comment_status":"closed","ping_status":"closed","template":"","meta":{"footnotes":""},"class_list":["post-71","page","type-page","status-publish","hentry"],"_links":{"self":[{"href":"https:\/\/ambcopenaghen.esteri.it\/it\/wp-json\/wp\/v2\/pages\/71","targetHints":{"allow":["GET"]}}],"collection":[{"href":"https:\/\/ambcopenaghen.esteri.it\/it\/wp-json\/wp\/v2\/pages"}],"about":[{"href":"https:\/\/ambcopenaghen.esteri.it\/it\/wp-json\/wp\/v2\/types\/page"}],"author":[{"embeddable":true,"href":"https:\/\/ambcopenaghen.esteri.it\/it\/wp-json\/wp\/v2\/users\/1"}],"replies":[{"embeddable":true,"href":"https:\/\/ambcopenaghen.esteri.it\/it\/wp-json\/wp\/v2\/comments?post=71"}],"version-history":[{"count":6,"href":"https:\/\/ambcopenaghen.esteri.it\/it\/wp-json\/wp\/v2\/pages\/71\/revisions"}],"predecessor-version":[{"id":5241,"href":"https:\/\/ambcopenaghen.esteri.it\/it\/wp-json\/wp\/v2\/pages\/71\/revisions\/5241"}],"up":[{"embeddable":true,"href":"https:\/\/ambcopenaghen.esteri.it\/it\/wp-json\/wp\/v2\/pages\/47"}],"wp:attachment":[{"href":"https:\/\/ambcopenaghen.esteri.it\/it\/wp-json\/wp\/v2\/media?parent=71"}],"curies":[{"name":"wp","href":"https:\/\/api.w.org\/{rel}","templated":true}]}}