{"id":694,"date":"2023-08-11T15:27:22","date_gmt":"2023-08-11T13:27:22","guid":{"rendered":"https:\/\/ambcopenaghen.esteri.it\/?page_id=694"},"modified":"2023-08-11T15:28:01","modified_gmt":"2023-08-11T13:28:01","slug":"studiare-in-danimarca","status":"publish","type":"page","link":"https:\/\/ambcopenaghen.esteri.it\/it\/italia-e-danimarca\/diplomazia-culturale\/studiare-in-danimarca\/","title":{"rendered":"Studiare in Danimarca"},"content":{"rendered":"<h4><strong>Scuole internazionali a Copenaghen<\/strong><\/h4>\n<p>Esistono varie scuole internazionali in Danimarca e a Copenaghen in particolare.<\/p>\n<p>Le maggiori sono:<\/p>\n<div><a href=\"http:\/\/WWW.RYGAARDS.COM\">RYGAARDS SKOLE<\/a><\/div>\n<div><a href=\"https:\/\/www.copenhageninternational.school\/\" target=\"_blank\" rel=\"noopener\">COPENHAGEN INTERNATIONAL SCHOOL<\/a><br \/>\n<a href=\"https:\/\/www.ish.dk\/\">INTERNATIONAL SCHOOL OF HELLERUP<\/a><\/div>\n<div>\n<p>\u00e8 possibile visualizzare una lista completa sul sito del <a href=\"https:\/\/eng.uvm.dk\/upper-secondary-education\/international-upper-secondary-schools\">Ministero della Pubblica Istruzione Danese<\/a>.<\/p>\n<\/div>\n<p>&nbsp;<\/p>\n<h4><strong>Le Universit\u00e0 in Danimarca<\/strong><\/h4>\n<p>Le principali universit\u00e0 in Danimarca sono le seguenti:<\/p>\n<ul>\n<li>University of Copenhagen (KU)<\/li>\n<li>Copenhagen Business School (CBS)<\/li>\n<li>IT University of Copenhagen (ITU)<\/li>\n<li>Roskilde University (RUC)<\/li>\n<li>Technical University of Denmark (DTU)<\/li>\n<li>University of Copenhagen (UCPH)<\/li>\n<li>University of Southern Denmark (SDU)<\/li>\n<li>Aalborg University (AAU)<\/li>\n<li>Aarhus University (AU)<\/li>\n<\/ul>\n<p>per tutte le informazioni su come studiare in Danimarca:\u00a0<strong><a href=\"http:\/\/studyindenmark.dk\/\">StudyinDenmark<\/a><\/strong><\/p>\n","protected":false},"excerpt":{"rendered":"Scuole internazionali a Copenaghen Esistono varie scuole internazionali in Danimarca e a Copenaghen in particolare. Le maggiori sono: RYGAARDS SKOLE COPENHAGEN INTERNATIONAL SCHOOL INTERNATIONAL SCHOOL OF HELLERUP \u00e8 possibile visualizzare una lista completa sul sito del Ministero della Pubblica Istruzione Danese. &nbsp; Le Universit\u00e0 in Danimarca Le principali universit\u00e0 in Danimarca sono le seguenti: University [&hellip;]","protected":false},"author":6,"featured_media":0,"parent":44,"menu_order":5,"comment_status":"closed","ping_status":"closed","template":"","meta":{"footnotes":""},"class_list":["post-694","page","type-page","status-publish","hentry"],"_links":{"self":[{"href":"https:\/\/ambcopenaghen.esteri.it\/it\/wp-json\/wp\/v2\/pages\/694","targetHints":{"allow":["GET"]}}],"collection":[{"href":"https:\/\/ambcopenaghen.esteri.it\/it\/wp-json\/wp\/v2\/pages"}],"about":[{"href":"https:\/\/ambcopenaghen.esteri.it\/it\/wp-json\/wp\/v2\/types\/page"}],"author":[{"embeddable":true,"href":"https:\/\/ambcopenaghen.esteri.it\/it\/wp-json\/wp\/v2\/users\/6"}],"replies":[{"embeddable":true,"href":"https:\/\/ambcopenaghen.esteri.it\/it\/wp-json\/wp\/v2\/comments?post=694"}],"version-history":[{"count":1,"href":"https:\/\/ambcopenaghen.esteri.it\/it\/wp-json\/wp\/v2\/pages\/694\/revisions"}],"predecessor-version":[{"id":695,"href":"https:\/\/ambcopenaghen.esteri.it\/it\/wp-json\/wp\/v2\/pages\/694\/revisions\/695"}],"up":[{"embeddable":true,"href":"https:\/\/ambcopenaghen.esteri.it\/it\/wp-json\/wp\/v2\/pages\/44"}],"wp:attachment":[{"href":"https:\/\/ambcopenaghen.esteri.it\/it\/wp-json\/wp\/v2\/media?parent=694"}],"curies":[{"name":"wp","href":"https:\/\/api.w.org\/{rel}","templated":true}]}}