{"id":684,"date":"2023-08-11T12:30:25","date_gmt":"2023-08-11T10:30:25","guid":{"rendered":"https:\/\/ambcopenaghen.esteri.it\/?page_id=684"},"modified":"2025-02-21T16:27:40","modified_gmt":"2025-02-21T14:27:40","slug":"dichiarazioni-di-valore","status":"publish","type":"page","link":"https:\/\/ambcopenaghen.esteri.it\/it\/servizi-consolari-e-visti\/servizi-per-il-cittadino-italiano\/dichiarazioni-di-valore\/","title":{"rendered":"Dichiarazioni di valore"},"content":{"rendered":"<p>I titoli di studio stranieri non sono automaticamente riconosciuti in Italia. Per informazioni riguardo alla procedura da seguire e all&#8217;autorit\u00e1 italiana competente per la valutazione e il riconoscimento del titolo estero \u00e9 possibile consultare i seguenti siti web:<\/p>\n<ul>\n<li><a href=\"https:\/\/www.miur.gov.it\/equipollenze\" target=\"_blank\" rel=\"noopener\">Ministero dell&#8217;Istruzione, dell&#8217;Universit\u00e1 e della Ricerca (MIUR)<\/a><\/li>\n<li><a href=\"https:\/\/www.cimea.it\/\" target=\"_blank\" rel=\"noopener\">Centro di Informazione sulla Mobilit\u00e0 e le Equivalenze Accademiche (CIMEA)<\/a><\/li>\n<\/ul>\n<p>&nbsp;<\/p>\n<p>La \u201dDichiarazione di Valore\u201d \u00e8 un documento che attesta il valore di un titolo di studio conseguito in un sistema di istruzione diverso da quello italiano. I Titoli di studio o professionali conseguiti all\u2019estero non sono automaticamente riconosciuti in Italia, vale a dire che non hanno alcun valore legale. Pertanto, la Dichiarazione di Valore ha l\u2019unico scopo di descrivere il valore acquisito dal Titolo di studio nel Paese di origine e, ai fini del riconoscimento o dell\u2019equipollenza dei titoli o affinch\u00e9 si intenda spendere i titoli nei rapporti con le pubbliche Amministrazioni o per l\u2019esercizio di professioni regolamentate, essa deve essere presentata alle competenti Autorit\u00e0 italiane, vale a dire:<br \/>\n-le istituzioni scolastiche (nel caso in cui gli studi scolastici obbligatori debbano essere ancora ultimati);<br \/>\n-gli Ambiti Territoriali (ex Uffici scolastici provinciali) per i diplomi di livello pre-universitario;<br \/>\n-gli Atenei, per ottenere l\u2019equipollenza delle Lauree estere;<br \/>\n-il Ministero dell\u2019istruzione, Universit\u00e0 e Ricerca per l\u2019equipollenza accademica dei dottorati (Ph.D.) esteri;<br \/>\n-i vari Ministeri per quanto concerne i riconoscimenti professionali (ai fini dell\u2019esercizio di professioni regolamentate).<br \/>\nFonte: <a href=\"https:\/\/www.miur.gov.it\/dichiarazione-di-valore\" target=\"_blank\" rel=\"noopener\">Miur.gov.it<\/a><\/p>\n<p>Ulteriori informazioni sulle procedure di riconoscimento titoli conseguiti all&#8217;estero sono reperibili sul sito <a href=\"http:\/\/www.cimea.it\/it\/index.aspx\" target=\"_blank\" rel=\"noopener\">Cimea.it<\/a><\/p>\n<p>&#8212;&#8212;&#8212;&#8212;&#8212;&#8212;<\/p>\n<h4>Documentazione necessaria<\/h4>\n<p>Al fine di ottenere la Dichiarazione di Valore per un titolo di studio conseguito in Danimarca, \u00e9 necessario far pervenire a questa Cancelleria Consolare la seguente documentazione:<\/p>\n<p align=\"justify\"><strong>1)<\/strong> <a href=\"https:\/\/ambcopenaghen.esteri.it\/wp-content\/uploads\/2023\/08\/formulario_richiesta_dv.pdf\" target=\"_blank\" rel=\"noopener\">Formulario di richiesta<\/a><\/p>\n<p align=\"justify\"><strong>2)<\/strong> Copia di Passaporto o Carta d\u2019Identit\u00e1 del richiedente;<\/p>\n<p align=\"justify\"><strong>3)<\/strong> Tutte le pagine del Diploma danese in originale, compreso lista degli esami sostenuti ed i voti conseguiti. Qualora l\u2019interessato non desiderasse consegnare l\u2019originale, potrebbe richiedere all\u2019Universit\u00e0\/Istituto che ha rilasciato il diploma una copia conforme cartacea (certified true copy\/bekr\u00e6ftet kopi) nuovamente firmata, datata e timbrata.<\/p>\n<p align=\"justify\"><strong>4)<\/strong> Traduzione ufficiale dal danese all\u2019italiano del documento descritto nel punto 3) realizzata da un traduttore riconosciuto in Danimarca. Per la lista dei traduttori ufficiali cliccare <a href=\"https:\/\/ambcopenaghen.esteri.it\/it\/servizi-consolari-e-visti\/servizi-per-il-cittadino-italiano\/traduzione-e-legalizzazione-dei-documenti\/\"><strong>Qui<\/strong><\/a><strong>.<\/strong> Un pagamento di 179,00 DKK verr\u00e1 richiesto per la legalizzazione della firma del traduttore.<\/p>\n<p align=\"justify\">OPPURE<\/p>\n<p align=\"justify\">Nel caso il diploma sia in lingua inglese, \u00e9 possibile optare per una traduzione dall\u2019inglese all\u2019italiano effettuata in Italia\u00a0con asseverazione di traduzione in tribunale.<\/p>\n<p align=\"justify\"><strong>5)<\/strong> Copia del diploma che ha permesso l\u2019accesso al corso di studi in questione (non necessita di traduzione).<\/p>\n<p align=\"justify\">SOLO NEL CASO SI RICHIEDA LA DV PER LAUREA TRIENNALE O SPECIALISTICA:<br \/>\n<strong>6)<\/strong> Il Diploma Supplement redatto in inglese, in originale oppure copia conforme cartacea ( non necessita di traduzione).<\/p>\n<p align=\"justify\">SOLO NEL CASO SI RICHIEDA LA DV PER DOTTORATO:<br \/>\n<strong>7)<\/strong> Una lettera redatta in inglese e su carta intestata (da richiedere all\u2019universit\u00e1\/istituto che ha rilasciato il diploma)\u00a0dove si\u00a0attestano:<br \/>\n&#8211; le date di inizio e di fine del dottorato;<br \/>\n&#8211; l&#8217;elenco dei crediti acquisiti;<br \/>\n&#8211; che il corso \u00e8 stato a tempo pieno e della durata minima di tre anni.<\/p>\n<p align=\"justify\">SPEDIZIONE:<br \/>\n<strong>8)<\/strong> Busta preaffrancata per l\u2019invio tramite posta raccomandata Postnord (qualora i documenti, una volta perfezionati, non venissero ritirati personalmente presso la Cancelleria Consolare). \u00e9\u00a0possibile acquistare il francobollo per <em>Recommended Letter \/\u00a0<\/em><em>Rekommanderet Brev<\/em> su\u00a0<a href=\"https:\/\/www.postnord.dk\/en\/tools\/postage-calculator\">https:\/\/www.postnord.dk\/en\/tools\/postage-calculator<\/a>\u00a0indicando:<\/p>\n<p align=\"justify\">Mittente: Ambasciata d\u2019Italia.\u00a0\u00d8stergade 24B, 2. th\u00a01100 K\u00f8benhavn K<br \/>\nDestinatario: il suo indirizzo<\/p>\n<p align=\"justify\">In alternativa \u00e8 possibile prenotare il ritiro della documentazione tramite un corriere a scelta presso la Cancelleria Consolare, \u00d8stergade 24B, 2. th 1100 Copenaghen K (orario 9:30-16:00 dal luned\u00ec al venerd\u00ec non festivi). In questo caso dopo aver ricevuto conferma tramite email che la procedura di emissione della Dichiarazione di valore \u00e8 stata ultimata, dovr\u00e0 mandarci via email, con almeno un giorno di anticipo, la lettera di vettura da apporre sulla busta.<\/p>\n<p>&#8212;&#8212;&#8212;&#8212;&#8212;&#8212;&#8212;&#8212;<\/p>\n<p>La documentazione cartacea sopra elencata deve essere inviata tramite posta ordinaria o corriere all\u2019Ambasciata d\u2019Italia &#8211;\u00a0Cancelleria Consolare sita in \u00d8stergade 24 B, 2. th, 1100 Copenaghen K. Dal momento della ricezione dei documenti l\u2019Ambasciata ha a disposizione circa sei settimane per l\u2019elaborazione della dichiarazione di valore.<\/p>\n<p>Se la Dichiarazione di valore viene richiesta:<br \/>\n\u2022 per motivi di studio, il servizio \u00e8 gratuito per tutti i cittadini stranieri e per i cittadini italiani residenti all&#8217;estero in grado di dimostrare la propria residenza all&#8217;estero al momento della domanda.<br \/>\n\u2022 per motivi di lavoro, il servizio \u00e8 a pagamento (373 DKK), sia per i cittadini italiani che per i cittadini stranieri.<\/p>\n<p>Dopo la ricezione della documentazione completa, per poter procedere con l\u2019emissione della dichiarazione verr\u00e1 richiesto tramite email il pagamento e verranno fornite le coordinate bancarie.<\/p>\n","protected":false},"excerpt":{"rendered":"I titoli di studio stranieri non sono automaticamente riconosciuti in Italia. Per informazioni riguardo alla procedura da seguire e all&#8217;autorit\u00e1 italiana competente per la valutazione e il riconoscimento del titolo estero \u00e9 possibile consultare i seguenti siti web: Ministero dell&#8217;Istruzione, dell&#8217;Universit\u00e1 e della Ricerca (MIUR) Centro di Informazione sulla Mobilit\u00e0 e le Equivalenze Accademiche (CIMEA) [&hellip;]","protected":false},"author":6,"featured_media":0,"parent":47,"menu_order":34,"comment_status":"closed","ping_status":"closed","template":"","meta":{"footnotes":""},"class_list":["post-684","page","type-page","status-publish","hentry"],"_links":{"self":[{"href":"https:\/\/ambcopenaghen.esteri.it\/it\/wp-json\/wp\/v2\/pages\/684","targetHints":{"allow":["GET"]}}],"collection":[{"href":"https:\/\/ambcopenaghen.esteri.it\/it\/wp-json\/wp\/v2\/pages"}],"about":[{"href":"https:\/\/ambcopenaghen.esteri.it\/it\/wp-json\/wp\/v2\/types\/page"}],"author":[{"embeddable":true,"href":"https:\/\/ambcopenaghen.esteri.it\/it\/wp-json\/wp\/v2\/users\/6"}],"replies":[{"embeddable":true,"href":"https:\/\/ambcopenaghen.esteri.it\/it\/wp-json\/wp\/v2\/comments?post=684"}],"version-history":[{"count":6,"href":"https:\/\/ambcopenaghen.esteri.it\/it\/wp-json\/wp\/v2\/pages\/684\/revisions"}],"predecessor-version":[{"id":3455,"href":"https:\/\/ambcopenaghen.esteri.it\/it\/wp-json\/wp\/v2\/pages\/684\/revisions\/3455"}],"up":[{"embeddable":true,"href":"https:\/\/ambcopenaghen.esteri.it\/it\/wp-json\/wp\/v2\/pages\/47"}],"wp:attachment":[{"href":"https:\/\/ambcopenaghen.esteri.it\/it\/wp-json\/wp\/v2\/media?parent=684"}],"curies":[{"name":"wp","href":"https:\/\/api.w.org\/{rel}","templated":true}]}}