{"id":67,"date":"2023-04-11T18:17:44","date_gmt":"2023-04-11T16:17:44","guid":{"rendered":"https:\/\/ambasciatapraga.esteri.it\/?page_id=67"},"modified":"2025-12-17T16:49:02","modified_gmt":"2025-12-17T14:49:02","slug":"emergency-travel-documents-etd","status":"publish","type":"page","link":"https:\/\/ambcopenaghen.esteri.it\/it\/servizi-consolari-e-visti\/servizi-per-il-cittadino-italiano\/emergency-travel-documents-etd\/","title":{"rendered":"Emergency Travel Documents (ETD)"},"content":{"rendered":"<p><strong>Emergency Travel Document (Etd) &#8211; <\/strong><strong>Documento di viaggio provvisorio<\/strong><\/p>\n<p>In caso di furto o smarrimento di documenti\u00a0 avvenuto su suolo danese si raccomanda di effettuare quanto prima apposita denuncia presso la pi\u00f9 vicina stazione di Polizia. In ogni caso, una volta rientrati in Italia, tale denuncia dovr\u00e0 essere registrata presso le Autorit\u00e0 competenti.<\/p>\n<p>Per trovare la <strong>stazione di polizia pi\u00f9 vicina<\/strong>, si prega di consultare questo link:<\/p>\n<p><a href=\"https:\/\/politi.dk\/kontakt-politiet\/find-politistation\">https:\/\/politi.dk\/kontakt-politiet\/find-politistation<\/a><\/p>\n<p>Tra le stazioni di polizia danese site in centro a Copenaghen, si segnalano:<\/p>\n<p>Stazione centrale di Copenaghen: <strong>K\u00f8benhanvs Hovedbaneg\u00e5rd Politiekspedition <\/strong>(K\u00f8benhavns Hovedbaneg\u00e5rd, Baneg\u00e5rdspladsen 1, 1570\u00a0<span class=\"body-text-arial-bold dark-blue\">K\u00f8benhavn V)<\/span><\/p>\n<p>Si segnala inoltre la stazione di polizia presente all\u2019aeroporto di Copenaghen-Katrup:\u00a0<strong>K\u00f8benhanvs Lufthavn Politiekspedition<\/strong> (Petersdalvej <span class=\"body-text-arial-bold dark-blue\">1A, <\/span>2770\u00a0<span class=\"body-text-arial-bold dark-blue\">Kastrup)<\/span><\/p>\n<p>&nbsp;<\/p>\n<p>Le Rappresentanze consolari italiane possono rilasciare un documento provvisorio di viaggio (ETD \u2013 Emergency Travel Document) della validit\u00e0 massima di 7 giorni a partire dalla data di rilascio e <u>valido unicamente per il rientro nel Paese di residenza<\/u>.<\/p>\n<p><strong>A CHI RIVOLGERSI<\/strong>\u00a0:<\/p>\n<p>Per ottenere il rilascio di un ETD occorre presentarsi \u00a0in Cancelleria Consolare (\u00d8stergade 24B, 1100 K\u00f8benhavn), \u00a0senza appuntamento, \u00a0durante gli orari di apertura al pubblico : luned\u00ec \u2013 venerd\u00ec\u00a0 dalle 9.30 alle 12.30 e gioved\u00ec anche dalle 14.00 alle 15.30.<\/p>\n<p>Solo in casi di particolare urgenza, gli ETD potranno essere rilasciati al di fuori dei suddetti orari o nel fine settimana, e comunque non oltre le ore 17:00.<\/p>\n<p><strong><em><u>IMPORTANTE:<\/u><\/em><\/strong><em> in caso di smarrimento o furto del documento di identit\u00e0 necessario al rimpatrio durante il fine settimana, si invitano connazionali innanzitutto a <strong>contattare urgentemente la propria compagnia di volo<\/strong> al fine di verificare la possibilit\u00e0 di rientro con la sola denuncia di smarrimento\/furto, quale sostituto della propria carta di identit\u00e0\/passaporto.<\/em><\/p>\n<p>&nbsp;<\/p>\n<p><strong>DOCUMENTAZIONE DA PRESENTARE<\/strong>\u00a0:<\/p>\n<p>Per ottenere il rilascio di un ETD bisogna presentarsi in Cancelleria Consolare con la seguente documentazione:<\/p>\n<ul>\n<li>denuncia di furto o smarrimento del passaporto o della carta di identit\u00e0 effettuata presso la locale Autorit\u00e0 di Polizia;<\/li>\n<li>2 fotografie formato tessera (uguali, frontali, a colori);<\/li>\n<li>biglietto aereo (o di altro mezzo di trasporto) con la data di partenza confermata;<\/li>\n<li>ove possibile, fotocopia del documento smarrito\/rubato o di qualsiasi altro documento contenente dati personali, foto e firma (ad es. la patente) o, in alternativa, presenza di almeno un testimone (maggiorenne), munito di documento d\u2019identit\u00e0 in corso di validit\u00e0, che sia in grado di identificare il richiedente. Qualora nessuna di queste opzioni sia praticabile, la Cancelleria Consolare potr\u00e0 richiedere conferma dei dati anagrafici della persona al Comune italiano di residenza, ma tale verifica potrebbe richiedere lunghi tempi di elaborazione.<\/li>\n<\/ul>\n<p><strong>MINORI NON ACCOMPAGNATI<\/strong>\u00a0\u2013 Per i minori non accompagnati dai genitori occorre presentare la dichiarazione di accompagnamento che indichi il nominativo dell\u2019adulto cui sono affidati\u00a0 oppure l\u2019assenso dei genitori corredato di copia dei documenti di questi ultimi.<\/p>\n<p>&nbsp;<\/p>\n","protected":false},"excerpt":{"rendered":"Emergency Travel Document (Etd) &#8211; Documento di viaggio provvisorio In caso di furto o smarrimento di documenti\u00a0 avvenuto su suolo danese si raccomanda di effettuare quanto prima apposita denuncia presso la pi\u00f9 vicina stazione di Polizia. In ogni caso, una volta rientrati in Italia, tale denuncia dovr\u00e0 essere registrata presso le Autorit\u00e0 competenti. Per trovare [&hellip;]","protected":false},"author":1,"featured_media":0,"parent":47,"menu_order":9,"comment_status":"closed","ping_status":"closed","template":"","meta":{"footnotes":""},"class_list":["post-67","page","type-page","status-publish","hentry"],"_links":{"self":[{"href":"https:\/\/ambcopenaghen.esteri.it\/it\/wp-json\/wp\/v2\/pages\/67","targetHints":{"allow":["GET"]}}],"collection":[{"href":"https:\/\/ambcopenaghen.esteri.it\/it\/wp-json\/wp\/v2\/pages"}],"about":[{"href":"https:\/\/ambcopenaghen.esteri.it\/it\/wp-json\/wp\/v2\/types\/page"}],"author":[{"embeddable":true,"href":"https:\/\/ambcopenaghen.esteri.it\/it\/wp-json\/wp\/v2\/users\/1"}],"replies":[{"embeddable":true,"href":"https:\/\/ambcopenaghen.esteri.it\/it\/wp-json\/wp\/v2\/comments?post=67"}],"version-history":[{"count":6,"href":"https:\/\/ambcopenaghen.esteri.it\/it\/wp-json\/wp\/v2\/pages\/67\/revisions"}],"predecessor-version":[{"id":5076,"href":"https:\/\/ambcopenaghen.esteri.it\/it\/wp-json\/wp\/v2\/pages\/67\/revisions\/5076"}],"up":[{"embeddable":true,"href":"https:\/\/ambcopenaghen.esteri.it\/it\/wp-json\/wp\/v2\/pages\/47"}],"wp:attachment":[{"href":"https:\/\/ambcopenaghen.esteri.it\/it\/wp-json\/wp\/v2\/media?parent=67"}],"curies":[{"name":"wp","href":"https:\/\/api.w.org\/{rel}","templated":true}]}}