{"id":609,"date":"2023-08-07T11:45:12","date_gmt":"2023-08-07T09:45:12","guid":{"rendered":"https:\/\/ambcopenaghen.esteri.it\/?page_id=609"},"modified":"2026-01-23T15:35:05","modified_gmt":"2026-01-23T13:35:05","slug":"faq-domande-frequenti","status":"publish","type":"page","link":"https:\/\/ambcopenaghen.esteri.it\/it\/servizi-consolari-e-visti\/servizi-per-il-cittadino-italiano\/faq-domande-frequenti\/","title":{"rendered":"FAQ &#8211; Domande Frequenti"},"content":{"rendered":"<div><a href=\"https:\/\/www.esteri.it\/it\/sportello_info\/domandefrequenti\/\">Link per le FAQ Domande Frequenti del MAECI<\/a><\/div>\n<div><\/div>\n<div class=\"sr-only\">&gt; Domande pi\u00f9 frequenti: A.I.R.E.<\/div>\n<div class=\"sr-only\">&gt; Domande pi\u00f9 frequenti: Patenti<\/div>\n<div class=\"sr-only\">&gt; Domande pi\u00f9 frequenti: Enti italiani<\/div>\n<div class=\"sr-only\">&gt; Domande pi\u00f9 frequenti: Trasferirsi in Danimarca<\/div>\n<div class=\"sr-only\">&gt; Domande pi\u00f9 frequenti: Scuole internazionali<\/div>\n<div>\n<h4><a name=\"faq_aire\"><\/a>A.I.R.E.<\/h4>\n<p><strong>Che cos&#8217;\u00e8 l&#8217;AIRE?<\/strong><br \/>\nL\u2019AIRE, istituita nel 1988, \u00e8 l\u2019anagrafe della popolazione italiana residente all\u2019estero ed \u00e9 parte integrante dell&#8217;anagrafe di ciascun Comune italiano. E\u00b4 uno schedario che contiene i dati di tutti i cittadini che risiedono all\u2019estero per un periodo superiore ai dodici mesi. Ogni Comune, infatti, possiede al proprio interno due distinti schedari: l\u2019Anagrafe della Popolazione Residente (\u201cAPR\u201d che, quando viviamo in Italia, ci emette i normali certificati di nascita, morte, residenza, ecc&#8230;) e quella denominata &#8220;Anagrafe Italiani Residenti all&#8217;Estero (AIRE)&#8221;, che gestisce gli atti dei propri cittadini che risiedono all&#8217;estero.<\/p>\n<p><strong>\u00c8\u00a0un dovere?<\/strong><br \/>\nSi. I cittadini italiani hanno il dovere di iscriversi all\u2019AIRE e di tenerla aggiornata, presentandosi appena possibile in Consolato per tutti i necessari adempimenti. La Legge di Bilancio 2024 ha misure pi\u00f9 severe per chi, spostando anche solo di fatto la propria residenza all\u2019estero, non ottemperi all\u2019iscrizione all\u2019AIRE,\u00a0 conferendo ai Comuni italiani la possibilit\u00e0 di erogare una sanzione che va da un minimo di 200 Euro fino ad un massimo di 1.000 Euro, a persona, per ogni anno di mancata iscrizione all\u2019AIRE e fino ad un massimo di 5 anni.<\/p>\n<p><strong>Perch\u00e9 \u00e8 importante iscriversi all\u2019AIRE?<\/strong><br \/>\nPer poter usufruire dei servizi del Consolato. Ad esempio, solo ai cittadini iscritti, nel rispetto dei termini di legge, \u00e8 rilasciato il passaporto, concesso un sussidio, consegnato un certificato di stato civile, emessa una procura o il certificato per il rimpatrio, l\u2019autentica di firme etc.. Iscriversi \u00e8 inoltre importante perch\u00e9 il Comune italiano deve essere sempre aggiornato sul luogo in cui si trova un proprio cittadino al fine di fornirgli anche i servizi dall\u2019Italia ed inviargli tutte le comunicazioni che lo riguardano. In definitiva, l\u2019iscrizione all\u2019AIRE consente allo Stato italiano di:<\/p>\n<ul>\n<li>erogare i servizi e gli interventi di assistenza previsti per i cittadini italiani residenti all\u2019estero;<\/li>\n<li>garantire l\u2019esercizio dei diritti politici (il voto e le candidature per gli organismi rappresentativi);<\/li>\n<li>programmare in modo pi\u00f9 razionale gli interventi della Pubblica Amministrazione a favore delle comunit\u00e0 all\u2019estero.<\/li>\n<\/ul>\n<p>&nbsp;<\/p>\n<p><strong>Chi deve iscriversi all\u2019AIRE?<\/strong><br \/>\nSi devono iscrivere:<\/p>\n<ul>\n<li>i cittadini italiani che hanno trasferito la loro residenza all\u2019estero;<\/li>\n<li>le persone nate all\u2019estero che hanno acquistato la cittadinanza italiana per nascita;<\/li>\n<li>le persone che hanno acquisito la cittadinanza italiana all\u2019estero.<\/li>\n<\/ul>\n<p>Per residenza, si intende il luogo in cui una persona ha la propria dimora abituale, cio\u00e8 quello in cui trascorre la maggior parte del proprio tempo. In caso di dubbio o di risultanze contrastanti sulla residenza all\u2019estero, l\u2019Ufficio Consolare anche con la collaborazione delle Autorit\u00e0 locali accerta la veridicit\u00e0 della dichiarazione resa e provvede ai conseguenti adempimenti.<\/p>\n<p><strong>Chi non deve iscriversi all\u2019AIRE?<\/strong><\/p>\n<p>I cittadini che si recano all\u2019estero temporaneamente o stagionalmente per una durata non superiore ai dodici mesi, e i dipendenti di ruolo dello Stato italiano (purch\u00e9 notificati ai sensi delle Convenzioni di Vienna del 1961 e del 1963 sulle relazioni diplomatiche e consolari).<\/p>\n<p><strong>Come ci si iscrive all\u2019AIRE?<\/strong><\/p>\n<p>\u00c8 possibile iscriversi direttamente <a href=\"https:\/\/serviziconsolari.esteri.it\/home\">online<\/a>, allegando i seguenti documenti:<\/p>\n<ul>\n<li>documento di riconoscimento italiano (Passaporto e\/o Carta d&#8217;Identit\u00e0);<\/li>\n<li>Prova di residenza in Danimarca <strong>contenente l&#8217;indirizzo di residenza e il nome del richiedente<\/strong> <em>(Sundhedskort\/<\/em>Yellow Card CPR, bolletta, comunicazioni ufficiali);<\/li>\n<li>Modulo di iscrizione all&#8217;AIRE autogenerato dal sito.<\/li>\n<\/ul>\n<p>La predetta documentazione \u00e8 richiesta <strong>per ognuno dei componenti il nucleo familiare<\/strong>. Il Consolato, qualora abbia accertato autonomamente l\u2019effettiva residenza della persona, pu\u00f2 procedere anche d\u2019ufficio ed anche senza una diretta iniziativa da parte del cittadino interessato. In ogni caso, il cittadino sar\u00e0 informato dell&#8217;avvenuta iscrizione all&#8217;A.I.R.E. per mezzo di un atto del Comune, che gli sar\u00e0 notificato direttamente.<\/p>\n<p>In alternativa, la richiesta di iscrizione all&#8217;AIRE pu\u00f2 essere formulata tramite il Consolato che, dopo avere constatato l&#8217;effettiva permanente residenza in Danimarca, provveder\u00e0 ad inoltrarla al Comune italiano competente (di ultima residenza o di origine della famiglia). In questo caso si deve compilare l&#8217;apposito <a href=\"https:\/\/ambcopenaghen.esteri.it\/wp-content\/uploads\/2023\/08\/MODULO-ISCRIZIONE-AIRE.pdf\">MODULO ISCRIZIONE AIRE<\/a> da compilare e inviare firmato all&#8217;indirizzo <a href=\"mailto:consolato.copenaghe@esteri.it\">consolato.copenaghe@esteri.it<\/a> congiuntamente con i documenti richiesti sopra.<\/p>\n<p><strong>Quando si devono comunicare le variazioni sopravvenute?<\/strong><\/p>\n<ul>\n<li>I cittadini italiani che trasferiscono la loro residenza da una circoscrizione ad un&#8217;altra hanno l&#8217;obbligo di comunicare entro 90 giorni il nuovo domicilio, dichiarando la composizione del proprio nucleo familiare.<\/li>\n<li>I cittadini italiani che risiedono nella circoscrizione consolare hanno l&#8217;obbligo di comunicare entro 90 giorni il loro cambiamento di indirizzo.<\/li>\n<li>I cittadini italiani che hanno fissato la residenza all&#8217;estero da oltre 90 giorni devono aggiornare presso l&#8217;Ufficio Consolare il loro indirizzo.<\/li>\n<\/ul>\n<p><strong>L\u2019AIRE va periodicamente aggiornato?<\/strong><\/p>\n<p>Si. Ogni cittadino italiano residente all\u2019estero deve comunicare al competente Ufficio Consolare: il trasferimento della residenza o dell\u2019abitazione; le modifiche dello stato civile (matrimoni, divorzi, nascite, morti, ecc.); il cambiamento della qualifica professionale e del titolo di studio; ogni altra modifica anagrafica. Inoltre, i cittadini italiani sono tenuti ad avvertire il Consolato quando rientrano definitivamente in Italia e quando perdono la cittadinanza italiana. La tempestiva comunicazione al Consolato dei cambiamenti riguardanti la propria situazione anagrafica \u2013 oltre ad essere un dovere del cittadino \u2013 consentir\u00e0 agli Uffici italiani di mantenere sempre aggiornate le informazioni riguardanti i cittadini residenti all&#8217;estero, facilitando sia l\u2019erogazione di tutti i servizi eventualmente richiesti in Italia o all&#8217;estero, sia il contatto fra Consolato e cittadini qui residenti.<\/p>\n<p><strong>Cosa comporta essere iscritto all&#8217;AIRE? Il cittadini \u00e8 pi\u00f9 tutelato?<\/strong><br \/>\nPer avere accesso ai servizi consolari, bisogna essere residenti ed iscritti all&#8217;AIRE. Il cittadino \u00e8 dunque pi\u00f9 tutelato grazie all&#8217;iscrizione ed all&#8217;aggiornamento della sua situazione anagrafica. Potr\u00e0 chiedere il rilascio del passaporto, l&#8217;assistenza sociale, potr\u00e0 votare via posta nei casi previsti dalla legge, ecc.<\/p>\n<p><strong>Si perdono i diritti in Italia? <\/strong><br \/>\nLa modifica della propria residenza comporta variazioni nei propri diritti, che non significano necessariamente diminuzione degli stessi. Per maggiori approfondimenti, si deve fare rinvio ai singoli settori di interesse (sanitario, fiscale, pensionistico, ecc\u2026), visto il carattere estremamente tecnico delle questioni.<\/p>\n<p><strong>Perch\u00e9 alcune persone non si iscrivono?<br \/>\n<\/strong>Perch\u00e9 non sono adeguatamente informate e perch\u00e9 la materia ha comunque aspetti tecnici.<\/p>\n<p>&nbsp;<\/p>\n<h4><a name=\"faq_patenti\"><\/a>Patenti<a name=\"faq_patenti\"><\/a><\/h4>\n<p><strong>Posso rinnovare la mia patente italiana presso l&#8217;Ufficio Consolare a Copenaghen?<\/strong><\/p>\n<div><span style=\"font-family: Times New Roman,serif; font-size: medium;\"><span style=\"color: black; font-family: Calibri,sans-serif;\">No. In conformit\u00e0 con la vigente normativa europea (Direttiva Europea 91\/439\/CEE del 21\/07\/1991) e le disposizioni nazionali in materia (Circolare del Ministero delle Infrastrutture e dei Trasporti n. 30 del 21 maggio 1999), i cittadini italiani residenti all\u2019estero in un paese dell\u2019Unione Europea e che sono regolarmente iscritti all\u2019Anagrafe Italiani Residenti all\u2019Estero (AIRE) devono rivolgersi, in vista del rinnovo della loro patente, esclusivamente alle autorit\u00e0 del Paese di residenza che provvederanno alla conversione della stessa.<\/span><\/span><\/div>\n<div><span style=\"font-family: Times New Roman,serif; font-size: medium;\"><span style=\"color: black; font-family: Calibri,sans-serif;\">Pertanto, se il cittadino italiano \u00e8 stabilmente residente in Danimarca, egli potr\u00e0 rinnovare la sua patente presso il Servizio ai Cittadini (<em>Borgerservice)<\/em> del comune di appartenenza in Danimarca. Se invece non \u00e8 iscritto all\u2019AIRE e, pur trascorrendo alcuni periodi all\u2019estero, ha mantenuto la propria residenza in Italia, egli dovr\u00e0 rivolgersi all\u2019Ufficio della Motorizzazione che in Italia ne ha effettuato il rilascio. Ulteriori informazioni sono disponibili al seguente <a href=\"https:\/\/fstyr.dk\/da\/K%C3%B8rekort\/Borger\/Nyt-k%C3%B8rekort-og-ombytning\/Internationale-k%C3%B8rekort-og-udland#\" target=\"_blank\" rel=\"noopener\">link<\/a>.\u00a0<\/span><\/span><\/div>\n<h4><a name=\"faq_enti\"><\/a>Enti italiani\u00a0in Danimarca<\/h4>\n<p><strong>Esistono enti o associazioni italiani in Danimarca?<\/strong><br \/>\nS\u00ec, gli enti principali italiani\u00a0in Danimarca sono:<\/p>\n<p><strong>Com.It.Es.<br \/>\n<\/strong>I\u00a0Com.It.Es. sono organi elettivi che rappresentano le esigenze dei cittadini italiani residenti all&#8217;estero nei rapporti con gli Uffici consolari, con i quali collaborano per individuare le necessit\u00e0 di natura sociale, culturale e civile della collettivit\u00e0 italiana.<br \/>\nI Com.It.Es., in collaborazione, oltre che con le Rappresentanze diplomatico-consolari, anche con le Regioni e le autonomie locali, nonch\u00e9 con Enti e Associazioni operanti nella circoscrizione consolare, promuovono, nell&#8217;interesse della collettivit\u00e0 italiana, tutte quelle iniziative ritenute opportune in materia di vita sociale e culturale, assistenza sociale e scolastica, formazione professionale, settore ricreativo e tempo libero.<br \/>\nI Com.It.Es., d&#8217;intesa con l&#8217;Autorit\u00e0 diplomatico-consolare, possono rappresentare le istanze della collettivit\u00e0 italiana residente nella circoscrizione alle Autorit\u00e0 e alle Istituzioni locali.<br \/>\nLa rappresentanza diplomatico-consolare rende partecipe il Comitato degli incontri ufficiali con le autorit\u00e0 locali sulle questioni di interesse della comunit\u00e0 rappresentata, con esclusione di quelle che attengono ai rapporti tra Stati.<br \/>\nNella circoscrizione Consolare in Danimarca opera un Com.It.Es., con sede a Copenaghen. Le elezioni dei componenti del\u00a0Com.It.Es. si sono svolte nell&#8217;aprile 2015. Per informazioni sulla composizione e le attivit\u00e0 del\u00a0Com.It.Es. Danimarca si pu\u00f2 consultare il sito <a href=\"http:\/\/www.comites.dk\">www.comites.dk<\/a>.<\/p>\n<p>&nbsp;<\/p>\n<p><strong>COMITATO PRO SCUOLA,<\/strong> <span style=\"color: black; font-family: Calibri,sans-serif;\">Pres. Chiara Giani,\u00a0email:\u00a0<\/span><a href=\"mailto:cgiani@ish.dk\" target=\"_blank\" rel=\"noopener noreferrer\">cgiani@ish.dk<\/a><\/p>\n<p><strong><a href=\"http:\/\/www.dante-alighieri.dk\/?page_id=13\">DANTE ALIGHIERI \u00c5rhus<\/a><\/strong>, <span style=\"color: black; font-family: Calibri,sans-serif;\">\u00a0<\/span><span style=\"color: black; font-family: Calibri,sans-serif;\">c\/o Institut for Sprog, litteratur og kultur Afd. for Klassisk og Romansk Aarhus Universitet,\u00a0<\/span><a href=\"mailto:mail@dante-alighieri.dk\" target=\"_blank\" rel=\"noopener noreferrer\"><span style=\"font-family: Calibri,sans-serif;\">mail@dante-alighieri.dk<\/span><\/a><br \/>\n<strong><a href=\"http:\/\/www.dante-alighieri.dk\/?page_id=14\">DANTE ALIGHIERI Copenaghen<\/a><\/strong>, <span style=\"color: black; font-family: Calibri,sans-serif;\">Pres. Pinuccia Panzeri,\u00a0<\/span><a href=\"mailto:info@dante-alighieri-cph.dk\" target=\"_blank\" rel=\"noopener noreferrer\"><span style=\"font-family: Calibri,sans-serif;\">info@dante-alighieri-cph.dk<\/span><\/a><br \/>\n<strong><a href=\"http:\/\/www.dante-alighieri.dk\/?page_id=15\">DANTE ALIGHIERI Odense<\/a><\/strong>, <span style=\"color: black; font-family: Calibri,sans-serif;\">Pres.\u00a0Solveig Bennike, Tel. 31257225,\u00a0<\/span><a href=\"mailto:bennikesolveig@gmail.com\" target=\"_blank\" rel=\"noopener noreferrer\"><span style=\"font-family: Calibri,sans-serif;\">bennikesolveig@gmail.com<\/span><\/a><\/p>\n<p><strong>PATRONATO INCA<\/strong> <strong>&#8211; CGIL<\/strong> di riferimento per la Danimarca: BELLMANSGATAN 15 1 TR, 11847 STOCCOLMA Tel. 0046760072582 <a href=\"mailto:stoccolma.svezia@inca.it\">stoccolma.svezia@inca.it<\/a><\/p>\n<p>&nbsp;<\/p>\n<h4><a id=\"faq_trasferirsi\" name=\"faq_trasferirsi\"><\/a>Trasferirsi in Danimarca<\/h4>\n<p><strong>In Danimarca il livello medio di vita \u00e8 elevato ed esiste un\u2019ampia offerta relativa a studi e specializzazioni. Dato che la maggior parte della popolazione danese ha una conoscenza elevata della lingua inglese, i cittadini italiani con un buon livello d&#8217;inglese, hanno accesso a diversi settori lavorativi e risultano facilitati nel processo d&#8217;integrazione nel tessuto sociale danese.\u00a0<\/strong><\/p>\n<p>Per maggiori informazioni sulle procedure, siti utili e suggerimenti vari consultare\u00a0<strong>questa scheda<\/strong>.<\/p>\n<p>Il Comune di Copenaghen ha istituito un apposito servizio informativo, chiamato &#8220;<strong><a href=\"http:\/\/ihcph.kk.dk\/\">International House Copenhagen<\/a><\/strong>&#8220;:<\/p>\n<p>Per informazioni relative alla sicurezza, ai documenti necessari, alla situazione sanitaria, alla viabilit\u00e0 ed altro consultare <a href=\"http:\/\/www.viaggiaresicuri.it\/?danimarca\">Viaggiare Sicuri<\/a>.<\/p>\n<h4><a id=\"faq_scuole\" name=\"faq_scuole\"><\/a>Scuole internazionali a Copenaghen<\/h4>\n<p><strong>Esistono scuole internazionali a Copenaghen?<\/strong><br \/>\nS\u00ec, esistono varie scuole internazionali in Danimarca e a Copenaghen in particolare.<\/p>\n<div>\n<p>\u00c8 possibile visualizzare una lista completa delle scuole internazionali sul sito del <a href=\"https:\/\/eng.uvm.dk\/upper-secondary-education\/international-upper-secondary-schools\">Ministero della Pubblica Istruzione Danese<\/a>.<\/p>\n<\/div>\n<\/div>\n","protected":false},"excerpt":{"rendered":"Link per le FAQ Domande Frequenti del MAECI &gt; Domande pi\u00f9 frequenti: A.I.R.E. &gt; Domande pi\u00f9 frequenti: Patenti &gt; Domande pi\u00f9 frequenti: Enti italiani &gt; Domande pi\u00f9 frequenti: Trasferirsi in Danimarca &gt; Domande pi\u00f9 frequenti: Scuole internazionali A.I.R.E. Che cos&#8217;\u00e8 l&#8217;AIRE? L\u2019AIRE, istituita nel 1988, \u00e8 l\u2019anagrafe della popolazione italiana residente all\u2019estero ed \u00e9 parte [&hellip;]","protected":false},"author":4,"featured_media":0,"parent":47,"menu_order":1,"comment_status":"closed","ping_status":"closed","template":"","meta":{"footnotes":""},"class_list":["post-609","page","type-page","status-publish","hentry"],"_links":{"self":[{"href":"https:\/\/ambcopenaghen.esteri.it\/it\/wp-json\/wp\/v2\/pages\/609","targetHints":{"allow":["GET"]}}],"collection":[{"href":"https:\/\/ambcopenaghen.esteri.it\/it\/wp-json\/wp\/v2\/pages"}],"about":[{"href":"https:\/\/ambcopenaghen.esteri.it\/it\/wp-json\/wp\/v2\/types\/page"}],"author":[{"embeddable":true,"href":"https:\/\/ambcopenaghen.esteri.it\/it\/wp-json\/wp\/v2\/users\/4"}],"replies":[{"embeddable":true,"href":"https:\/\/ambcopenaghen.esteri.it\/it\/wp-json\/wp\/v2\/comments?post=609"}],"version-history":[{"count":6,"href":"https:\/\/ambcopenaghen.esteri.it\/it\/wp-json\/wp\/v2\/pages\/609\/revisions"}],"predecessor-version":[{"id":5150,"href":"https:\/\/ambcopenaghen.esteri.it\/it\/wp-json\/wp\/v2\/pages\/609\/revisions\/5150"}],"up":[{"embeddable":true,"href":"https:\/\/ambcopenaghen.esteri.it\/it\/wp-json\/wp\/v2\/pages\/47"}],"wp:attachment":[{"href":"https:\/\/ambcopenaghen.esteri.it\/it\/wp-json\/wp\/v2\/media?parent=609"}],"curies":[{"name":"wp","href":"https:\/\/api.w.org\/{rel}","templated":true}]}}