{"id":502,"date":"2023-08-03T14:25:30","date_gmt":"2023-08-03T12:25:30","guid":{"rendered":"https:\/\/ambcopenaghen.esteri.it\/?page_id=502"},"modified":"2026-01-23T15:42:19","modified_gmt":"2026-01-23T13:42:19","slug":"carta-didentita","status":"publish","type":"page","link":"https:\/\/ambcopenaghen.esteri.it\/it\/servizi-consolari-e-visti\/servizi-per-il-cittadino-italiano\/carta-didentita\/","title":{"rendered":"Carta d&#8217;Identit\u00e0"},"content":{"rendered":"<p><span style=\"text-decoration: underline;\"><strong>SI INFORMANO I CITTADINI ITALIANI RESIDENTI IN DANIMARCA CHE IL 3 AGOSTO 2026 CESSERANNO DI ESSERE VALIDE LE CARTE DI IDENTIT<\/strong><strong>\u00c0 CARTACEE, IN LINEA CON LE NORMATIVE UE SUI DOCUMENTI DI RICONOSCIMENTO E DI VIAGGIO.<\/strong><\/span><\/p>\n<p><strong><span style=\"text-decoration: underline;\">SI INVITANO PERTANTO TUTTI I DETENTORI DI TALI DOCUMENTI A PRENDERE URGENTEMENTE UN APPUNTAMENTO PER RICHIEDERE LA SOSTITUZIONE CON CARTA DI IDENTIT\u00c0 ELETTRONICA TRAMITE IL PORTALE <a href=\"https:\/\/prenotami.esteri.it\/\"><em>PRENOT@MI<\/em>.<\/a> <\/span>\u00a0<\/strong><\/p>\n<p>&nbsp;<\/p>\n<p>&nbsp;<\/p>\n<p><strong>CARTA DI IDENTIT\u00c0 ELETTRONICA (CIE)<\/strong><\/p>\n<p>La carta d&#8217;identit\u00e0 elettronica \u00e8 un documento multifunzionale: attesta l\u2019identit\u00e0 del cittadino, \u00e8 un documento di viaggio, riporta il codice fiscale e si pu\u00f2 utilizzare per richiedere un\u2019identit\u00e0 sul sistema SPID (Sistema Pubblico di Identit\u00e0 Digitale) con cui accedere ai Servizi erogati dalle Pubbliche Amministrazioni Italiane. Viene rilasciata a favore di tutti i cittadini italiani ed equivale al passaporto ai fini dell&#8217;espatrio negli Stati membri dell&#8217;Unione Europea, negli Stati dello Spazio Schengen (UE, Islanda, Norvegia, Svizzera, Liechtenstein) ed in quelli in cui vigono particolari accordi internazionali.<\/p>\n<p>&nbsp;<\/p>\n<p>La carta d&#8217;identit\u00e0 elettronica viene rilasciata esclusivamente ai cittadini Italiani regolarmente residenti nella circoscrizione consolare di Ambasciata d\u2019Italia a Copenaghen, che siano gi\u00e0 registrati in A.I.R.E. (Anagrafe degli Italiani Residenti all\u2019Estero).<\/p>\n<p>La nuova carta di identit\u00e0 elettronica si pu\u00f2 richiedere anche prima della scadenza della propria carta d\u2019identit\u00e0 cartacea (o elettronica di vecchia generazione) oppure in seguito a smarrimento, furto o deterioramento.<\/p>\n<p>Ai fini dell\u2019emissione della carta d\u2019identit\u00e0 \u00e8 indispensabile, per i cittadini Italiani nati all\u2019estero, che il relativo atto di nascita risulti gi\u00e0 trascritto nei registri di Stato Civile del Comune di riferimento, in quanto gli estremi della trascrizione devono essere riportati sulla CIE.<\/p>\n<p>\u00c8 altres\u00ec indispensabile possedere il codice fiscale validato dall\u2019Agenzia delle Entrate. Qualora il connazionale non sia in possesso di un codice fiscale o quest\u2019ultimo non sia stato validato, sar\u00e0 cura della Cancelleria consolare richiederlo tramite l\u2019Agenzia delle Entrate.<\/p>\n<p>&nbsp;<\/p>\n<p><strong>MODALIT\u00c0 DI RICHIESTA<\/strong><\/p>\n<p>La richiesta della carta d&#8217;identit\u00e0 elettronica deve essere presentata utilizzando il portale Prenot@Mi. La piattaforma Prenot@Mi \u00e8 un sistema digitale di prenotazione del proprio appuntamento, per ottenere la carta d\u2019identit\u00e0 elettronica (CIE) presso la Cancelleria Consolare di Copenaghen.<\/p>\n<p>Cliccare<a href=\"https:\/\/prenotami.esteri.it\/\" target=\"_blank\" rel=\"noopener\"> QUI <\/a>per visualizzare il sito &#8220;PRENOT@MI&#8221;. Prima di avviare la navigazione si consiglia l\u2019attenta lettura del <a href=\"https:\/\/ambcopenaghen.esteri.it\/wp-content\/uploads\/2023\/08\/Manuale-PrenotaMi.pdf\" target=\"_blank\" rel=\"noopener\">manuale utente.<\/a><\/p>\n<p>Dopo la registrazione sulla piattaforma Prenot@mi, si accede alla pagina dei servizi attivati, si seleziona il servizio richiesto e si compila la pagina inserendo i dati della persona che deve ottenere il servizio (il cosiddetto \u201crichiedente\u201d). Pertanto, se l\u2019appuntamento \u00e8 per rinnovare la carta di un bambino, anche se colui che materialmente prenota l\u2019appuntamento \u00e8 il genitore, nei dati dell\u2019appuntamento bisogner\u00e0 indicare i dati del bambino. Per le donne coniugate: occorre inserire le generalit\u00e0 anagrafiche da nubile. Sulla Carta d\u2019identit\u00e0 elettronica non \u00e8 indicato lo stato civile del titolare e, per le donne coniugate, NON pu\u00f2 essere indicato il nome del coniuge.<\/p>\n<p>Si acceder\u00e0 quindi al calendario degli appuntamenti e si potr\u00e0 selezionare una data utile.<\/p>\n<p>Si precisa che dal momento della richiesta alla data fissata per l\u2019appuntamento trascorrono almeno 15 giorni, necessari per consentire all\u2019Ufficio consolare di effettuare il controllo dei dati anagrafici, risolvere eventuali disallineamenti e verificare che non sussistano cause ostative al rilascio del documento. Nel caso in cui, a seguito delle verifiche, emergessero elementi ostativi al rilascio della CIE, sar\u00e0 cura di questa Cancelleria Consolare informarne l\u2019interessato anche ai fini della cancellazione dell\u2019appuntamento. A causa dell\u2019elevata richiesta di CIE, qualora non vi siano appuntamenti disponibili, si prega di ricollegarsi nei giorni successivi per poter accedere ad un appuntamento disponibile.<\/p>\n<p>&nbsp;<\/p>\n<p><strong>APPUNTAMENTO E DOCUMENTAZIONE DA PRESENTARE IL GIORNO DELL&#8217;APPUNTAMENTO<\/strong><\/p>\n<p><u>Per cittadini maggiorenni:<\/u><\/p>\n<p>&#8211; 1 Fototessera, in formato cartaceo dello stesso tipo di quelle utilizzate per il passaporto (Criteri ICAO);<\/p>\n<p>&#8211; Carta d\u2019identit\u00e0 precedente, anche se scaduta. Se non \u00e8 in possesso di questa, si necessita di altro documento di riconoscimento ai sensi del D.P.R. 445\/2000 (il passaporto, la patente di guida, la patente nautica, il libretto di pensione, il patentino di abilitazione alla conduzione di impianti termici, il porto d\u2019armi, le tessere di riconoscimento, purch\u00e9 munite di fotografia e di timbro o di altra segnatura equivalente, rilasciate da un\u2019amministrazione dello Stato). In caso di assenza di documento, il richiedente dovr\u00e0 presentarsi accompagnato da due testimoni;<\/p>\n<p>&#8211; Dichiarazione di assenza di cause ostative al rilascio della CIE (Link) (Legge. n. 1185\/1967 come modificata dal D.L 13 giugno 2023, n.69), ovvero un autodichiarazione da firmare direttamente in Cancelleria Consolare;<\/p>\n<p>&#8211; L\u2019originale della denuncia presentata presso le autorit\u00e0 di Pubblica Sicurezza, in caso di furto o smarrimento della precedente carta di identit\u00e0.<\/p>\n<p><u>Per cittadini minorenni:<\/u><\/p>\n<p>&#8211; 1 Fototessera, in formato cartaceo dello stesso tipo di quelle utilizzate per il passaporto (Criteri ICAO);<\/p>\n<p>&#8211; Carta d\u2019identit\u00e0 precedente. Se non \u00e8 in possesso di questa, si necessita di altro documento di riconoscimento ai sensi del D.P.R. 445\/2000. In caso di assenza di documento, il richiedente dovr\u00e0 presentarsi accompagnato da due testimoni;<\/p>\n<p>&#8211; Modulo per il rilascio CIE a minori, firmato da entrambi genitori <a href=\"https:\/\/ambcopenaghen.esteri.it\/wp-content\/uploads\/2024\/10\/modulo_rilascio_carta-di-identita_a_minori.pdf\">(scaricabile <\/a><span style=\"text-decoration: underline;\">QUI)<\/span> Se uno dei genitori \u00e8 cittadino non UE, dovr\u00e0 firmare in presenza.<\/p>\n<p>&#8211; l\u2019originale della denuncia presentata presso le autorit\u00e0 di Pubblica Sicurezza, in caso di furto o smarrimento della precedente carta di identit\u00e0.<\/p>\n<p>NB: Il rilascio della carta d\u2019identit\u00e0 a favore di minori nati in Danimarca o all\u2019estero non potr\u00e0 avvenire se non si \u00e8 prima proceduto alla trascrizione della nascita presso il competente Comune italiano ed alla contestuale iscrizione all\u2019A.I.R.E. Pertanto si suggerisce di provvedere immediatamente dopo la nascita di un figlio alla trascrizione della nascita ed iscrizione all\u2019AIRE, in quanto solo dopo tali trascrizioni da parte del Comune italiano sar\u00e0 possibile ottenere il rilascio della carta d\u2019identit\u00e0.<\/p>\n<p>Al momento dell\u2019appuntamento l\u2019operatore consolare acquisir\u00e0 la foto e, ad eccezione dei minori di 12 anni, le impronte digitali e la firma, che saranno registrate in sicurezza all\u2019interno del microchip presente nella propria CIE e non depositate in nessun altro luogo.<\/p>\n<p>Si informa che non \u00e8 possibile scattare le fotografie presso la Cancelleria Consolare.<\/p>\n<p><strong>COSTO<\/strong><\/p>\n<p>Il costo del documento \u00e8 di:<\/p>\n<p>&#8211; 164,00 DKK complessivi, in caso di prima emissione (CIE) o regolare rinnovo (CIE) causa scadenza;<\/p>\n<p>&#8211; 202,00 DKK complessivi in caso di duplicato causa furto, smarrimento, danneggiamento o richiesta prima dei 180 giorni dalla scadenza.<\/p>\n<p>Il pagamento dovr\u00e0 essere effettuato il giorno dell\u2019appuntamento, in contanti (somma esatta) o con carta di debito \/ credito.<\/p>\n<p><strong>VALIDIT\u00c0 TEMPORALE<\/strong><\/p>\n<p>La validit\u00e0 della carta d\u2019identit\u00e0 varia a seconda all&#8217;et\u00e0 del titolare:<\/p>\n<p>&#8211; 3 anni per minori di et\u00e0 inferiore a 3 anni;<\/p>\n<p>&#8211; 5 anni per i minori di et\u00e0 compresa tra i 3 e i 18 anni;<\/p>\n<p>&#8211; 10 anni per i maggiorenni.<\/p>\n<p><strong>SPEDIZIONE DELLA CARTA D&#8217;IDENTIT\u00c0<\/strong><\/p>\n<p>La carta d\u2019identit\u00e0 elettronica viene prodotta in Italia dall\u2019Istituto Poligrafico e Zecca dello Stato e poi spedita, a mezzo posta, presso l\u2019indirizzo di residenza (o recapito) dichiarato dal richiedente.<\/p>\n<p>In caso di mancata consegna per indirizzo errato, \u00e8 prevista la giacenza presso il locale ufficio postale, al termine della quale il plico viene restituito all\u2019Ufficio consolare di riferimento per un ulteriore tentativo di consegna.<\/p>\n<p>L&#8217;Ufficio si riserva di applicare procedure differenziate rispetto a quelle sopra illustrate, aventi carattere generale.<\/p>\n<p>&nbsp;<\/p>\n","protected":false},"excerpt":{"rendered":"SI INFORMANO I CITTADINI ITALIANI RESIDENTI IN DANIMARCA CHE IL 3 AGOSTO 2026 CESSERANNO DI ESSERE VALIDE LE CARTE DI IDENTIT\u00c0 CARTACEE, IN LINEA CON LE NORMATIVE UE SUI DOCUMENTI DI RICONOSCIMENTO E DI VIAGGIO. SI INVITANO PERTANTO TUTTI I DETENTORI DI TALI DOCUMENTI A PRENDERE URGENTEMENTE UN APPUNTAMENTO PER RICHIEDERE LA SOSTITUZIONE CON CARTA [&hellip;]","protected":false},"author":4,"featured_media":0,"parent":47,"menu_order":7,"comment_status":"closed","ping_status":"closed","template":"","meta":{"footnotes":""},"class_list":["post-502","page","type-page","status-publish","hentry"],"_links":{"self":[{"href":"https:\/\/ambcopenaghen.esteri.it\/it\/wp-json\/wp\/v2\/pages\/502","targetHints":{"allow":["GET"]}}],"collection":[{"href":"https:\/\/ambcopenaghen.esteri.it\/it\/wp-json\/wp\/v2\/pages"}],"about":[{"href":"https:\/\/ambcopenaghen.esteri.it\/it\/wp-json\/wp\/v2\/types\/page"}],"author":[{"embeddable":true,"href":"https:\/\/ambcopenaghen.esteri.it\/it\/wp-json\/wp\/v2\/users\/4"}],"replies":[{"embeddable":true,"href":"https:\/\/ambcopenaghen.esteri.it\/it\/wp-json\/wp\/v2\/comments?post=502"}],"version-history":[{"count":6,"href":"https:\/\/ambcopenaghen.esteri.it\/it\/wp-json\/wp\/v2\/pages\/502\/revisions"}],"predecessor-version":[{"id":5156,"href":"https:\/\/ambcopenaghen.esteri.it\/it\/wp-json\/wp\/v2\/pages\/502\/revisions\/5156"}],"up":[{"embeddable":true,"href":"https:\/\/ambcopenaghen.esteri.it\/it\/wp-json\/wp\/v2\/pages\/47"}],"wp:attachment":[{"href":"https:\/\/ambcopenaghen.esteri.it\/it\/wp-json\/wp\/v2\/media?parent=502"}],"curies":[{"name":"wp","href":"https:\/\/api.w.org\/{rel}","templated":true}]}}