{"id":49,"date":"2023-04-11T18:13:11","date_gmt":"2023-04-11T16:13:11","guid":{"rendered":"https:\/\/ambasciatapraga.esteri.it\/?page_id=49"},"modified":"2026-04-01T15:36:32","modified_gmt":"2026-04-01T13:36:32","slug":"passaporti-e-carte-didentita","status":"publish","type":"page","link":"https:\/\/ambcopenaghen.esteri.it\/it\/servizi-consolari-e-visti\/servizi-per-il-cittadino-italiano\/passaporti-e-carte-didentita\/","title":{"rendered":"Passaporto"},"content":{"rendered":"<p style=\"text-align: justify;\"><strong>RILASCIO DEL PASSAPORTO \u2013 INFORMAZIONI GENERALI<\/strong><\/p>\n<p style=\"text-align: justify;\">Il passaporto elettronico biometrico \u00e8 un documento di viaggio e di riconoscimento valido in tutti i Paesi il cui Governo \u00e8 riconosciuto dall\u2019Italia e le cui caratteristiche di sicurezza risultano conformi alla normativa europea.<\/p>\n<p style=\"text-align: justify;\">Il. P.E. contiene nel chip integrato al proprio interno, registrati in formato digitale:<\/p>\n<ul style=\"text-align: justify;\">\n<li>l\u2019immagine del volto (visibile sullo stesso passaporto)<\/li>\n<li>le impronte digitali (non visibili sul passaporto)<\/li>\n<\/ul>\n<p style=\"text-align: justify;\">La validit\u00e0 temporale del passaporto differisce in base all\u2019et\u00e0 del titolare:<\/p>\n<ul style=\"text-align: justify;\">\n<li>\u00a0per i minori di 3 anni la validit\u00e0 \u00e8 di 3 anni<\/li>\n<li>per i minori dai 3 ai 18 anni la validit\u00e0 \u00e8 di 5 anni<\/li>\n<li>per i maggiorenni la validit\u00e0 \u00e8 di 10 anni<\/li>\n<\/ul>\n<p style=\"text-align: justify;\">Il rilascio del passaporto, nel caso di cittadini iscritti all\u2019A.I.R.E., \u00e8 di competenza dell\u2019Ufficio Consolare nella cui circoscrizione \u00e8 residente il richiedente.<br \/>\nI cittadini italiani, che si trovano temporaneamente in Danimarca, possono eccezionalmente richiedere il rilascio del passaporto all\u2019Ufficio Consolare di Copenaghen, per giustificati e documentati motivi. In tali casi occorre comunque attendere un\u2019autorizzazione denominata \u201cnullaosta e delega\u201d da parte dell\u2019Ufficio competente per il territorio di residenza (Questura, altra Ambasciata o Consolato).<\/p>\n<p style=\"text-align: justify;\"><strong>ATTENZIONE:<\/strong><\/p>\n<p style=\"text-align: justify;\">Per richiedere il passaporto presso l\u2019ufficio Consolare di Copenaghen \u00e8 necessario essere in regola con l\u2019iscrizione all\u2019AIRE. Chi non \u00e8 ancora iscritto, perch\u00e9 precedentemente residente in Italia, oppure chi \u00e8 iscritto presso un altro Ufficio consolare, perch\u00e9 gi\u00e0 residente all\u2019estero ma in altra circoscrizione consolare, deve iscriversi\/aggiornare la propria posizione anagrafica CON ANTICIPO RISPETTO AL GIORNO DELL\u2019APPUNTAMENTO per l\u2019emissione del passaporto tramite il portale FAST IT raggiungibile al link <a href=\"https:\/\/serviziconsolari.esteri.it\/richiesta-servizi\">https:\/\/serviziconsolari.esteri.it\/richiesta-servizi<\/a><\/p>\n<p style=\"text-align: justify;\">Il portale FAST-IT segnaler\u00e0 all\u2019utente quando la richiesta di iscrizione\/aggiornamento \u00e8 stata accettata: lo stato della pratica passer\u00e0 a \u201ctrasmessa al Comune\/definita\u201d.<\/p>\n<p style=\"text-align: justify;\">Anche in caso di variazione del proprio indirizzo di residenza, si dovr\u00e0 effettuare l\u2019aggiornamento dell\u2019indirizzo CON ANTICIPO RISPETTO AL GIORNO DELL\u2019APPUNTAMENTO per l\u2019emissione del passaporto tramite il portale FAST IT raggiungibile al link <a href=\"https:\/\/serviziconsolari.esteri.it\/richiesta-servizi\">https:\/\/serviziconsolari.esteri.it\/richiesta-servizi<\/a>. Il portale FAST-IT segnaler\u00e0 all\u2019utente quando la richiesta di aggiornamento \u00e8 stata accettata: lo stato della pratica passer\u00e0 a \u201cdefinita\u201d.<\/p>\n<p style=\"text-align: justify;\">Il connazionale deve inoltre verificare di aver aggiornato la composizione del proprio nucleo familiare (matrimonio, nascita figli, divorzio, ecc.), presentando i relativi certificati di stato civile. VEDI SEZIONE <a href=\"https:\/\/ambcopenaghen.esteri.it\/it\/servizi-consolari-e-visti\/servizi-per-il-cittadino-italiano\/stato-civile\/\" target=\"_blank\" rel=\"noopener\">STATO CIVILE<\/a><\/p>\n<p style=\"text-align: justify;\"><span style=\"text-decoration: underline;\">Si ricorda che, qualora il cittadino non abbia adempiuto a quanto di suo obbligo prima della <\/span><span style=\"text-decoration: underline;\">presentazione della domanda del passaporto o, perlomeno, contestualmente alla stessa, i tempi di <\/span><span style=\"text-decoration: underline;\">rilascio del passaporto saranno maggiori e potrebbe essere necessario chiedere un nuovo <\/span><span style=\"text-decoration: underline;\">appuntamento attraverso il portale, perdendo cos\u00ec la propria posizione in lista d\u2019attesa.<\/span><\/p>\n<p style=\"text-align: justify;\">In caso di mancata presentazione all\u2019appuntamento previsto per imprevisti o cause ostative importanti, sar\u00e0 necessario avvertire la Cancelleria Consolare <strong>con almeno 24 ore di preavviso<\/strong> e sar\u00e0 possibile, in via eccezionale, riprogrammare l\u2019appuntamento scrivendo a <span style=\"text-decoration: underline;\">pass.copenaghen@esteri.it<\/span> con OGGETTO: MANCATA PRESENTAZIONE. <strong>In caso di <\/strong><strong>mancato preavviso, sar\u00e0 necessario ripetere l\u2019intera procedura sul Portale Prenot@mi, con <\/strong><strong>conseguente allungamento dei tempi di rilascio.<\/strong><\/p>\n<p style=\"text-align: justify;\">Visitare le apposite sezioni nel menu a destra per informazioni pi\u00f9 dettagliate:<\/p>\n<ul>\n<li style=\"text-align: justify;\">Per l\u2019elenco della documentazione necessaria relativa al rilascio del passaporto selezionare \u201c<a href=\"https:\/\/ambcopenaghen.esteri.it\/it\/servizi-consolari-e-visti\/servizi-per-il-cittadino-italiano\/passaporti-e-carte-didentita\/procedura-per-il-rilascio-del-passaporto\/\" target=\"_blank\" rel=\"noopener\">Passaporto per cittadini maggiorenni<\/a>\u201d.<\/li>\n<li style=\"text-align: justify;\">Per le informazioni relative ai passaporti dei cittadini minorenni, selezionare &#8220;<a href=\"https:\/\/ambcopenaghen.esteri.it\/it\/servizi-consolari-e-visti\/servizi-per-il-cittadino-italiano\/passaporti-e-carte-didentita\/passaporto-per-cittadini-minorenni\/\">Passaporto per <\/a>cittadini minorenni\u201d.<\/li>\n<li style=\"text-align: justify;\">Per le informazioni relative alla dichiarazione di accompagnamento, selezionare <a href=\"https:\/\/ambcopenaghen.esteri.it\/it\/servizi-consolari-e-visti\/servizi-per-il-cittadino-italiano\/passaporti-e-carte-didentita\/passaporto-per-cittadini-minorenni\/dichiarazione-di-accompagnamento\/\">&#8220;Dichiarazione di accompagnamento&#8221;<\/a>.<\/li>\n<li style=\"text-align: justify;\">Per altre informazioni relative ai passaporti, come ad esempio furto, smarrimento, esaurimento pagine visti, ritrovamento di passaporti smarriti, consultare la sezione \u201c<a href=\"https:\/\/ambcopenaghen.esteri.it\/it\/servizi-consolari-e-visti\/servizi-per-il-cittadino-italiano\/passaporti-e-carte-didentita\/altre-informazioni-utili-relative-ai-passaporti\/\" target=\"_blank\" rel=\"noopener\">Altre informazioni utili <\/a>relative ai passaporti\u201d.\u2019<\/li>\n<\/ul>\n<p>&nbsp;<\/p>\n<p><strong>MODULISTICA<\/strong><\/p>\n<ul>\n<li><strong>Richiesta emissione passaporto <\/strong>e prenotazione appuntamento esclusivamente tramite il portale Prenot@Mi<strong>: <a href=\"https:\/\/prenotami.esteri.it\/\" target=\"_blank\" rel=\"noopener\">QUI<\/a><br \/>\n<\/strong><\/li>\n<li><strong><a href=\"https:\/\/ambcopenaghen.esteri.it\/wp-content\/uploads\/2023\/08\/formulario_rilascio_passaporto_maggiorenni.pdf\">Domanda per il rilascio del passaporto<\/a> <\/strong><\/li>\n<li><strong><a href=\"https:\/\/ambcopenaghen.esteri.it\/wp-content\/uploads\/2023\/08\/modulo_rilascio_passaporto_a_minori.pdf\">Domanda per il rilascio del passaporto per minori<\/a>\u00a0<\/strong><\/li>\n<li><strong><a href=\"https:\/\/ambcopenaghen.esteri.it\/wp-content\/uploads\/2023\/08\/dichiarazione_accompagnamento-1.doc\">Dichiarazione di accompagnamento per minori<\/a>\u00a0<\/strong><\/li>\n<\/ul>\n<p>&nbsp;<\/p>\n","protected":false},"excerpt":{"rendered":"RILASCIO DEL PASSAPORTO \u2013 INFORMAZIONI GENERALI Il passaporto elettronico biometrico \u00e8 un documento di viaggio e di riconoscimento valido in tutti i Paesi il cui Governo \u00e8 riconosciuto dall\u2019Italia e le cui caratteristiche di sicurezza risultano conformi alla normativa europea. Il. P.E. contiene nel chip integrato al proprio interno, registrati in formato digitale: l\u2019immagine del [&hellip;]","protected":false},"author":1,"featured_media":0,"parent":47,"menu_order":5,"comment_status":"closed","ping_status":"closed","template":"","meta":{"footnotes":""},"class_list":["post-49","page","type-page","status-publish","hentry"],"_links":{"self":[{"href":"https:\/\/ambcopenaghen.esteri.it\/it\/wp-json\/wp\/v2\/pages\/49","targetHints":{"allow":["GET"]}}],"collection":[{"href":"https:\/\/ambcopenaghen.esteri.it\/it\/wp-json\/wp\/v2\/pages"}],"about":[{"href":"https:\/\/ambcopenaghen.esteri.it\/it\/wp-json\/wp\/v2\/types\/page"}],"author":[{"embeddable":true,"href":"https:\/\/ambcopenaghen.esteri.it\/it\/wp-json\/wp\/v2\/users\/1"}],"replies":[{"embeddable":true,"href":"https:\/\/ambcopenaghen.esteri.it\/it\/wp-json\/wp\/v2\/comments?post=49"}],"version-history":[{"count":6,"href":"https:\/\/ambcopenaghen.esteri.it\/it\/wp-json\/wp\/v2\/pages\/49\/revisions"}],"predecessor-version":[{"id":490,"href":"https:\/\/ambcopenaghen.esteri.it\/it\/wp-json\/wp\/v2\/pages\/49\/revisions\/490"}],"up":[{"embeddable":true,"href":"https:\/\/ambcopenaghen.esteri.it\/it\/wp-json\/wp\/v2\/pages\/47"}],"wp:attachment":[{"href":"https:\/\/ambcopenaghen.esteri.it\/it\/wp-json\/wp\/v2\/media?parent=49"}],"curies":[{"name":"wp","href":"https:\/\/api.w.org\/{rel}","templated":true}]}}