{"id":481,"date":"2023-08-03T13:00:08","date_gmt":"2023-08-03T11:00:08","guid":{"rendered":"https:\/\/ambcopenaghen.esteri.it\/?page_id=481"},"modified":"2023-09-12T16:37:30","modified_gmt":"2023-09-12T14:37:30","slug":"assistenza-sanitaria","status":"publish","type":"page","link":"https:\/\/ambcopenaghen.esteri.it\/it\/servizi-consolari-e-visti\/servizi-per-il-cittadino-italiano\/assistenza-sanitaria\/","title":{"rendered":"Assistenza Sanitaria"},"content":{"rendered":"<p>I cittadini italiani stabilmente residenti in Danimarca hanno diritto a beneficiare dell\u2019assistenza sanitaria danese. Preliminarmente, \u00e8 necessario registrarsi presso l\u2019ufficio Folkregister, al fine di ottenere il CPR number (Central Person Register) e la Yellow Card, la tessera sanitaria danese (s). Si pu\u00f2 fare richiesta in ogni momento, ma non prima di un mese dalla<br \/>\ndata del proprio trasferimento in Danimarca. Dopo circa 2-4 settimane dalla registrazione, si ricever\u00e0 la Yellow Card <em>(Sundhedskort)<\/em> presso il proprio indirizzo di residenza.<\/p>\n<p>Al momento della registrazione, \u00e8 possibile scegliere il proprio medico di famiglia secondo due modalit\u00e0:<\/p>\n<p>1) Il medico di base (o \u2018di famiglia\u2019) viene indicato dal Folkeregister e deve essere confermato dal residente, che dopo un anno pu\u00f2 cambiare medico, segnalando il motivo della sua scelta alle autorit\u00e0;<\/p>\n<p>2) \u00e8 possibile non effettuare alcuna scelta del medico. In tale caso, il residente potr\u00e0 rivolgersi di volta in volta a qualsiasi medico di sua scelta, ma dovr\u00e0 corrispondere inizialmente il pagamento dell\u2019onorario, richiedendo successivamente allo Stato il rimborso dei 2\/3 di esso.<\/p>\n<p>&nbsp;<\/p>\n<p>Il sistema sanitario pubblico danese, non dissimile da quello italiano, \u00e8 caratterizzato dai seguenti aspetti fondamentali:<\/p>\n<ul>\n<li>Tutti i residenti in Danimarca (cittadini danesi e stranieri residenti) devono essere obbligatoriamente iscritti;<\/li>\n<li>L\u2019accesso ai servizi \u00e8 generalmente gratuito. Esso \u00e8 finanziato tramite il prelievo fiscale e solo in piccola parte da ulteriori \u2018ticket\u2019 pagati dai singoli cittadini come contributo alla spesa pubblica in medicine, cure dentistiche e altre cure ausiliarie;<\/li>\n<li>Il costo dei farmaci \u00e8 parzialmente rimborsato dallo Stato (dietro apposita richiesta al proprio medico generico), ma solo se tali farmaci sono inclusi in un elenco approvato dall\u2019Autorit\u00e0 sanitaria danese (Sundhedsstyrelsen);<\/li>\n<li>Anziani e le persone in stato di disagio economico sono di norma esentati dal pagamento dei farmaci;<\/li>\n<li>I trattamenti di assistenza dentistica sono gratuiti per tutti i residenti fino ai 18 anni di et\u00e0.<\/li>\n<li>La prescrizione del medico di base \u00e8 sempre necessaria. Questi, dopo una visita, provveder\u00e0 eventualmente a indirizzare il paziente verso prestazioni specialistiche.<\/li>\n<\/ul>\n<p>Il numero telefonico per le emergenze mediche \u00e8 il 112, lo stesso di polizia e vigili del fuoco. In caso di situazioni che non comportino rischio immediati per la salute (ferite o malattie non gravi, il numero da contattare per parlare con un infermiere o un medico \u00e8 il +45 1813.<\/p>\n<p>&nbsp;<\/p>\n<p>I cittadini non residenti in Danimarca, ed in generale tutti coloro che avessero necessit\u00e0 di assistenza medica durante un periodo di vacanza, lavoro o studio senza trasferimento di residenza, dovranno essere muniti della tessera TEAM (Tessera Europea di Assicurazione e Malattia, o European Health Insurance Card), la quale \u00e8 valida in tutta l\u2019Unione Europea e sostituisce i precedenti modelli E110, E111, E119 ed E128. La TEAM d\u00e0 diritto a ricevere le cure mediche necessarie (non solo quelle urgenti) in tutta la UE e nei paesi convenzionati dell\u2019EEA. Non pu\u00f2 per\u00f2 essere utilizzabile per cure programmate di alta specializzazione.<\/p>\n<p>Per maggiori informazioni si rimanda al <a href=\"http:\/\/www.salute.gov.it\/\">sito web del Ministero della Salute<\/a>.<\/p>\n<p>Al tempo stesso, i cittadini italiani residenti in Danimarca, che intendano soggiornare all\u2019estero per un periodo di tempo limitato, debbono munirsi dell\u2019equivalente della tessera TEAM, la Blue European health insurance card. Per informazioni al riguardo, si prega di consultare il sito: <a href=\"https:\/\/lifeindenmark.borger.dk\/healthcare\/\">https:\/\/lifeindenmark.borger.dk\/healthcare\/<\/a><\/p>\n<p>&nbsp;<\/p>\n<p>Si rammenta che i cittadini italiani che trasferiscono la propria residenza all\u2019estero, con iscrizione all\u2019A.I.R.E., perdono il diritto all\u2019assistenza sanitaria italiana. La perdita dell\u2019assistenza sanitaria avviene automaticamente nel momento in cui ci si iscrive all\u2019A.I.R.E. Il Comune Italiano presso cui si era registrati (A.P.R) comunica alla ASL la cancellazione della residenza italiana. Oltre alla cancellazione del medico di base, viene meno la possibilit\u00e0 di acquistare medicinali attraverso il ticket, nonch\u00e8 il diritto all\u2019assistenza sanitaria ospedaliera tramite mutua. In ogni caso, per coloro che &#8211;\u00a0 residenti all\u2019estero ed iscritti A.I.R.E. o soggetti titolari di pensione italiana &#8211; rientrano per un periodo di tempo limitato in Italia, il Servizio Sanitario Nazionale o (SSN) offre assistenza sanitaria d\u2019urgenza con le seguenti limitazioni :<\/p>\n<p>&nbsp;<\/p>\n<ul>\n<li>L\u2019assistenza \u00e8 assicurata per un periodo massimo di 90 giorni nel corso dell\u2019anno solare;<\/li>\n<li>L\u2019assistenza \u00e8 limitata alle sole prestazioni urgenti ospedaliere di malattia, infortunio e maternit\u00e0;<\/li>\n<li>L\u2019assistenza specialistica \u00e8 limitata alle visite ed accertamenti diagnostici nei presidi ed ambulatori pubblici;<\/li>\n<li>L\u2019assistenza ospedaliera \u00e8 limitata alle prestazioni in forma diretta negli ospedali pubblici e strutture convenzionate;<\/li>\n<\/ul>\n<p>&nbsp;<\/p>\n","protected":false},"excerpt":{"rendered":"I cittadini italiani stabilmente residenti in Danimarca hanno diritto a beneficiare dell\u2019assistenza sanitaria danese. Preliminarmente, \u00e8 necessario registrarsi presso l\u2019ufficio Folkregister, al fine di ottenere il CPR number (Central Person Register) e la Yellow Card, la tessera sanitaria danese (s). Si pu\u00f2 fare richiesta in ogni momento, ma non prima di un mese dalla data [&hellip;]","protected":false},"author":4,"featured_media":0,"parent":47,"menu_order":23,"comment_status":"closed","ping_status":"closed","template":"","meta":{"footnotes":""},"class_list":["post-481","page","type-page","status-publish","hentry"],"_links":{"self":[{"href":"https:\/\/ambcopenaghen.esteri.it\/it\/wp-json\/wp\/v2\/pages\/481","targetHints":{"allow":["GET"]}}],"collection":[{"href":"https:\/\/ambcopenaghen.esteri.it\/it\/wp-json\/wp\/v2\/pages"}],"about":[{"href":"https:\/\/ambcopenaghen.esteri.it\/it\/wp-json\/wp\/v2\/types\/page"}],"author":[{"embeddable":true,"href":"https:\/\/ambcopenaghen.esteri.it\/it\/wp-json\/wp\/v2\/users\/4"}],"replies":[{"embeddable":true,"href":"https:\/\/ambcopenaghen.esteri.it\/it\/wp-json\/wp\/v2\/comments?post=481"}],"version-history":[{"count":3,"href":"https:\/\/ambcopenaghen.esteri.it\/it\/wp-json\/wp\/v2\/pages\/481\/revisions"}],"predecessor-version":[{"id":789,"href":"https:\/\/ambcopenaghen.esteri.it\/it\/wp-json\/wp\/v2\/pages\/481\/revisions\/789"}],"up":[{"embeddable":true,"href":"https:\/\/ambcopenaghen.esteri.it\/it\/wp-json\/wp\/v2\/pages\/47"}],"wp:attachment":[{"href":"https:\/\/ambcopenaghen.esteri.it\/it\/wp-json\/wp\/v2\/media?parent=481"}],"curies":[{"name":"wp","href":"https:\/\/api.w.org\/{rel}","templated":true}]}}