{"id":47,"date":"2023-04-11T18:12:24","date_gmt":"2023-04-11T16:12:24","guid":{"rendered":"https:\/\/ambasciatapraga.esteri.it\/?page_id=47"},"modified":"2023-08-07T12:27:27","modified_gmt":"2023-08-07T10:27:27","slug":"servizi-per-il-cittadino-italiano","status":"publish","type":"page","link":"https:\/\/ambcopenaghen.esteri.it\/it\/servizi-consolari-e-visti\/servizi-per-il-cittadino-italiano\/","title":{"rendered":"Servizi per il cittadino italiano"},"content":{"rendered":"<div class=\"col-lg-8\">\n<article id=\"post-83\" class=\"post-83 page type-page status-publish hentry\">\n<div class=\"entry-content\">\n<p style=\"text-align: justify;\">Il Consolato ha il compito di assicurare la tutela degli italiani all\u2019estero ed offre diversi servizi illustrati nel menu a destra.<\/p>\n<p style=\"text-align: justify;\">I servizi devono essere forniti secondo principi di eguaglianza, imparzialit\u00e0, efficienza e trasparenza avendo come obiettivo la tutela dei cittadini italiani rispetto ai diritti fondamentali ed alla libert\u00e0 personale. La tutela riguarda, ad esempio, i casi di decesso, incidente, malattia grave, arresto o detenzione, atti di violenza, assistenza in caso di crisi gravi (catastrofi naturali, disordini civili, conflitti armati, ecc.), rilascio ai cittadini non residenti di documenti di viaggio d\u2019emergenza causa perdita o furto del passaporto.<\/p>\n<p style=\"text-align: justify;\">Per assicurare l\u2019effettivo rispetto dei principi richiamati, l\u2019accesso agli sportelli avviene mediante un sistema di prenotazione online raggiungibile dalla home page. (<a href=\"https:\/\/prenotami.esteri.it\/\" target=\"_blank\" rel=\"noopener\">Prenot@Mi<\/a>)<\/p>\n<p style=\"text-align: justify;\">Poich\u00e9 la collettivit\u00e0 residente \u00e8 particolarmente numerosa, le prenotazioni per alcuni servizi, quali ad esempio l\u2019emissione del passaporto, in\u00a0determinati periodi dell\u2019anno,\u00a0si saturano in breve tempo.<\/p>\n<\/div>\n<footer class=\"entry-footer\"><\/footer>\n<\/article>\n<\/div>\n<aside id=\"secondary\" class=\"widget-area col-lg-4 pl-3 d-none d-lg-block d-xl-block affix-parent\">\n<div class=\"sidebar-wrapper affix-top side-affix\" style=\"text-align: justify;\"><\/div>\n<\/aside>\n","protected":false},"excerpt":{"rendered":"Il Consolato ha il compito di assicurare la tutela degli italiani all\u2019estero ed offre diversi servizi illustrati nel menu a destra. I servizi devono essere forniti secondo principi di eguaglianza, imparzialit\u00e0, efficienza e trasparenza avendo come obiettivo la tutela dei cittadini italiani rispetto ai diritti fondamentali ed alla libert\u00e0 personale. La tutela riguarda, ad esempio, [&hellip;]","protected":false},"author":1,"featured_media":0,"parent":15,"menu_order":0,"comment_status":"closed","ping_status":"closed","template":"","meta":{"footnotes":""},"class_list":["post-47","page","type-page","status-publish","hentry"],"_links":{"self":[{"href":"https:\/\/ambcopenaghen.esteri.it\/it\/wp-json\/wp\/v2\/pages\/47","targetHints":{"allow":["GET"]}}],"collection":[{"href":"https:\/\/ambcopenaghen.esteri.it\/it\/wp-json\/wp\/v2\/pages"}],"about":[{"href":"https:\/\/ambcopenaghen.esteri.it\/it\/wp-json\/wp\/v2\/types\/page"}],"author":[{"embeddable":true,"href":"https:\/\/ambcopenaghen.esteri.it\/it\/wp-json\/wp\/v2\/users\/1"}],"replies":[{"embeddable":true,"href":"https:\/\/ambcopenaghen.esteri.it\/it\/wp-json\/wp\/v2\/comments?post=47"}],"version-history":[{"count":7,"href":"https:\/\/ambcopenaghen.esteri.it\/it\/wp-json\/wp\/v2\/pages\/47\/revisions"}],"predecessor-version":[{"id":421,"href":"https:\/\/ambcopenaghen.esteri.it\/it\/wp-json\/wp\/v2\/pages\/47\/revisions\/421"}],"up":[{"embeddable":true,"href":"https:\/\/ambcopenaghen.esteri.it\/it\/wp-json\/wp\/v2\/pages\/15"}],"wp:attachment":[{"href":"https:\/\/ambcopenaghen.esteri.it\/it\/wp-json\/wp\/v2\/media?parent=47"}],"curies":[{"name":"wp","href":"https:\/\/api.w.org\/{rel}","templated":true}]}}