{"id":4582,"date":"2025-09-19T14:43:48","date_gmt":"2025-09-19T12:43:48","guid":{"rendered":"https:\/\/ambcopenaghen.esteri.it\/?page_id=4582"},"modified":"2025-09-19T14:50:03","modified_gmt":"2025-09-19T12:50:03","slug":"campagna-accertamento-esistenza-in-vita-pensionati-2025-2026","status":"publish","type":"page","link":"https:\/\/ambcopenaghen.esteri.it\/it\/servizi-consolari-e-visti\/servizi-per-il-cittadino-italiano\/pensioni-e-sicurezza-sociale\/campagna-accertamento-esistenza-in-vita-pensionati-2025-2026\/","title":{"rendered":"Campagna accertamento esistenza in vita pensionati 2025-2026"},"content":{"rendered":"<p>Con riferimento al pagamento delle pensioni in favore di pensionati qui residenti, s\u2019informa che a partire dal 17 settembre 2025 l\u2019INPS invier\u00e0 ai pensionati residenti in Danimarca il modulo della richiesta di attestazione dell\u2019esistenza in vita, che dovr\u00e0 essere restituito a Citibank <strong>entro il 15 gennaio 2026<\/strong>\u00a0utilizzando la busta acclusa insieme ad una copia del documento d\u2018identit\u00e0. Prima di essere restituito, il modulo dovr\u00e0 essere controfirmato da un \u201ctestimone accettabile\u201d, cio\u00e8 o dalla Cancelleria Consolare italiana o da un\u2019Autorit\u00e0 locale abilitata a confermare l\u2018esistenza in vita.<\/p>\n<p>Nel caso in cui l\u2019attestazione non sia prodotta in tempo utile, il pagamento della rata di febbraio 2026, laddove possibile, avverr\u00e0 in contanti presso gli sportelli Western Union. In caso di mancata riscossione personale o produzione dell\u2019attestazione di esistenza in vita entro il 19 febbraio 2026, il pagamento delle pensioni sar\u00f2 sospeso a partire dalla rata di marzo 2026.<\/p>\n<p>Nel caso in cui il pensionato si trovi in stato di infermit\u00e0 fisica o mentale, o si tratti di pensionati che risiedono in istituti di riposo o sanitari, pubblici o privati, o di pensionati affetti da patologie che ne impediscano gli spostamenti o di soggetti incapaci o reclusi in istituti di detenzione, \u00e8 necessario contattare il Servizio di supporto di Citi, che render\u00e0 disponibile il modulo alternativo di certificazione di esistenza in vita.<\/p>\n<p><span style=\"text-decoration: underline;\"><strong>Con l\u2019occasione si informa che per l\u2019accertamento dell\u2019esistenza in vita l\u2019accesso alla Cancelleria Consolare (\u00d8stergade 24B, 1100 Copenaghen) \u00e8 consentito anche senza appuntamento durante gli orari di apertura al pubblico (Luned\u00ec &#8211; venerd\u00ec dalle 9.30 alle 12.30 e il gioved\u00ec anche dalle 14.00 alle 15.30).<\/strong><\/span><\/p>\n<p>&nbsp;<\/p>\n<p>&nbsp;<\/p>\n","protected":false},"excerpt":{"rendered":"Con riferimento al pagamento delle pensioni in favore di pensionati qui residenti, s\u2019informa che a partire dal 17 settembre 2025 l\u2019INPS invier\u00e0 ai pensionati residenti in Danimarca il modulo della richiesta di attestazione dell\u2019esistenza in vita, che dovr\u00e0 essere restituito a Citibank entro il 15 gennaio 2026\u00a0utilizzando la busta acclusa insieme ad una copia del [&hellip;]","protected":false},"author":4,"featured_media":0,"parent":72,"menu_order":0,"comment_status":"closed","ping_status":"closed","template":"","meta":{"footnotes":""},"class_list":["post-4582","page","type-page","status-publish","hentry"],"_links":{"self":[{"href":"https:\/\/ambcopenaghen.esteri.it\/it\/wp-json\/wp\/v2\/pages\/4582","targetHints":{"allow":["GET"]}}],"collection":[{"href":"https:\/\/ambcopenaghen.esteri.it\/it\/wp-json\/wp\/v2\/pages"}],"about":[{"href":"https:\/\/ambcopenaghen.esteri.it\/it\/wp-json\/wp\/v2\/types\/page"}],"author":[{"embeddable":true,"href":"https:\/\/ambcopenaghen.esteri.it\/it\/wp-json\/wp\/v2\/users\/4"}],"replies":[{"embeddable":true,"href":"https:\/\/ambcopenaghen.esteri.it\/it\/wp-json\/wp\/v2\/comments?post=4582"}],"version-history":[{"count":2,"href":"https:\/\/ambcopenaghen.esteri.it\/it\/wp-json\/wp\/v2\/pages\/4582\/revisions"}],"predecessor-version":[{"id":4589,"href":"https:\/\/ambcopenaghen.esteri.it\/it\/wp-json\/wp\/v2\/pages\/4582\/revisions\/4589"}],"up":[{"embeddable":true,"href":"https:\/\/ambcopenaghen.esteri.it\/it\/wp-json\/wp\/v2\/pages\/72"}],"wp:attachment":[{"href":"https:\/\/ambcopenaghen.esteri.it\/it\/wp-json\/wp\/v2\/media?parent=4582"}],"curies":[{"name":"wp","href":"https:\/\/api.w.org\/{rel}","templated":true}]}}