{"id":426,"date":"2023-08-02T15:03:14","date_gmt":"2023-08-02T13:03:14","guid":{"rendered":"https:\/\/ambcopenaghen.esteri.it\/?page_id=426"},"modified":"2023-08-02T15:04:49","modified_gmt":"2023-08-02T13:04:49","slug":"accettazione-o-rinuncia-alleredita","status":"publish","type":"page","link":"https:\/\/ambcopenaghen.esteri.it\/it\/servizi-consolari-e-visti\/servizi-per-il-cittadino-italiano\/servizi-notarili\/accettazione-o-rinuncia-alleredita\/","title":{"rendered":"Accettazione o Rinuncia ad Eredit\u00e0"},"content":{"rendered":"<p>Le accettazioni\/rinunce all\u2019eredit\u00e0 vanno fatte con un atto pubblico alla presenza di due testimoni:<\/p>\n<p>In Italia:<\/p>\n<ul>\n<li>da un Notaio oppure<\/li>\n<li>dal Cancelliere del Tribunale del circondario in cui si \u00e8 aperta la successione (Cancelleria della Volontaria Giurisdizione).<\/li>\n<\/ul>\n<p><strong>All\u2019estero:<\/strong><\/p>\n<ul>\n<li><strong>dal Funzionario consolare delegato.<\/strong><\/li>\n<\/ul>\n<p>Per sottoscrivere un atto pubblico di accettazione o di rinuncia all\u2019eredit\u00e0 presso questa Cancelleria Consolare occorre richiedere un appuntamento scrivendo a : <a href=\"mailto:consolato.copenaghen@esteri.it\">consolato.copenaghen@esteri.it<\/a> \u00a0<strong>\u00a0<\/strong><\/p>\n<p><strong>Al fine di richiedere un <\/strong>appuntamento, l\u2019interessato dovr\u00e0 inviare al predetto indirizzo i seguenti documenti:<\/p>\n<ul>\n<li>Copia documento di identit\u00e0 italiano in corso di validit\u00e0 (passaporto o carta d\u2019identit\u00e0) dell\u2019interessato<\/li>\n<li>Codice fiscale dell\u2019interessato<\/li>\n<li>Certificato di morte della persona deceduta<\/li>\n<li>Codice fiscale della persona deceduta<\/li>\n<li>Dovranno inoltre essere forniti i dati relativi alla residenza anagrafica dell\u2019interessato e del defunto<\/li>\n<\/ul>\n<p><strong>N.B.: Nel caso in cui l\u2019accettazione o la rinuncia all\u2019eredit\u00e0 riguardi un minore, sar\u00e0 necessario ottenere un\u2019autorizzazione del Giudice Tutelare.<\/strong><\/p>\n<p>In base al D. Lgs. 71\/2011 il Capo dell\u2019Ufficio Consolare esercita nei confronti dei cittadini minorenni, residenti in questa circoscrizione consolare ed iscritti all\u2019AIRE, le funzioni ed i poteri, in materia di tutela e di curatela, che le leggi dello Stato attribuiscono al giudice tutelare. In tal caso, i genitori o gli esercenti la responsabilit\u00e0 sui figli minori, residenti in questa circoscrizione consolare e iscritti all\u2019AIRE, devono presentare istanza al Capo della Cancelleria Consolare in qualit\u00e0 di giudice tutelare per le accettazioni\/rinunce all\u2019eredit\u00e0.<\/p>\n<ul>\n<li><u>Accettazione eredit\u00e0 per minore<\/u><\/li>\n<li><u>Rinuncia all\u2019eredit\u00e0 per minore<\/u><\/li>\n<li><u>Dichiarazione sostitutiva di atto notorio<\/u> sottoscritta da entrambi i genitori ove risulti chi sono tutti gli eredi o chiamati all\u2019eredit\u00e0 e che l\u2019eredit\u00e0 \u00e8 passiva. Occorre specificare e documentare le passivit\u00e0, indicando al contempo la presenza nel patrimonio della persona deceduta di eventuali beni, titoli o altre attivit\u00e0 a lui intestate.<\/li>\n<\/ul>\n<p>L\u2019istanza, deve essere presentata alla Cancelleria Consolare dai genitori congiuntamente o da quello di essi che esercita in via esclusiva la responsabilit\u00e0 genitoriale. Per depositare l\u2019istanza e la relativa documentazione sar\u00e0 necessario concordare un appuntamento via e-mail con l\u2019Ufficio al seguente indirizzo di posta elettronica:\u00a0<a href=\"mailto:consolato.copenaghen@esteri.it\">consolato.copenaghen@esteri.it<\/a> \u00a0<strong>\u00a0<\/strong><\/p>\n<p>Il Capo della Cancelleria Consolare pu\u00f2 autorizzare l\u2019istanza cos\u00ec come proposta dalle parti o rigettarla se, dopo aver valutato l\u2019interesse per il minore, non la ritenga tuttavia vantaggiosa. E\u2019 facolt\u00e0 del Capo della Cancelleria Consolare richiedere la produzione di ulteriore documentazione.<\/p>\n<p>La rinunzia all\u2019eredit\u00e0 (art.519 cod.civ. ) deve essere inserita, ai sensi dell\u2019art.52 disp. att. cod.civ. nel registro delle successioni tenuto presso la cancelleria del Tribunale nella cui circoscrizione sia aperta la successione.<\/p>\n<p>La dichiarazione effettuata presso questa Cancelleria consolare deve, pertanto, essere successivamente registrata, a cura dell\u2019interessato, presso la Cancelleria successioni del competente Tribunale italiano.<\/p>\n<p>Per modalit\u00e0 di registrazione e pagamento della relativa imposta contattare direttamente il Tribunale.<\/p>\n<p>&nbsp;<\/p>\n","protected":false},"excerpt":{"rendered":"Le accettazioni\/rinunce all\u2019eredit\u00e0 vanno fatte con un atto pubblico alla presenza di due testimoni: In Italia: da un Notaio oppure dal Cancelliere del Tribunale del circondario in cui si \u00e8 aperta la successione (Cancelleria della Volontaria Giurisdizione). All\u2019estero: dal Funzionario consolare delegato. Per sottoscrivere un atto pubblico di accettazione o di rinuncia all\u2019eredit\u00e0 presso questa [&hellip;]","protected":false},"author":4,"featured_media":0,"parent":71,"menu_order":1,"comment_status":"closed","ping_status":"closed","template":"","meta":{"footnotes":""},"class_list":["post-426","page","type-page","status-publish","hentry"],"_links":{"self":[{"href":"https:\/\/ambcopenaghen.esteri.it\/it\/wp-json\/wp\/v2\/pages\/426","targetHints":{"allow":["GET"]}}],"collection":[{"href":"https:\/\/ambcopenaghen.esteri.it\/it\/wp-json\/wp\/v2\/pages"}],"about":[{"href":"https:\/\/ambcopenaghen.esteri.it\/it\/wp-json\/wp\/v2\/types\/page"}],"author":[{"embeddable":true,"href":"https:\/\/ambcopenaghen.esteri.it\/it\/wp-json\/wp\/v2\/users\/4"}],"replies":[{"embeddable":true,"href":"https:\/\/ambcopenaghen.esteri.it\/it\/wp-json\/wp\/v2\/comments?post=426"}],"version-history":[{"count":2,"href":"https:\/\/ambcopenaghen.esteri.it\/it\/wp-json\/wp\/v2\/pages\/426\/revisions"}],"predecessor-version":[{"id":428,"href":"https:\/\/ambcopenaghen.esteri.it\/it\/wp-json\/wp\/v2\/pages\/426\/revisions\/428"}],"up":[{"embeddable":true,"href":"https:\/\/ambcopenaghen.esteri.it\/it\/wp-json\/wp\/v2\/pages\/71"}],"wp:attachment":[{"href":"https:\/\/ambcopenaghen.esteri.it\/it\/wp-json\/wp\/v2\/media?parent=426"}],"curies":[{"name":"wp","href":"https:\/\/api.w.org\/{rel}","templated":true}]}}