{"id":4166,"date":"2025-07-16T10:24:06","date_gmt":"2025-07-16T08:24:06","guid":{"rendered":"https:\/\/ambcopenaghen.esteri.it\/?page_id=4166"},"modified":"2025-12-17T16:33:52","modified_gmt":"2025-12-17T14:33:52","slug":"dichiarazione-di-accompagnamento","status":"publish","type":"page","link":"https:\/\/ambcopenaghen.esteri.it\/it\/servizi-consolari-e-visti\/servizi-per-il-cittadino-italiano\/passaporti-e-carte-didentita\/dichiarazione-di-accompagnamento\/","title":{"rendered":"Dichiarazione di accompagnamento"},"content":{"rendered":"<p>Fino al compimento dei 14 anni i minori italiani possono espatriare a condizione che viaggino<br \/>\naccompagnati da almeno un genitore o da chi ne fa le veci oppure che venga menzionato sul<br \/>\npassaporto, o su una dichiarazione di accompagnamento rilasciata da chi pu\u00f2 dare l\u2019assenso o<br \/>\nl\u2019autorizzazione ai sensi dell\u2019articolo 3, lettera a) della legge 21 novembre 1967, n. 1185, e<br \/>\nvistata da un\u2019autorit\u00e0 competente al rilascio (Questura in Italia, ufficio consolare all\u2019estero), il<br \/>\nnome della persona, dell\u2019ente o della compagnia di trasporto a cui i minori medesimi sono<br \/>\naffidati.<\/p>\n<p>La dichiarazione di accompagnamento \u00e8 finalizzata a garantire una maggiore tutela del minore e a rendere pi\u00f9 agevoli i controlli alle frontiere.<\/p>\n<p>Si evidenziano di seguito le caratteristiche principali:<\/p>\n<ul>\n<li>Pu\u00f2 riguardare un solo viaggio (da intendersi come andata e\/o ritorno) dal Paese di<br \/>\nresidenza del minore con destinazione determinata e non pu\u00f2 eccedere, di norma, il<br \/>\ntermine massimo di sei mesi;<\/li>\n<li>gli esercenti la responsabilit\u00e0 genitoriale o tutoria possono indicare fino ad un massimo di<br \/>\ndue accompagnatori, che saranno tuttavia alternativi fra di loro;<\/li>\n<li>nel rendere la dichiarazione di accompagnamento, gli esercenti la responsabilit\u00e0<br \/>\ngenitoriale o tutoria possono chiedere che i nominativi degli accompagnatori, la durata<br \/>\ndel viaggio e la destinazione siano stampati sul passaporto del minore o in alternativa che<br \/>\ntali dati siano riportati in una separata attestazione, che verr\u00e0 stampata dall\u2019Ufficio<br \/>\ncompetente;<\/li>\n<li>nel caso in cui il minore sia affidato ad un ente o ad una compagnia di trasporto, per<br \/>\ngarantire la completezza e la leggibilit\u00e0 dei dati relativi al viaggio, \u00e8 rilasciata unicamente<br \/>\nl\u2019attestazione. Si suggerisce, prima di acquistare il biglietto della compagnia di trasporto<br \/>\ndi verificare che la stessa accetti che il minore sia ad essa affidato.<\/li>\n<\/ul>\n<p>&nbsp;<\/p>\n<p>Questa Cancelleria Consolare \u00e8 competente per il rilascio di dichiarazioni di accompagnamento <strong><span style=\"text-decoration: underline;\">unicamente per minori residenti in Danimarca<\/span><\/strong> che devono viaggiare fuori dal paese.<\/p>\n<p><span style=\"text-decoration: underline;\">In caso in cui il minore si trovi in Italia, gli interessati dovranno rivolgersi direttamente alla Questura della provincia di competenza.<\/span><\/p>\n<p>Poich\u00e9 la L. 1185\/1967 fa espresso riferimento ai \u201ccittadini\u201d, l\u2019applicazione della procedura sopradescritta\u00a0\u00e8 limitata ai soli\u00a0<strong>minori italiani<\/strong>.<\/p>\n<p>Nel caso in cui i genitori siano entrambi cittadini UE, la Dichiarazione di accompagnamento (disponibile <a href=\"https:\/\/ambcopenaghen.esteri.it\/wp-content\/uploads\/2023\/08\/dichiarazione_accompagnamento-1.doc\"><u>QUI<\/u><\/a>) deve essere sottoscritta dai genitori presso la Cancelleria Consolare (\u00d8stergade 24B, 1100 Copenaghen) oppure, in caso di impossibilit\u00e0 a raggiungere la detta Cancelleria, pu\u00f2 essere inviata gi\u00e0 sottoscritta per e-mail all&#8217;indirizzo <span style=\"font-size: 13.5pt; font-family: Geneva; color: #1a1a1a;\"> <a href=\"mailto:consolato.copenaghen@esteri.it\">consolato.copenaghen@esteri.it<\/a> o via posta ordinaria insieme a:<\/span><\/p>\n<ul>\n<li style=\"list-style-type: none;\">\n<ul>\n<li>fotocopia dei documenti d\u2019identit\u00e0 di entrambi dei genitori.<\/li>\n<li>fotocopia del\/i documento\/i d\u2019identit\u00e0 dell\u2019accompagnatore\/i o, in alternativa, dati della compagnia di trasporto.<\/li>\n<li>passaporto originale del minore o fotocopia del documento d\u2019identit\u00e0 del minore.<\/li>\n<li>copia del titolo di viaggio\u00a0<strong>con chiara indicazione del nome del passeggero e della data del viaggio<\/strong> (biglietto aereo, o stampa della prenotazione del viaggio, o carta d\u2019imbarco), sia per i minori che per i loro accompagnatori.<\/li>\n<\/ul>\n<\/li>\n<\/ul>\n<p><strong>ATTENZIONE<\/strong>: Se uno dei genitori \u00e8 di cittadinanza non comunitaria (cittadino di stato non membro dell\u2019UE), il modulo di richiesta deve essere\u00a0<u>firmato di persona in presenza del funzionario del Consolato o della rete consolare onoraria<\/u>, previa esibizione di un valido documento d\u2019identit\u00e0.<\/p>\n<p>Per il ritiro bisogner\u00e0 aspettare la convocazione dall\u2019Ufficio passaporti.<\/p>\n<p>Alternativamente \u00e8 possibile inviare insieme alla documentazione per la richiesta, anche una busta preaffrancata con francobollo \/ label per raccomandata <em>(rekommanderet brev<\/em>)\u00a0indirizzata a se stessi, per la restituzione per posta della dichiarazione di accompagnamento originale.<\/p>\n","protected":false},"excerpt":{"rendered":"Fino al compimento dei 14 anni i minori italiani possono espatriare a condizione che viaggino accompagnati da almeno un genitore o da chi ne fa le veci oppure che venga menzionato sul passaporto, o su una dichiarazione di accompagnamento rilasciata da chi pu\u00f2 dare l\u2019assenso o l\u2019autorizzazione ai sensi dell\u2019articolo 3, lettera a) della legge [&hellip;]","protected":false},"author":4,"featured_media":0,"parent":49,"menu_order":0,"comment_status":"closed","ping_status":"closed","template":"","meta":{"footnotes":""},"class_list":["post-4166","page","type-page","status-publish","hentry"],"_links":{"self":[{"href":"https:\/\/ambcopenaghen.esteri.it\/it\/wp-json\/wp\/v2\/pages\/4166","targetHints":{"allow":["GET"]}}],"collection":[{"href":"https:\/\/ambcopenaghen.esteri.it\/it\/wp-json\/wp\/v2\/pages"}],"about":[{"href":"https:\/\/ambcopenaghen.esteri.it\/it\/wp-json\/wp\/v2\/types\/page"}],"author":[{"embeddable":true,"href":"https:\/\/ambcopenaghen.esteri.it\/it\/wp-json\/wp\/v2\/users\/4"}],"replies":[{"embeddable":true,"href":"https:\/\/ambcopenaghen.esteri.it\/it\/wp-json\/wp\/v2\/comments?post=4166"}],"version-history":[{"count":6,"href":"https:\/\/ambcopenaghen.esteri.it\/it\/wp-json\/wp\/v2\/pages\/4166\/revisions"}],"predecessor-version":[{"id":5073,"href":"https:\/\/ambcopenaghen.esteri.it\/it\/wp-json\/wp\/v2\/pages\/4166\/revisions\/5073"}],"up":[{"embeddable":true,"href":"https:\/\/ambcopenaghen.esteri.it\/it\/wp-json\/wp\/v2\/pages\/49"}],"wp:attachment":[{"href":"https:\/\/ambcopenaghen.esteri.it\/it\/wp-json\/wp\/v2\/media?parent=4166"}],"curies":[{"name":"wp","href":"https:\/\/api.w.org\/{rel}","templated":true}]}}