{"id":404,"date":"2023-08-02T11:12:32","date_gmt":"2023-08-02T09:12:32","guid":{"rendered":"https:\/\/ambcopenaghen.esteri.it\/?page_id=404"},"modified":"2025-03-13T12:44:16","modified_gmt":"2025-03-13T10:44:16","slug":"studi-legali-di-riferimento","status":"publish","type":"page","link":"https:\/\/ambcopenaghen.esteri.it\/it\/servizi-consolari-e-visti\/servizi-per-il-cittadino-italiano\/studi-legali-di-riferimento\/","title":{"rendered":"Studi legali"},"content":{"rendered":"<p>Si riportano di seguito i nominativi e recapiti di alcuni professionisti di riferimento di cui potersi avvalere in caso di necessit\u00e0, ferma restando naturalmente la possibilit\u00e0 di rivolgersi ad altri professionisti di propria fiducia.<\/p>\n<p>Si precisa che detto elenco \u00e8 stato definito in base alle richieste d&#8217;inserimento avanzate dagli stessi professionisti e deve quindi considerarsi aperto e non esaustivo.<\/p>\n<p>Si precisa anche che questa Sede non risponde della qualit\u00e0 del servizio prestato dagli stessi, del loro operato e delle tariffe praticate.<\/p>\n<p>I professionisti individuati soddisfano i seguenti requisiti minimi:<\/p>\n<p>1) conoscenza della lingua italiana, oltre a quella veicolare e a quella locale;<\/p>\n<p>2) abilitazione legale all&#8217;esercizio della professione e iscrizione nel relativo albo e\/o ordine professionale;<\/p>\n<p>3) approfondita conoscenza della legislazione locale e italiana nello specifico settore di attivit\u00e0.<\/p>\n<p>Per fare richiesta di inserimento nell&#8217;elenco degli avvocati e degli studi legali di riferimento di questa Ambasciata occorre presentare formale richiesta via e-mail a <a href=\"mailto:info.copenaghen@esteri.it\">info.copenaghen@esteri.it<\/a><\/p>\n<p>I professionisti che intendando essere inseriti nel predetto elenco dovranno inviare apposita richiesta a questa Ambasciata, corredandola di autocertificazione circa l&#8217;abilitazione legale all&#8217;esercizio della professione e l&#8217;iscrizione nel relativo albo\/ordine professionale, circa la conoscenza della lingua italiana, circa il fatto di non aver subito condanne penali e non avere procedimenti penali in corso.<\/p>\n<p>Questa Ambasciata si riserva di accettare il possesso dei predetti requisiti.<\/p>\n<p>&nbsp;<\/p>\n<h3><strong>Elenco degli Avvocati e degli Studi Legali\u00a0a disposizione dell&#8217;utenza\u00a0a disposizione dell&#8217;utenza<\/strong><\/h3>\n<div><\/div>\n<div><strong>DANIMARCA<\/strong><\/div>\n<div><\/div>\n<div>\n<table class=\"table\">\n<tbody>\n<tr>\n<td><strong>Studio legale<\/strong><\/td>\n<td><strong>\u00a0\u00a0 \u00a0<\/strong><\/td>\n<td><strong>360 Law Firm\u00a0Advokatpartnerselskab<\/strong><\/td>\n<\/tr>\n<tr>\n<td>Contatto<\/td>\n<td><\/td>\n<td>Avv. Luigi Farina \u2013 italiano madrelingua<\/td>\n<\/tr>\n<tr>\n<td>Indirizzo<\/td>\n<td><\/td>\n<td>Gl. Kongevej 60 &#8211;\u00a01850 Frederiksberg (Copenaghen)<\/td>\n<\/tr>\n<tr>\n<td>Tel.<\/td>\n<td><\/td>\n<td>+45 22 43 17 11<\/td>\n<\/tr>\n<tr>\n<td>Fax<\/td>\n<td><\/td>\n<td>&#8211;<\/td>\n<\/tr>\n<tr>\n<td>Email<\/td>\n<td><\/td>\n<td><a href=\"mailto:luf@360-lawfirm.com\">luf@360-lawfirm.com<\/a><\/td>\n<\/tr>\n<tr>\n<td>Sito web<\/td>\n<td><\/td>\n<td><a href=\"http:\/\/www.360-lawfirm.com\">www.360-lawfirm.com<\/a><\/td>\n<\/tr>\n<tr>\n<td>Specializzazione<\/td>\n<td><\/td>\n<td>\n<ul>\n<li>Diritto societario<\/li>\n<li>Diritto commerciale<\/li>\n<li>Diritto delle costruzioni e degli\u00a0appalti<\/li>\n<li>Contabilit\u00e1 e redazione buste paga<\/li>\n<\/ul>\n<p>&nbsp;<\/td>\n<\/tr>\n<\/tbody>\n<\/table>\n<\/div>\n<p>&nbsp;<\/p>\n<table class=\"table\" style=\"height: 574px;\" width=\"662\">\n<tbody>\n<tr>\n<td><strong>Studio legale<\/strong><\/td>\n<td><\/td>\n<td><strong>DLA Piper Denmark <\/strong><\/td>\n<\/tr>\n<tr>\n<td>Contatto<\/td>\n<td><\/td>\n<td>Avv. Sebastian Lysholm Nielsen \u2013 italiano madrelingua<\/td>\n<\/tr>\n<tr>\n<td>Indirizzo<\/td>\n<td><\/td>\n<td>Oslo Plads 2 &#8211; 2100 Copenaghen<\/td>\n<\/tr>\n<tr>\n<td>Tel.<\/td>\n<td><\/td>\n<td>+45 53 56 22 31<\/td>\n<\/tr>\n<tr>\n<td>Fax.<\/td>\n<td><\/td>\n<td>&#8211;<\/td>\n<\/tr>\n<tr>\n<td>Email<\/td>\n<td><\/td>\n<td><a href=\"mailto:sebastian.nielsen@dk.dlapiper.com\">sebastian.nielsen@dk.dlapiper.com<\/a><\/td>\n<\/tr>\n<tr>\n<td>Sito web<\/td>\n<td><\/td>\n<td><a href=\"https:\/\/denmark.dlapiper.com\/en\/people\/sebastian-lysholm-nielsen\" target=\"_blank\" rel=\"noopener\">https:\/\/denmark.dlapiper.com\/en\/people\/sebastian-lysholm-nielsen<\/a><\/td>\n<\/tr>\n<tr>\n<td>Specializzazione<\/td>\n<td><\/td>\n<td>\n<ul>\n<li>Diritto commerciale internazionale<\/li>\n<li>Diritto societario\/M&amp;A<\/li>\n<li>Diritto bancario\/finanziario\/assicurativo<\/li>\n<li>Diritto tributario<\/li>\n<li>Diritto dell&#8217;edilizia e delle costruzioni<\/li>\n<li>Diritto immobiliare<\/li>\n<li>Diritto amministrativo<\/li>\n<li>Diritto della concorrenza<\/li>\n<li>Diritto del lavoro<\/li>\n<li>Diritto fallimentare<\/li>\n<li>Diritto\u00a0della propriet\u00e0 intellettuale ed il contenzioso<\/li>\n<\/ul>\n<\/td>\n<\/tr>\n<\/tbody>\n<\/table>\n<p>&nbsp;<\/p>\n<table class=\"table\">\n<tbody>\n<tr align=\"left\" valign=\"top\">\n<td align=\"left\" valign=\"middle\"><strong>\u00a0Studio legale<\/strong><\/td>\n<td><\/td>\n<td align=\"left\" valign=\"middle\">\u00a0<strong>Valcelli Law Advokatanpartsselskab<\/strong><\/td>\n<\/tr>\n<tr>\n<td align=\"center\" valign=\"top\">Contatto<\/td>\n<td><\/td>\n<td align=\"left\" valign=\"top\">Avv. Oliver Valcelli<\/td>\n<\/tr>\n<tr>\n<td align=\"center\" valign=\"top\">Indirizzo<\/td>\n<td><\/td>\n<td align=\"left\" valign=\"top\">Blegdamsvej 114 &#8211; 2100 Copenaghen<\/td>\n<\/tr>\n<tr>\n<td align=\"center\" valign=\"top\">Tel.<\/td>\n<td><\/td>\n<td align=\"left\" valign=\"top\">+45 2532 8507<\/td>\n<\/tr>\n<tr>\n<td align=\"center\" valign=\"top\">Email<\/td>\n<td><\/td>\n<td align=\"left\" valign=\"top\"><a href=\"mailto:law@valcelli.dk\">law@valcelli.dk<\/a><\/td>\n<\/tr>\n<tr>\n<td align=\"center\" valign=\"top\">Sito Web<\/td>\n<td><\/td>\n<td align=\"left\" valign=\"top\"><a href=\"https:\/\/www.360-lawfirm.com\/\">valcellilaw.dk<\/a><\/td>\n<\/tr>\n<tr>\n<td align=\"center\" valign=\"top\">Specializzazione<\/td>\n<td><\/td>\n<td align=\"left\" valign=\"top\">\n<ul>\n<li>Diritto societario<\/li>\n<li>Diritto commerciale<\/li>\n<li>Settore immobiliare<\/li>\n<\/ul>\n<\/td>\n<\/tr>\n<\/tbody>\n<\/table>\n<p>&nbsp;<\/p>\n<table width=\"447\">\n<tbody>\n<tr>\n<td><strong>Studio legale<\/strong><\/td>\n<td><strong>\u00a0\u00a0 \u00a0<\/strong><\/td>\n<td><strong>Advokatfirma Sandra Moll Dirscherl<\/strong><\/td>\n<\/tr>\n<tr>\n<td>Contatto<\/td>\n<td><\/td>\n<td>Avv. Sandra Moll \u2013 italiano madrelingua<\/td>\n<\/tr>\n<tr>\n<td>Indirizzo<\/td>\n<td><\/td>\n<td>Bredgade 56, 1260 (Copenaghen)<\/td>\n<\/tr>\n<tr>\n<td>Tel.<\/td>\n<td><\/td>\n<td>+45 31 35 35 60<\/td>\n<\/tr>\n<tr>\n<td>Fax<\/td>\n<td><\/td>\n<td>&#8211;<\/td>\n<\/tr>\n<tr>\n<td>Email<\/td>\n<td><\/td>\n<td><a href=\"mailto:sam@advokathusetbredgade.dk\">sam@advokathusetbredgade.dk<\/a><\/td>\n<\/tr>\n<tr>\n<td>Sito web<\/td>\n<td><\/td>\n<td><a href=\"mailto:sam@advokathusetbredgade.dk\">sam@advokathusetbredgade.dk<\/a><\/td>\n<\/tr>\n<tr>\n<td>Specializzazione<\/td>\n<td><\/td>\n<td>\n<ul>\n<li>Diritto civile<\/li>\n<li>Diritto di famiglia<\/li>\n<li>Diritto commerciale (acquisto beni immobili)<\/li>\n<li>Diritto penale<\/li>\n<li>Recupero crediti<\/li>\n<\/ul>\n<\/td>\n<\/tr>\n<\/tbody>\n<\/table>\n<table class=\"table\" border=\"0\">\n<tbody>\n<tr>\n<td><strong>\u00a0<\/strong><\/td>\n<td><\/td>\n<\/tr>\n<\/tbody>\n<\/table>\n","protected":false},"excerpt":{"rendered":"Si riportano di seguito i nominativi e recapiti di alcuni professionisti di riferimento di cui potersi avvalere in caso di necessit\u00e0, ferma restando naturalmente la possibilit\u00e0 di rivolgersi ad altri professionisti di propria fiducia. Si precisa che detto elenco \u00e8 stato definito in base alle richieste d&#8217;inserimento avanzate dagli stessi professionisti e deve quindi considerarsi [&hellip;]","protected":false},"author":4,"featured_media":0,"parent":47,"menu_order":27,"comment_status":"closed","ping_status":"closed","template":"","meta":{"footnotes":""},"class_list":["post-404","page","type-page","status-publish","hentry"],"_links":{"self":[{"href":"https:\/\/ambcopenaghen.esteri.it\/it\/wp-json\/wp\/v2\/pages\/404","targetHints":{"allow":["GET"]}}],"collection":[{"href":"https:\/\/ambcopenaghen.esteri.it\/it\/wp-json\/wp\/v2\/pages"}],"about":[{"href":"https:\/\/ambcopenaghen.esteri.it\/it\/wp-json\/wp\/v2\/types\/page"}],"author":[{"embeddable":true,"href":"https:\/\/ambcopenaghen.esteri.it\/it\/wp-json\/wp\/v2\/users\/4"}],"replies":[{"embeddable":true,"href":"https:\/\/ambcopenaghen.esteri.it\/it\/wp-json\/wp\/v2\/comments?post=404"}],"version-history":[{"count":6,"href":"https:\/\/ambcopenaghen.esteri.it\/it\/wp-json\/wp\/v2\/pages\/404\/revisions"}],"predecessor-version":[{"id":3509,"href":"https:\/\/ambcopenaghen.esteri.it\/it\/wp-json\/wp\/v2\/pages\/404\/revisions\/3509"}],"up":[{"embeddable":true,"href":"https:\/\/ambcopenaghen.esteri.it\/it\/wp-json\/wp\/v2\/pages\/47"}],"wp:attachment":[{"href":"https:\/\/ambcopenaghen.esteri.it\/it\/wp-json\/wp\/v2\/media?parent=404"}],"curies":[{"name":"wp","href":"https:\/\/api.w.org\/{rel}","templated":true}]}}