{"id":397,"date":"2023-08-01T15:49:23","date_gmt":"2023-08-01T13:49:23","guid":{"rendered":"https:\/\/ambcopenaghen.esteri.it\/?page_id=397"},"modified":"2023-09-12T10:25:06","modified_gmt":"2023-09-12T08:25:06","slug":"elezioni-dei-rappresentanti-al-parlamento-europeo","status":"publish","type":"page","link":"https:\/\/ambcopenaghen.esteri.it\/it\/servizi-consolari-e-visti\/servizi-per-il-cittadino-italiano\/servizi-elettorali\/elezioni-dei-rappresentanti-al-parlamento-europeo\/","title":{"rendered":"Elezioni dei Rappresentanti al Parlamento Europeo"},"content":{"rendered":"<p>Ai sensi del Decreto-legge 24 giugno 1994, n. 408, possono votare all\u2019estero per l\u2019elezione dei rappresentanti al Parlamento Europeo spettanti all\u2019Italia:<\/p>\n<p>\u2013 i cittadini italiani residenti in uno Stato membro dell\u2019Unione europea e iscritti all\u2019AIRE;<br \/>\n\u2013 \u00a0i cittadini italiani e i familiari con essi conviventi che si trovano temporaneamente in un Paese membro dell\u2019UE per motivi di studio o di lavoro, presentando alla rappresentanza diplomatico-consolare competente per il luogo di temporaneo domicilio una domanda indirizzata al Sindaco del Comune italiano nelle cui liste elettorali sono iscritti. La richiesta deve essere presentata entro l\u2019ottantesimo giorno antecedente l\u2019ultimo giorno delle votazioni.<\/p>\n<p>Il voto all\u2019estero per i membri del PE spettanti all\u2019Italia si esercita presso i seggi istituiti dagli uffici consolari. L\u2019elettore riceve da parte del Ministero dell\u2019Interno italiano all\u2019indirizzo di residenza estero il certificato elettorale, con l\u2019indicazione del seggio presso il quale potr\u00e0 votare, nonch\u00e9 della data e dell\u2019orario di apertura per le votazioni.<\/p>\n<p>Qualora l\u2019elettore non riceva il certificato elettorale entro il 5\u00b0 giorno antecedente quello delle votazioni, potr\u00e0 contattare l\u2019ufficio consolare competente per verificare la propria posizione elettorale e richiedere il certificato sostitutivo per l\u2019ammissione al voto.<\/p>\n<p>L\u2019elettore italiano residente all\u2019estero in un Paese dell\u2019UE, o temporaneamente ivi domiciliato per motivi di studio o lavoro (che abbia presentato domanda di voto all\u2019estero nei termini previsti), se rientra in Italia, pu\u00f2 votare presso il proprio Comune di iscrizione elettorale: in tal caso deve farne esplicita richiesta, entro il giorno precedente quello della votazione, al Sindaco del suddetto Comune.<\/p>\n<p>L\u2019elettore italiano residente all\u2019estero e iscritto all\u2019AIRE pu\u00f2 anche optare per il voto per i candidati ai seggi spettanti al Paese membro in cui risiede; in tal caso voter\u00e0 presso i seggi istituiti dalle autorit\u00e0 del Paese membro di residenza estera.<\/p>\n<p>Il doppio voto \u00e8 vietato: se si vota a favore di un candidato per i seggi spettanti all\u2019Italia non si potr\u00e0 esprimere il voto anche per un candidato per i seggi spettanti al Paese membro UE di residenza e viceversa. Tale divieto si applica anche se l\u2019elettore \u00e8 in possesso di pi\u00f9 cittadinanze di Paesi membri dell\u2019Unione Europea: potr\u00e0 esercitare il diritto di voto per i rappresentanti spettanti a uno solo degli Stati di cui \u00e8 cittadino. Ovviamente, il doppio voto \u00e8 penalmente sanzionato anche nel senso che chi vota per i rappresentanti spettanti all\u2019Italia presso le sezioni elettorali istituite all\u2019estero dagli uffici diplomatico-consolari NON potr\u00e0 farlo anche presso le sezioni elettorali in Italia, e viceversa.<\/p>\n<p>I cittadini italiani che sono permanentemente residenti in un Paese UE e iscritti all\u2019AIRE e che non hanno optato per il voto a favore dei rappresentanti spettanti al Paese membro UE di residenza saranno ammessi al voto per i candidati per i seggi spettanti all\u2019Italia senza necessit\u00e0 di presentare alcuna dichiarazione.<\/p>\n<p>&nbsp;<\/p>\n","protected":false},"excerpt":{"rendered":"Ai sensi del Decreto-legge 24 giugno 1994, n. 408, possono votare all\u2019estero per l\u2019elezione dei rappresentanti al Parlamento Europeo spettanti all\u2019Italia: \u2013 i cittadini italiani residenti in uno Stato membro dell\u2019Unione europea e iscritti all\u2019AIRE; \u2013 \u00a0i cittadini italiani e i familiari con essi conviventi che si trovano temporaneamente in un Paese membro dell\u2019UE per [&hellip;]","protected":false},"author":4,"featured_media":0,"parent":70,"menu_order":0,"comment_status":"closed","ping_status":"closed","template":"","meta":{"footnotes":""},"class_list":["post-397","page","type-page","status-publish","hentry"],"_links":{"self":[{"href":"https:\/\/ambcopenaghen.esteri.it\/it\/wp-json\/wp\/v2\/pages\/397","targetHints":{"allow":["GET"]}}],"collection":[{"href":"https:\/\/ambcopenaghen.esteri.it\/it\/wp-json\/wp\/v2\/pages"}],"about":[{"href":"https:\/\/ambcopenaghen.esteri.it\/it\/wp-json\/wp\/v2\/types\/page"}],"author":[{"embeddable":true,"href":"https:\/\/ambcopenaghen.esteri.it\/it\/wp-json\/wp\/v2\/users\/4"}],"replies":[{"embeddable":true,"href":"https:\/\/ambcopenaghen.esteri.it\/it\/wp-json\/wp\/v2\/comments?post=397"}],"version-history":[{"count":2,"href":"https:\/\/ambcopenaghen.esteri.it\/it\/wp-json\/wp\/v2\/pages\/397\/revisions"}],"predecessor-version":[{"id":780,"href":"https:\/\/ambcopenaghen.esteri.it\/it\/wp-json\/wp\/v2\/pages\/397\/revisions\/780"}],"up":[{"embeddable":true,"href":"https:\/\/ambcopenaghen.esteri.it\/it\/wp-json\/wp\/v2\/pages\/70"}],"wp:attachment":[{"href":"https:\/\/ambcopenaghen.esteri.it\/it\/wp-json\/wp\/v2\/media?parent=397"}],"curies":[{"name":"wp","href":"https:\/\/api.w.org\/{rel}","templated":true}]}}