{"id":39,"date":"2023-04-11T17:55:33","date_gmt":"2023-04-11T15:55:33","guid":{"rendered":"https:\/\/ambasciatapraga.esteri.it\/?page_id=39"},"modified":"2025-08-14T10:07:58","modified_gmt":"2025-08-14T08:07:58","slug":"la-sede","status":"publish","type":"page","link":"https:\/\/ambcopenaghen.esteri.it\/it\/chi-siamo\/la-sede\/","title":{"rendered":"La Sede"},"content":{"rendered":"<table class=\"table\">\n<tbody>\n<tr>\n<td align=\"left\" valign=\"top\">\n<h4><strong>Cancelleria diplomatica<\/strong><\/h4>\n<p>Gammel Vartov Vej 7<br \/>\n2900 Hellerup<\/p>\n<p><a href=\"https:\/\/www.google.dk\/maps\/place\/Gammel+Vartov+Vej+7,+2900+Hellerup,+Danmark\/@55.7243961,12.5710014,2284m\/data=!3m1!1e3!4m13!1m7!3m6!1s0x465252625169b367:0x168586964806f53d!2sGammel+Vartov+Vej+7,+2900+Hellerup,+Danmark!3b1!8m2!3d55.723828!4d12.57157!3m4!1s0x465252625169b367:0x168586964806f53d!8m2!3d55.723828!4d12.57157?hl=da\" target=\"_blank\" rel=\"noopener\">Siamo qui<\/a><\/p>\n<p><strong>Per verificare orari e contatti telefonici, si rimanda alla sezione \u201c<a href=\"https:\/\/ambcopenaghen.esteri.it\/it\/chi-siamo\/contatti\/\" target=\"_blank\" rel=\"noopener\">Contatti<\/a>&#8220;.<\/strong><\/p>\n<p><img loading=\"lazy\" decoding=\"async\" class=\"alignnone wp-image-4269 img-fluid\" src=\"https:\/\/ambcopenaghen.esteri.it\/wp-content\/uploads\/2025\/08\/Foto-Cancelleria-diplomatica-300x225.jpg\" alt=\"\" width=\"538\" height=\"404\" srcset=\"https:\/\/ambcopenaghen.esteri.it\/wp-content\/uploads\/2025\/08\/Foto-Cancelleria-diplomatica-300x225.jpg 300w, https:\/\/ambcopenaghen.esteri.it\/wp-content\/uploads\/2025\/08\/Foto-Cancelleria-diplomatica-1024x768.jpg 1024w, https:\/\/ambcopenaghen.esteri.it\/wp-content\/uploads\/2025\/08\/Foto-Cancelleria-diplomatica-768x576.jpg 768w, https:\/\/ambcopenaghen.esteri.it\/wp-content\/uploads\/2025\/08\/Foto-Cancelleria-diplomatica.jpg 1920w\" sizes=\"auto, (max-width: 538px) 100vw, 538px\" \/><\/p>\n<p>&nbsp;<\/p>\n<h4><strong>Cancelleria consolare<\/strong><\/h4>\n<p>\u00d8stergade 24B, 2.th. (traversa interna dello Str\u00f8get denominata &#8220;Pistolstr\u00e6de&#8221;)<br \/>\n1100 Copenhagen K<\/p>\n<p><a href=\"https:\/\/www.google.dk\/maps\/place\/Den+Italienske+Ambassade\/@55.6805571,12.5800262,652m\/data=!3m1!1e3!4m15!1m8!3m7!1s0x4652531763a2b88b:0xb2e73ee12670644d!2s%C3%98stergade+24B,+1100+K%C3%B8benhavn!3b1!8m2!3d55.6805541!4d12.5826011!16s%2Fg%2F11c5jt38q_!3m5!1s0x4652531763a2b88b:0x98a374753f404894!8m2!3d55.6805541!4d12.5826011!16s%2Fg%2F11c1pkt498?hl=da&amp;entry=ttu\" target=\"_blank\" rel=\"noopener\">Siamo qui<\/a><\/p>\n<p><strong>Per verificare orari e contatti telefonici, si rimanda alla sezione \u201c<a href=\"https:\/\/ambcopenaghen.esteri.it\/it\/chi-siamo\/contatti\/\" target=\"_blank\" rel=\"noopener\">Contatti<\/a>&#8220;.<\/strong><\/p>\n<p><img loading=\"lazy\" decoding=\"async\" class=\"alignnone wp-image-696 img-fluid\" src=\"https:\/\/ambcopenaghen.esteri.it\/wp-content\/uploads\/2023\/08\/ENTRANCE-CONSOLARE-224x300.jpg\" alt=\"Entrata Cancelleria Consolare\" width=\"377\" height=\"505\" srcset=\"https:\/\/ambcopenaghen.esteri.it\/wp-content\/uploads\/2023\/08\/ENTRANCE-CONSOLARE-224x300.jpg 224w, https:\/\/ambcopenaghen.esteri.it\/wp-content\/uploads\/2023\/08\/ENTRANCE-CONSOLARE.jpg 688w\" sizes=\"auto, (max-width: 377px) 100vw, 377px\" \/><\/td>\n<\/tr>\n<\/tbody>\n<\/table>\n<p>&nbsp;<\/p>\n","protected":false},"excerpt":{"rendered":"Cancelleria diplomatica Gammel Vartov Vej 7 2900 Hellerup Siamo qui Per verificare orari e contatti telefonici, si rimanda alla sezione \u201cContatti&#8220;. &nbsp; Cancelleria consolare \u00d8stergade 24B, 2.th. (traversa interna dello Str\u00f8get denominata &#8220;Pistolstr\u00e6de&#8221;) 1100 Copenhagen K Siamo qui Per verificare orari e contatti telefonici, si rimanda alla sezione \u201cContatti&#8220;. &nbsp;","protected":false},"author":1,"featured_media":0,"parent":13,"menu_order":2,"comment_status":"closed","ping_status":"closed","template":"","meta":{"footnotes":""},"class_list":["post-39","page","type-page","status-publish","hentry"],"_links":{"self":[{"href":"https:\/\/ambcopenaghen.esteri.it\/it\/wp-json\/wp\/v2\/pages\/39","targetHints":{"allow":["GET"]}}],"collection":[{"href":"https:\/\/ambcopenaghen.esteri.it\/it\/wp-json\/wp\/v2\/pages"}],"about":[{"href":"https:\/\/ambcopenaghen.esteri.it\/it\/wp-json\/wp\/v2\/types\/page"}],"author":[{"embeddable":true,"href":"https:\/\/ambcopenaghen.esteri.it\/it\/wp-json\/wp\/v2\/users\/1"}],"replies":[{"embeddable":true,"href":"https:\/\/ambcopenaghen.esteri.it\/it\/wp-json\/wp\/v2\/comments?post=39"}],"version-history":[{"count":8,"href":"https:\/\/ambcopenaghen.esteri.it\/it\/wp-json\/wp\/v2\/pages\/39\/revisions"}],"predecessor-version":[{"id":4276,"href":"https:\/\/ambcopenaghen.esteri.it\/it\/wp-json\/wp\/v2\/pages\/39\/revisions\/4276"}],"up":[{"embeddable":true,"href":"https:\/\/ambcopenaghen.esteri.it\/it\/wp-json\/wp\/v2\/pages\/13"}],"wp:attachment":[{"href":"https:\/\/ambcopenaghen.esteri.it\/it\/wp-json\/wp\/v2\/media?parent=39"}],"curies":[{"name":"wp","href":"https:\/\/api.w.org\/{rel}","templated":true}]}}