{"id":367,"date":"2023-08-01T11:09:29","date_gmt":"2023-08-01T09:09:29","guid":{"rendered":"https:\/\/ambcopenaghen.esteri.it\/?page_id=367"},"modified":"2023-11-23T16:52:52","modified_gmt":"2023-11-23T14:52:52","slug":"governo-danese","status":"publish","type":"page","link":"https:\/\/ambcopenaghen.esteri.it\/it\/italia-e-danimarca\/diplomazia-scientifica\/governo-danese\/","title":{"rendered":"Governo Danese"},"content":{"rendered":"<h3>Governo Mette Frederiksen II<\/h3>\n<p>In carica dal 15 dicembre 2022<\/p>\n<p><em>(aggiornato al 23 novembre 2023)<\/em><\/p>\n<p>Coalizione tra Socialdemocratici (S), Liberali (V), Moderati (M)<\/p>\n<p>&nbsp;<\/p>\n<table>\n<tbody>\n<tr>\n<td>\n<h3>Ministero<\/h3>\n<\/td>\n<td width=\"288\">\n<h3>Ministro<\/h3>\n<\/td>\n<\/tr>\n<tr>\n<td>Primo Ministro<\/td>\n<td width=\"288\">Mette Frederiksen (S)<\/td>\n<\/tr>\n<tr>\n<td>Difesa e Vice Primo Ministro<\/td>\n<td width=\"288\">Troels Lund Poulsen (V)<\/td>\n<\/tr>\n<tr>\n<td>Affari Esteri<\/td>\n<td width=\"288\">Lars L\u00f8kke Rasmussen (M)<\/td>\n<\/tr>\n<tr>\n<td>Finanze<\/td>\n<td width=\"288\">Nicolai Wammen (S)<\/td>\n<\/tr>\n<tr>\n<td>Interno e Sanit\u00e0<\/td>\n<td width=\"288\">Sophie L\u00f8hde (V)<\/td>\n<\/tr>\n<tr>\n<td>Giustizia<\/td>\n<td width=\"288\">Peter Hummelgaard (S)<\/td>\n<\/tr>\n<tr>\n<td>Cultura<\/td>\n<td width=\"288\">Jakob Engel-Schmidt (M)<\/td>\n<\/tr>\n<tr>\n<td>Economia<\/td>\n<td width=\"288\">Stephanie Lose (V)<\/td>\n<\/tr>\n<tr>\n<td>Industria<\/td>\n<td width=\"288\">Morten B\u00f8dskov (S)<\/td>\n<\/tr>\n<tr>\n<td>Cooperazione Internazionale e Politica Climatica Globale<\/td>\n<td width=\"288\">Dan J\u00f8rgensen (S)<\/td>\n<\/tr>\n<tr>\n<td>Ambiente<\/td>\n<td width=\"288\">Magnus Heunicke (S)<\/td>\n<\/tr>\n<tr>\n<td>Affari Sociali ed Abitazioni<\/td>\n<td width=\"288\">Pernille Rosenkrantz-Theil (S)<\/td>\n<\/tr>\n<tr>\n<td>Occupazione<\/td>\n<td width=\"288\">Ane Halsboe-J\u00f8rgensen (S)<\/td>\n<\/tr>\n<tr>\n<td>Minori e Pubblica Istruzione<\/td>\n<td width=\"288\">Mattias Tesfaye (S)<\/td>\n<\/tr>\n<tr>\n<td>Immigrazione ed Integrazione<\/td>\n<td width=\"288\">Kaare Dybvad Bek (S)<\/td>\n<\/tr>\n<tr>\n<td>Entrate<\/td>\n<td width=\"288\">Jeppe Bruus (S)<\/td>\n<\/tr>\n<tr>\n<td>Generi Alimentari, Agricoltura e Pesca<\/td>\n<td width=\"288\">Jacob Jensen (V)<\/td>\n<\/tr>\n<tr>\n<td>Trasporti<\/td>\n<td width=\"288\">Thomas Danielsen (V)<\/td>\n<\/tr>\n<tr>\n<td>Formazione e Ricerca<\/td>\n<td width=\"288\">Christina Egelund (M)<\/td>\n<\/tr>\n<tr>\n<td>Anziani<\/td>\n<td width=\"288\">Mette Kierkgaard (M)<\/td>\n<\/tr>\n<tr>\n<td>Clima, Energia e Approvvigionamento<\/td>\n<td width=\"288\">Lars Aagaard (M)<\/td>\n<\/tr>\n<tr>\n<td>Affari Ecclesiastici, Citt\u00e0 e Aree Rurali, Cooperazione Nordica<\/td>\n<td width=\"288\">Morten Dahlin (V)<\/td>\n<\/tr>\n<tr>\n<td>Digitalizzazione e Pari Opportunit\u00e0<\/td>\n<td width=\"288\">Mia Wagner (V)<\/td>\n<\/tr>\n<\/tbody>\n<\/table>\n","protected":false},"excerpt":{"rendered":"Governo Mette Frederiksen II In carica dal 15 dicembre 2022 (aggiornato al 23 novembre 2023) Coalizione tra Socialdemocratici (S), Liberali (V), Moderati (M) &nbsp; Ministero Ministro Primo Ministro Mette Frederiksen (S) Difesa e Vice Primo Ministro Troels Lund Poulsen (V) Affari Esteri Lars L\u00f8kke Rasmussen (M) Finanze Nicolai Wammen (S) Interno e Sanit\u00e0 Sophie L\u00f8hde [&hellip;]","protected":false},"author":4,"featured_media":0,"parent":45,"menu_order":0,"comment_status":"closed","ping_status":"closed","template":"","meta":{"footnotes":""},"class_list":["post-367","page","type-page","status-publish","hentry"],"_links":{"self":[{"href":"https:\/\/ambcopenaghen.esteri.it\/it\/wp-json\/wp\/v2\/pages\/367","targetHints":{"allow":["GET"]}}],"collection":[{"href":"https:\/\/ambcopenaghen.esteri.it\/it\/wp-json\/wp\/v2\/pages"}],"about":[{"href":"https:\/\/ambcopenaghen.esteri.it\/it\/wp-json\/wp\/v2\/types\/page"}],"author":[{"embeddable":true,"href":"https:\/\/ambcopenaghen.esteri.it\/it\/wp-json\/wp\/v2\/users\/4"}],"replies":[{"embeddable":true,"href":"https:\/\/ambcopenaghen.esteri.it\/it\/wp-json\/wp\/v2\/comments?post=367"}],"version-history":[{"count":5,"href":"https:\/\/ambcopenaghen.esteri.it\/it\/wp-json\/wp\/v2\/pages\/367\/revisions"}],"predecessor-version":[{"id":1787,"href":"https:\/\/ambcopenaghen.esteri.it\/it\/wp-json\/wp\/v2\/pages\/367\/revisions\/1787"}],"up":[{"embeddable":true,"href":"https:\/\/ambcopenaghen.esteri.it\/it\/wp-json\/wp\/v2\/pages\/45"}],"wp:attachment":[{"href":"https:\/\/ambcopenaghen.esteri.it\/it\/wp-json\/wp\/v2\/media?parent=367"}],"curies":[{"name":"wp","href":"https:\/\/api.w.org\/{rel}","templated":true}]}}