{"id":365,"date":"2023-08-01T11:07:48","date_gmt":"2023-08-01T09:07:48","guid":{"rendered":"https:\/\/ambcopenaghen.esteri.it\/?page_id=365"},"modified":"2023-08-01T11:07:48","modified_gmt":"2023-08-01T09:07:48","slug":"storia-della-danimarca","status":"publish","type":"page","link":"https:\/\/ambcopenaghen.esteri.it\/it\/italia-e-danimarca\/diplomazia-scientifica\/storia-della-danimarca\/","title":{"rendered":"Storia della Danimarca"},"content":{"rendered":"<p>Solo intorno alla fine dell&#8217;VIII secolo D.C. si form\u00f2 in Danimarca <strong>un&#8217;organizzazione statuale<\/strong>, quando il re Godfred costru\u00ec un baluardo nello Jutland del Sud per difendersi da Carlo Magno. Nel IX secolo inizi\u00f2 la penetrazione del Cristianesimo ed il processo di unificazione della Danimarca.<br \/>\nI <strong>vichinghi danesi<\/strong> e norvegesi esercitarono un&#8217;aggressiva attivit\u00e0 espansiva in Europa, conquistando l&#8217;Islanda e la Groenlandia e spingendosi, intorno all&#8221;anno 1000, fino alle coste nordamericane.<br \/>\nDurante circa quattro secoli, con alterne vicende, i vichinghi estesero il loro predominio alla Norvegia, alla Gran Bretagna, ai Paesi baltici ed ai territori tedeschi oltre l&#8217;Elba. Il centro politico del Regno divenne l&#8217;isola di Sj\u00e6lland, quello religioso la citt\u00e0 di Roskilde. Dal 1375 al 1523 i re danesi riuscirono ad esercitare stabilmente il proprio dominio su Norvegia, Svezia ed i Ducati di Schleswig-Holstein. Nel 1448 Cristiano I di Oldenburg divenne re di Danimarca, fondando la dinastia reale attualmente regnante nel Paese. Nel 1523 la Svezia si separ\u00f2 dalla Danimarca.<br \/>\nNel 1536 venne introdotta la <strong>Riforma Luterana<\/strong> e tutte le propriet\u00e0 della Chiesa Cattolica furono confiscate.<br \/>\nNel periodo dal 1625 al 1660 la Danimarca combatt\u00e8 due guerre contro la Svezia e, a seguito di tali conflitti, dovette cedere vari territori, particolarmente nella parte meridionale dell&#8217;attuale territorio svedese.<br \/>\nNel 1660, con re Federico III, la monarchia elettiva venne trasformata in ereditaria e nel 1665 il Parlamento attribu\u00ec tutti i poteri al Sovrano (&#8220;Legge del re&#8221;), instaurando un sistema assolutistico.<br \/>\nNella<strong> seconda met\u00e0 del\u2019700 e nei primi anni dell\u2019&#8217;800<\/strong> vennero attuate fondamentali riforme, con l&#8217;abolizione delle servit\u00f9 della gleba e delle corporazioni e l&#8217;introduzione delle libert\u00e0 individuali di espressione, di culto e di stampa. Nacque pertanto lo Stato moderno di Danimarca. Nel 1848, durante il regno di Federico VII, fu promulgata una nuova Costituzione che mutava lo Stato in una monarchia costituzionale e garantiva il suffragio universale.<br \/>\nDal <strong>1810 al 1864<\/strong> la Danimarca si alle\u00f2 con la Francia e si trov\u00f2 in conflitto contro Austria e Prussia, uscendone sconfitta e dovendo, quindi, cedere a queste ultime i Ducati di Schleswig, Holstein e Lauenburg. Gi\u00e0 precedentemente aveva perso la Norvegia a favore della Svezia.<br \/>\nDurante la <strong>Prima Guerra Mondiale<\/strong>, la Danimarca si dichiar\u00f2 neutrale e fu promulgata una nuova Costituzione democratica che garantiva alle donne il diritto di voto. Al termine della Guerra, l&#8217;Islanda divenne indipendente ed unita alla Danimarca solo attraverso la persona del Sovrano.<br \/>\nDurante la <strong>Seconda Guerra Mondiale<\/strong>, nonostante la firma di un patto di non-belligeranza, la Danimarca fu occupata dalla Germania dal 1940 al 1945. Il collaborazionismo con gli occupanti nazisti fu assai superiore alla resistenza.<\/p>\n<p>Nel 1949 la Danimarca ha aderito alla <strong>NATO<\/strong>.<br \/>\nNel 1953 una riforma costituzionale ha concesso il diritto di successione al trono alle donne ed istitutito un sistema parlamentare unicamerale (&#8220;Folketing&#8221;). Nel 1972 veniva pertanto incoronata Regina Margrethe II, della dinastia Gl\u00fccksborg.<br \/>\nNel 1973 la Danimarca \u00e8 entrata nella<strong> Comunit\u00e0 Economica Europea (CEE)<\/strong>.<\/p>\n","protected":false},"excerpt":{"rendered":"Solo intorno alla fine dell&#8217;VIII secolo D.C. si form\u00f2 in Danimarca un&#8217;organizzazione statuale, quando il re Godfred costru\u00ec un baluardo nello Jutland del Sud per difendersi da Carlo Magno. Nel IX secolo inizi\u00f2 la penetrazione del Cristianesimo ed il processo di unificazione della Danimarca. I vichinghi danesi e norvegesi esercitarono un&#8217;aggressiva attivit\u00e0 espansiva in Europa, [&hellip;]","protected":false},"author":4,"featured_media":0,"parent":45,"menu_order":0,"comment_status":"closed","ping_status":"closed","template":"","meta":{"footnotes":""},"class_list":["post-365","page","type-page","status-publish","hentry"],"_links":{"self":[{"href":"https:\/\/ambcopenaghen.esteri.it\/it\/wp-json\/wp\/v2\/pages\/365","targetHints":{"allow":["GET"]}}],"collection":[{"href":"https:\/\/ambcopenaghen.esteri.it\/it\/wp-json\/wp\/v2\/pages"}],"about":[{"href":"https:\/\/ambcopenaghen.esteri.it\/it\/wp-json\/wp\/v2\/types\/page"}],"author":[{"embeddable":true,"href":"https:\/\/ambcopenaghen.esteri.it\/it\/wp-json\/wp\/v2\/users\/4"}],"replies":[{"embeddable":true,"href":"https:\/\/ambcopenaghen.esteri.it\/it\/wp-json\/wp\/v2\/comments?post=365"}],"version-history":[{"count":1,"href":"https:\/\/ambcopenaghen.esteri.it\/it\/wp-json\/wp\/v2\/pages\/365\/revisions"}],"predecessor-version":[{"id":366,"href":"https:\/\/ambcopenaghen.esteri.it\/it\/wp-json\/wp\/v2\/pages\/365\/revisions\/366"}],"up":[{"embeddable":true,"href":"https:\/\/ambcopenaghen.esteri.it\/it\/wp-json\/wp\/v2\/pages\/45"}],"wp:attachment":[{"href":"https:\/\/ambcopenaghen.esteri.it\/it\/wp-json\/wp\/v2\/media?parent=365"}],"curies":[{"name":"wp","href":"https:\/\/api.w.org\/{rel}","templated":true}]}}