{"id":15,"date":"2023-04-11T17:08:57","date_gmt":"2023-04-11T15:08:57","guid":{"rendered":"https:\/\/ambasciatapraga.esteri.it\/?page_id=15"},"modified":"2026-04-07T09:47:04","modified_gmt":"2026-04-07T07:47:04","slug":"servizi-consolari-e-visti","status":"publish","type":"page","link":"https:\/\/ambcopenaghen.esteri.it\/it\/servizi-consolari-e-visti\/","title":{"rendered":"Servizi Consolari e Visti"},"content":{"rendered":"<h4 style=\"text-align: justify;\"><span style=\"text-decoration: underline;\"><strong>CANCELLERIA CONSOLARE<\/strong><\/span><\/h4>\n<p style=\"text-align: justify;\"><strong>Indirizzo della Cancelleria Consolare : \u00d8stergade 24B, 1100 K\u00f8benhavn<\/strong><\/p>\n<p style=\"text-align: justify;\"><strong>Orari di apertura al pubblico:<\/strong><\/p>\n<p style=\"text-align: justify;\">&#8211; dal luned\u00ec al venerd\u00ec dalle 09.30 alle 12.30;<br \/>\n&#8211; gioved\u00ec pomeriggio dalle 14.00 alle 15.30.<\/p>\n<p style=\"text-align: justify;\"><strong>Contatti:<\/strong><\/p>\n<p style=\"text-align: justify;\">E-mail: <a href=\"mailto:consolato.copenaghen@esteri.it\">consolato.copenaghen@esteri.it<\/a><br \/>\nSolo per richieste di passaporto: <a href=\"mailto:pass.copenaghen@esteri.it\">pass.copenaghen@esteri.it<\/a> (per info sezione <a href=\"https:\/\/ambcopenaghen.esteri.it\/ambasciata_copenaghen\/it\/informazioni_e_servizi\/servizi_consolari\/passaporti\">Passaporti<\/a>)<br \/>\nProcedura semplificata per iscrizioni AIRE e variazioni di indirizzo: <a href=\"https:\/\/serviziconsolari.esteri.it\/home\">QUI<\/a><\/p>\n<p style=\"text-align: justify;\">Telefono : dal luned\u00ec al venerd\u00ec, dalle 09.00 alle 14.00 : <strong><u>+45-39626877<\/u><\/strong>\u00a0(a questo numero risponder\u00e0 un operatore in grado di fornire risposte a questioni generali inerenti le pratiche della Cancelleria Consolare);<\/p>\n<p style=\"text-align: justify;\">Il marted\u00ec ed il mercoled\u00ec, dalle ore 14.00 alle 15.00, al numero <strong><u>+45 39183444 <\/u><\/strong>, per i connazionali che hanno gi\u00e0 pratiche aperte con il Consolato (Anagrafe, Passaporti, Stato Civile, Carte di Identit\u00e0, Codice Fiscale, Dichiarazioni di Valore, Cittadinanza, Pratiche Navali, Visti, Procure ed atti notarili, Legalizzazioni, esistenza in vita, etc.), sar\u00e0 possibile conoscerne lo stato di avanzamento contattando gli operatori della Cancelleria Consolare direttamente responsabili del procedimento. <span style=\"text-decoration: underline;\"><strong>Per informazioni riguardanti Passaporti, digitare il numero 3 (non il numero 4).<\/strong><\/span><\/p>\n<p style=\"text-align: justify;\">Al di fuori degli orari di reperibilit\u00e0, nel fine settimana e nei giorni festivi, <strong>solo in caso di comprovata emergenza e necessit\u00e0<\/strong>, si prega di chiamare al <strong>cellulare di emergenza <u>+45-21804069<\/u><\/strong> (operativo <strong>dalle 17 alle 22 nei giorni lavorativi e dalle 9 alle 22 nei giorni di chiusura del fine settimana e festivi<\/strong>).<\/p>\n<p style=\"text-align: justify;\"><span style=\"text-decoration: underline;\"><strong>Per il rimpatrio in Italia a seguito di smarrimento o furto di documenti, si prega di consultare la seguente pagina: <a href=\"https:\/\/ambcopenaghen.esteri.it\/it\/servizi-consolari-e-visti\/servizi-per-il-cittadino-italiano\/emergency-travel-documents-etd\/\">EMERGENCY TRAVEL DOCUMENTS (ETD)<\/a><\/strong><\/span><\/p>\n<p style=\"text-align: justify;\"><span style=\"text-decoration: underline;\"><strong>Per pratiche navali presso l&#8217;Autorit\u00e0 consolare in Danimarca, si prega di consultare la seguente pagina:<\/strong><\/span> <a href=\"https:\/\/ambcopenaghen.esteri.it\/it\/servizi-consolari-e-visti\/servizi-per-il-cittadino-italiano\/navigazione\/\" target=\"_blank\" rel=\"noopener\"><strong>NAVIGAZIONE<\/strong><\/a><\/p>\n<p style=\"text-align: justify;\"><strong>SERVIZI CONSOLARI<\/strong><\/p>\n<p style=\"text-align: justify;\">I servizi consolari sono erogati secondo principi di eguaglianza, imparzialit\u00e0, efficienza e trasparenza. La rete diplomatico-consolare assicura a tutti i connazionali tutela in caso di violazione dei loro diritti fondamentali e di limitazione o privazione della loro libert\u00e0 personale. Inoltre \u00e8 assicurata assistenza per i casi di emergenza, per la ricerca di familiari, per le pratiche di successione aperte all&#8217;estero e per il rimpatrio delle salme.<\/p>\n<p style=\"text-align: justify;\">Al seguente link sono disponibili i <strong>servizi consolari garantiti online sul portale FAST-IT<\/strong>: <a href=\"https:\/\/serviziconsolari.esteri.it\/ScoFE\/index.sco\">https:\/\/serviziconsolari.esteri.it\/ScoFE\/index.sco<\/a><\/p>\n<p style=\"text-align: justify;\">Il pagamento dei servizi allo sportello potr\u00e0 avvenire in contanti oppure con carta di debito.<\/p>\n<p style=\"text-align: justify;\"><strong>OBBLIGO<\/strong>\u00a0<strong>DI SEGNALAZIONE DEL NUOVO INDIRIZZO DI RESIDENZA<\/strong><\/p>\n<p style=\"text-align: justify;\">Nel caso di cambio di indirizzo di residenza, i cittadini italiani residenti in Danimarca e iscritti all&#8217;AIRE sono tenuti a\u00a0<strong>comunicare immediatamente il nuovo indirizzo alla Cancelleria Consolare<\/strong>, in quanto le autorit\u00e0 danesi non informano le autorit\u00e0 italiane di tale modifica. La mancata notifica di cambio di residenza comporta l&#8217;impossibilit\u00e0 di consegnare i plichi elettorali\u00a0alla persona interessata. A seguito di due tentativi di consegna non andati a buon fine, la persona interessata verr\u00e0 considerata\u00a0<strong>irreperibile<\/strong>\u00a0e, per questo,\u00a0<strong>cancellata dall&#8217;AIRE<\/strong>.<\/p>\n<p style=\"text-align: justify;\">Per notificare il cambio di indirizzo di residenza vi preghiamo di utilizzare il portale dei servizi consolari FAST-IT (procedura pi\u00f9 rapida); alternativamente, \u00e8 possibile\u00a0inviare una email a\u00a0<a href=\"mailto:consolato.copenaghen@esteri.it\">consolato.copenaghen@esteri.it<\/a>\u00a0con il nuovo indirizzo e una copia del vostro tesserino giallo in allegato, oppure\u00a0visitare la Cancelleria Consolare\u00a0durante i nostri orari di apertura al pubblico.<\/p>\n<p style=\"text-align: justify;\"><strong>DOCUMENTI PER MINORI<\/strong>:<\/p>\n<p style=\"text-align: justify;\">A partire dal 26 giugno 2012 tutti i minori, anche se viaggiano accompagnati dai genitori e siano eventualmente iscritti sui loro passaporti, devono essere muniti di un proprio documento di identit\u00e0 individuale.<\/p>\n<p style=\"text-align: justify;\">Si pregano pertanto i genitori che hanno figli minori iscritti sul proprio passaporto di voler provvedere a richiedere un idoneo documento di viaggio (passaporto o carta d&#8217;identit\u00e0) per i propri figli attraverso il portale <strong><a class=\"focus--mouse\" href=\"https:\/\/prenotami.esteri.it\/\" target=\"_blank\" rel=\"noopener\" data-focus-mouse=\"true\">PRENOT@MI<\/a>.<\/strong><\/p>\n<p style=\"text-align: justify;\"><strong>DOCUMENTI SMARRITI O RUBATI<\/strong>: PROCEDURE PER OTTENERNE LA RESTITUZIONE<\/p>\n<p style=\"text-align: justify;\">Si informa che le Carte d\u2019Identit\u00e0 e i Passaporti oggetto di furto o smarrimento all\u2019estero, in caso di rinvenimento, vengono di norma restituite dalle Autorit\u00e0 locali agli Uffici consolari nella cui circoscrizione \u00e8 avvenuto il furto o lo smarrimento. Dunque, si invitano coloro che abbiamo subito furto\/smarrimento in Danimarca e vogliano verificare lo stato del proprio documento, a contattare questa Cancelleria Consolare.<\/p>\n<p style=\"text-align: justify;\">Si segnala che l\u2019eventuale ritiro pu\u00f2 avvenire secondo le seguenti modalit\u00e0: presso la nostra Cancelleria consolare (\u00d8stergade 24B, 2.th.1100 Copenaghen K) o su richiesta dell\u2019interessato tramite servizio postale con spese di spedizione a suo carico.<\/p>\n<p style=\"text-align: justify;\">Si comunica che i documenti rinvenuti saranno distrutti nel caso in cui non ne sia stata richiesta la restituzione trascorso un anno dalla data di rinvenimento.<\/p>\n<p style=\"text-align: justify;\">Sul sito web <a href=\"http:\/\/www.viaggiaresicuri.it\">www.viaggiaresicuri.it<\/a> sono disponibili, per ogni singolo Paese, oltre ad una serie di informazioni aggiornate, tutte le indicazioni circa il documento di riconoscimento richiesto per l\u2019ingresso.<\/p>\n<p style=\"text-align: justify;\">Per informazioni sulle procedure da seguire per ottenerne la restituzione vedere l&#8217;apposita informativa sotto &#8220;Servizi consolari &gt; Passaporti&#8221; &gt; <strong><a href=\"https:\/\/ambcopenaghen.esteri.it\/it\/servizi-consolari-e-visti\/servizi-per-il-cittadino-italiano\/passaporti-e-carte-didentita\/altre-informazioni-utili-relative-ai-passaporti\/\" target=\"_blank\" rel=\"noopener\">Altre informazioni utili relative ai passaporti\u201d<\/a><\/strong><\/p>\n<p style=\"text-align: justify;\">\n","protected":false},"excerpt":{"rendered":"CANCELLERIA CONSOLARE Indirizzo della Cancelleria Consolare : \u00d8stergade 24B, 1100 K\u00f8benhavn Orari di apertura al pubblico: &#8211; dal luned\u00ec al venerd\u00ec dalle 09.30 alle 12.30; &#8211; gioved\u00ec pomeriggio dalle 14.00 alle 15.30. Contatti: E-mail: consolato.copenaghen@esteri.it Solo per richieste di passaporto: pass.copenaghen@esteri.it (per info sezione Passaporti) Procedura semplificata per iscrizioni AIRE e variazioni di indirizzo: QUI [&hellip;]","protected":false},"author":1,"featured_media":0,"parent":0,"menu_order":6,"comment_status":"closed","ping_status":"closed","template":"","meta":{"footnotes":""},"class_list":["post-15","page","type-page","status-publish","hentry"],"_links":{"self":[{"href":"https:\/\/ambcopenaghen.esteri.it\/it\/wp-json\/wp\/v2\/pages\/15","targetHints":{"allow":["GET"]}}],"collection":[{"href":"https:\/\/ambcopenaghen.esteri.it\/it\/wp-json\/wp\/v2\/pages"}],"about":[{"href":"https:\/\/ambcopenaghen.esteri.it\/it\/wp-json\/wp\/v2\/types\/page"}],"author":[{"embeddable":true,"href":"https:\/\/ambcopenaghen.esteri.it\/it\/wp-json\/wp\/v2\/users\/1"}],"replies":[{"embeddable":true,"href":"https:\/\/ambcopenaghen.esteri.it\/it\/wp-json\/wp\/v2\/comments?post=15"}],"version-history":[{"count":9,"href":"https:\/\/ambcopenaghen.esteri.it\/it\/wp-json\/wp\/v2\/pages\/15\/revisions"}],"predecessor-version":[{"id":5344,"href":"https:\/\/ambcopenaghen.esteri.it\/it\/wp-json\/wp\/v2\/pages\/15\/revisions\/5344"}],"wp:attachment":[{"href":"https:\/\/ambcopenaghen.esteri.it\/it\/wp-json\/wp\/v2\/media?parent=15"}],"curies":[{"name":"wp","href":"https:\/\/api.w.org\/{rel}","templated":true}]}}