{"id":101,"date":"2023-04-11T18:24:57","date_gmt":"2023-04-11T16:24:57","guid":{"rendered":"https:\/\/ambasciatapraga.esteri.it\/?page_id=101"},"modified":"2023-08-10T12:54:11","modified_gmt":"2023-08-10T10:54:11","slug":"lingua-e-cultura-italiana","status":"publish","type":"page","link":"https:\/\/ambcopenaghen.esteri.it\/it\/italia-e-danimarca\/diplomazia-culturale\/lingua-e-cultura-italiana\/","title":{"rendered":"Lingua e Cultura italiana"},"content":{"rendered":"<p>Esistono in Danimarca\u00a0vari\u00a0comitati della\u00a0<a href=\"http:\/\/www.dante-alighieri.dk\/\">Societ\u00e0 Dante Alighieri<\/a> in varie citt\u00e0. La lingua italiana \u00e8 insegnata all\u2019Universit\u00e0 di Copenaghen. L\u2019italiano viene inoltre insegnato in numerosi licei\u00a0e scuole serali\/corsi per gli adulti. Gli studenti d&#8217; italiano sono circa 50 a livello universitario e circa 500 a livello di liceo.<br \/>\nLa cultura \u00e8 una importante dimensione della politica estera italiana e l&#8217;<a href=\"https:\/\/iiccopenaghen.esteri.it\/iic_copenaghen\/it\/\">Istituto Italiano di Cultura di Copenaghen<\/a>\u00a0ha quale obiettivo quello di promuovere e di diffondere la lingua e la cultura italiana in Danimarca attraverso l&#8217;organizzazione di eventi culturali per favorire la circolazione delle idee, delle arti e delle scienze.<\/p>\n<p>L&#8217;Istituto Italiano di Cultura di Copenaghen offre al pubblico\u00a0danese i seguenti servizi:<br \/>\n&#8211; una Biblioteca italiana per la consultazione e il prestito di libri, cd, e dvd per i soci dell\u2019Istituto<br \/>\n&#8211; un servizio di informazione e documentazione sull\u2019Italia nel campo culturale<br \/>\n&#8211; un servizio di orientamento universitario e di informazione su scuole, accademie e universit\u00e0 italiane.<\/p>\n<p>Inoltre, l\u2019Istituto Italiano di Cultura di Copenaghen:<br \/>\n&#8211; ospita proiezioni video, mostre, concerti, conferenze, seminari e molti altri eventi culturali<br \/>\n&#8211; gestisce le assegnazioni delle borse di studio offerte dal governo italiano ai cittadini danesi<\/p>\n<p><span lang=\"IT\">&#8212;&#8212;&#8212;&#8212;<\/span><\/p>\n<h3>Dizionario di Ortografia e Pronuncia (DOP) prodotto da Edizioni RAI<\/h3>\n<p>Si informa che la RAI ha pubblicato un nuovo Dizionario di Ortografia e Pronuncia (Edizioni RAI), disponibile gratuitamente sul sito\u00a0<a title=\"www.dizionario.rai.it\" href=\"http:\/\/www.dizionario.rai.it\/\">www.dizionario.rai.it<\/a>.<br \/>\nL&#8217;opera contiene circa 100.000 parole e pu\u00f2 rappresentare, in particolare nella versione telematica, un utile strumento per la promozione all&#8217;estero del patrimonio linguistico italiano nella sua ricchezza e complessit\u00e0.<\/p>\n<p><img loading=\"lazy\" decoding=\"async\" class=\"r48jcc pT0Scc iPVvYb\" src=\"https:\/\/amblondra.esteri.it\/wp-content\/uploads\/2023\/05\/d-o-p.jpg\" alt=\"Dizionario Rai di Ortografia e Pronunzia \u2013 lancio della nuova edizione \u2013 Ambasciata d'Italia a Londra\" width=\"144\" height=\"71\" aria-hidden=\"false\" \/><\/p>\n<p><span lang=\"IT\">&#8212;&#8212;&#8212;&#8212;<\/span><\/p>\n<p>&nbsp;<\/p>\n<p><strong>GOOGLE CULTURE:<\/strong><\/p>\n<p><a href=\"http:\/\/www.google.com\/culturalinstitute\/project\/made-in-italy?hl=it\"><img loading=\"lazy\" decoding=\"async\" class=\"\" src=\"https:\/\/ambcopenaghen.esteri.it\/resource\/2014\/02\/GoogleCulture.jpg\" alt=\"Google Culture\" width=\"393\" height=\"244\" border=\"0\" \/><\/a><\/p>\n<p>Altri link utili:<\/p>\n<p><a href=\"https:\/\/www.beniculturali.it\/\"><img loading=\"lazy\" decoding=\"async\" class=\"r48jcc pT0Scc iPVvYb\" src=\"https:\/\/upload.wikimedia.org\/wikipedia\/it\/thumb\/9\/9a\/MiC_-_Ministero_della_Cultura.svg\/1200px-MiC_-_Ministero_della_Cultura.svg.png\" alt=\"Ministero della cultura - Wikipedia\" width=\"207\" height=\"67\" aria-hidden=\"false\" \/><\/a>\u00a0 \u00a0\u00a0\u00a0\u00a0\u00a0\u00a0\u00a0\u00a0\u00a0\u00a0\u00a0 <a href=\"https:\/\/www.museionline.info\/\"><img loading=\"lazy\" decoding=\"async\" class=\"alignnone wp-image-357 img-fluid\" src=\"https:\/\/ambcopenaghen.esteri.it\/wp-content\/uploads\/2023\/07\/logo-musei-300x55.png\" alt=\"logo https:\/\/www.museionline.info\/\" width=\"267\" height=\"49\" srcset=\"https:\/\/ambcopenaghen.esteri.it\/wp-content\/uploads\/2023\/07\/logo-musei-300x55.png 300w, https:\/\/ambcopenaghen.esteri.it\/wp-content\/uploads\/2023\/07\/logo-musei.png 370w\" sizes=\"auto, (max-width: 267px) 100vw, 267px\" \/><\/a><\/p>\n<p>&nbsp;<\/p>\n<p><span lang=\"IT\">&#8212;&#8212;&#8212;&#8212;<\/span><\/p>\n<p><strong>PRINCIPALI &#8220;CULT FILM&#8221; E PROGRAMMI TELEVISIVI DI ARGOMENTO ITALO-DANESE<\/strong>:<\/p>\n<p><a title=\"Italiano per principianti\" href=\"http:\/\/it.wikipedia.org\/wiki\/Italiano_per_principianti\" target=\"_blank\" rel=\"noopener\">Italiano per Principianti<\/a>\u00a0di Lone Scherfig<\/p>\n<p><a title=\"Love is All you need\" href=\"http:\/\/it.wikipedia.org\/wiki\/Love_Is_All_You_Need\" target=\"_blank\" rel=\"noopener\">Love is All you need (Den skaldede fris\u00f8r)<\/a>\u00a0di Susanne Bier<\/p>\n<p><a title=\"Falkehjerte\" href=\"http:\/\/www.dfi.dk\/faktaomfilm\/film\/da\/27293.aspx?id=27293\" target=\"_blank\" rel=\"noopener\">Falkehjerte<\/a>\u00a0di Lars Hasselholdt<\/p>\n<p><a title=\"Min italienske dr\u00f8m\" href=\"http:\/\/www.dr.dk\/tv\/se\/min-italienske-droem\/min-italienske-droem-1-10\" target=\"_blank\" rel=\"noopener\">Min italienske dr\u00f8m<\/a>, serie televisiva in 10 puntate di Eva Ravnb\u00f8l, trasmessa sul primo canale nazionale DR1<\/p>\n<p><a title=\"Ulla Terkelsen i Italien\" href=\"http:\/\/play.tv2.dk\/programmer\/rejser-eventyr\/serier\/ulla-terkelsen-i-italien\/tag-med-til-ullas-italien-snigpremiere-94082\/\" target=\"_blank\" rel=\"noopener\">Ulla Terkelsen i Italien<\/a>, serie di approfondimento su molteplici aspetti del nostro Paese<\/p>\n<p><a title=\"Il vichingo venuto dal Sud\" href=\"http:\/\/www.youtube.com\/watch?v=bwEectl6qxA\" target=\"_blank\" rel=\"noopener\">Il vichingo venuto dal Sud<\/a>\u00a0di Steno<\/p>\n<p>Per le\u00a0<strong>Isole Faroe\u00a0<\/strong>il cult film per eccellenza \u00e8<br \/>\n<a title=\"Barbara\" href=\"http:\/\/en.wikipedia.org\/wiki\/Barbara_(1997_film)\" target=\"_blank\" rel=\"noopener\">Barbara<\/a>\u00a0di Nils Malmros<\/p>\n<p>Per la\u00a0<strong>Groenlandia<\/strong>\u00a0il cult film per eccellenza \u00e8<br \/>\n<a title=\"Barbara\" href=\"http:\/\/en.wikipedia.org\/wiki\/Barbara_(1997_film)\" target=\"_blank\" rel=\"noopener\">Il senso di Smilla per la neve<\/a>\u00a0di Bille August<\/p>\n<p><span lang=\"IT\">\u00a0<\/span><\/p>\n","protected":false},"excerpt":{"rendered":"Esistono in Danimarca\u00a0vari\u00a0comitati della\u00a0Societ\u00e0 Dante Alighieri in varie citt\u00e0. La lingua italiana \u00e8 insegnata all\u2019Universit\u00e0 di Copenaghen. L\u2019italiano viene inoltre insegnato in numerosi licei\u00a0e scuole serali\/corsi per gli adulti. Gli studenti d&#8217; italiano sono circa 50 a livello universitario e circa 500 a livello di liceo. La cultura \u00e8 una importante dimensione della politica estera [&hellip;]","protected":false},"author":1,"featured_media":0,"parent":44,"menu_order":0,"comment_status":"closed","ping_status":"closed","template":"","meta":{"footnotes":""},"class_list":["post-101","page","type-page","status-publish","hentry"],"_links":{"self":[{"href":"https:\/\/ambcopenaghen.esteri.it\/it\/wp-json\/wp\/v2\/pages\/101","targetHints":{"allow":["GET"]}}],"collection":[{"href":"https:\/\/ambcopenaghen.esteri.it\/it\/wp-json\/wp\/v2\/pages"}],"about":[{"href":"https:\/\/ambcopenaghen.esteri.it\/it\/wp-json\/wp\/v2\/types\/page"}],"author":[{"embeddable":true,"href":"https:\/\/ambcopenaghen.esteri.it\/it\/wp-json\/wp\/v2\/users\/1"}],"replies":[{"embeddable":true,"href":"https:\/\/ambcopenaghen.esteri.it\/it\/wp-json\/wp\/v2\/comments?post=101"}],"version-history":[{"count":10,"href":"https:\/\/ambcopenaghen.esteri.it\/it\/wp-json\/wp\/v2\/pages\/101\/revisions"}],"predecessor-version":[{"id":676,"href":"https:\/\/ambcopenaghen.esteri.it\/it\/wp-json\/wp\/v2\/pages\/101\/revisions\/676"}],"up":[{"embeddable":true,"href":"https:\/\/ambcopenaghen.esteri.it\/it\/wp-json\/wp\/v2\/pages\/44"}],"wp:attachment":[{"href":"https:\/\/ambcopenaghen.esteri.it\/it\/wp-json\/wp\/v2\/media?parent=101"}],"curies":[{"name":"wp","href":"https:\/\/api.w.org\/{rel}","templated":true}]}}