{"id":603,"date":"2023-08-02T11:12:32","date_gmt":"2023-08-02T09:12:32","guid":{"rendered":"https:\/\/ambcopenaghen.esteri.it\/?page_id=603"},"modified":"2025-03-13T13:29:21","modified_gmt":"2025-03-13T11:29:21","slug":"advokatkontorer","status":"publish","type":"page","link":"https:\/\/ambcopenaghen.esteri.it\/da\/servizi-consolari-e-visti\/servizi-per-il-cittadino-italiano\/advokatkontorer\/","title":{"rendered":"Advokatkontorer"},"content":{"rendered":"<p>Nedenfor finder du navne og kontaktoplysninger p\u00e5 en r\u00e6kke advokater, som du kan henvende dig til, hvis du har brug juridisk bistand, ligesom du naturligvis kan henvende sig til andre fagpersoner efter eget valg.<\/p>\n<p>Bem\u00e6rk venligst, at listen er udarbejdet efter anmodning om optagelse fra fagpersonerne selv. Den skal derfor betragtes som en \u00e5ben og ikke-udt\u00f8mmende liste.<\/p>\n<p>Det skal ogs\u00e5 bem\u00e6rkes, at Ambassaden ikke er ansvarlig for kvaliteten af den service, der leveres af disse fagfolk, eller for deres arbejde i \u00f8vrigt eller for de honorarer, der opkr\u00e6ves.<\/p>\n<p>&nbsp;<\/p>\n<p>Advokaterne p\u00e5 listen opfylder f\u00f8lgende minimumskrav:<\/p>\n<p>1) Kendskab til det italienske sprog, ud over dansk;<\/p>\n<p>2) Juridiske kvalifikationer til at ud\u00f8ve erhvervet og registrering i de relevante registre og\/eller den professionelle orden.<\/p>\n<p>3) Grundigt kendskab til lokal og italiensk lovgivning inden for den specifikke sektor.<\/p>\n<p>&nbsp;<\/p>\n<p>For blive optaget p\u00e5 Ambassadens referenceliste over advokater og advokatfirmaer skal man indsende en formel anmodning pr. e-mail til <a href=\"mailto:info.copenaghen@esteri.it\">info.copenaghen@esteri.it<\/a>.<\/p>\n<p>Anmodningen til Ambassaden skal ledsages af en selvcertificering af ans\u00f8gers juridiske kvalifikationer til at ud\u00f8ve erhvervet og registrering i den relevante professionelle orden, samt ans\u00f8gers kendskab til det italienske sprog og en erkl\u00e6ring om, at vedkommende ikke er blevet d\u00f8mt for nogen strafbare handlinger og ikke er genstand for en verserende straffesag.<\/p>\n<p>Ambassaden forbeholder sig retten til at vurdere, om ovenn\u00e6vnte krav er opfyldt.<\/p>\n<p>&nbsp;<\/p>\n<p>&nbsp;<\/p>\n<h3><strong>Offentlig liste over advokater og advokatfirmaer<br \/>\n<\/strong><\/h3>\n<div><\/div>\n<div><strong>DANMARK<\/strong><\/div>\n<div><\/div>\n<div>\n<table class=\"table\">\n<tbody>\n<tr>\n<td><strong>Advokatkontor<\/strong><\/td>\n<td><strong>\u00a0\u00a0 \u00a0<\/strong><\/td>\n<td><strong>360 Law Firm\u00a0Advokatpartnerselskab<\/strong><\/td>\n<\/tr>\n<tr>\n<td>Advokat<\/td>\n<td><\/td>\n<td>Avv. Luigi Farina \u2013 italiensk modersm\u00e5l<\/td>\n<\/tr>\n<tr>\n<td>Adresse<\/td>\n<td><\/td>\n<td>Gl. Kongevej 60 &#8211;\u00a01850 Frederiksberg (Copenaghen)<\/td>\n<\/tr>\n<tr>\n<td>Tlf.<\/td>\n<td><\/td>\n<td>+45 22 43 17 11<\/td>\n<\/tr>\n<tr>\n<td>Fax<\/td>\n<td><\/td>\n<td>&#8211;<\/td>\n<\/tr>\n<tr>\n<td>Email<\/td>\n<td><\/td>\n<td><a href=\"mailto:luf@360-lawfirm.com\">luf@360-lawfirm.com<\/a><\/td>\n<\/tr>\n<tr>\n<td>Web page<\/td>\n<td><\/td>\n<td><a href=\"http:\/\/www.360-lawfirm.com\">www.360-lawfirm.com<\/a><\/td>\n<\/tr>\n<tr>\n<td>Speciale<\/td>\n<td><\/td>\n<td>\n<ul>\n<li>Selskabsret<\/li>\n<li>Handelsret<\/li>\n<li>Bygge- og udbudsretappalti<\/li>\n<li>Regnskab og l\u00f8nninger<\/li>\n<\/ul>\n<p>&nbsp;<\/td>\n<\/tr>\n<\/tbody>\n<\/table>\n<\/div>\n<p>&nbsp;<\/p>\n<table class=\"table\" style=\"height: 518px;\" width=\"636\">\n<tbody>\n<tr>\n<td><strong>Advokatkontor<\/strong><\/td>\n<td><\/td>\n<td><strong>DLA Piper Denmark <\/strong><\/td>\n<\/tr>\n<tr>\n<td>Advokat<\/td>\n<td><\/td>\n<td>Sebastian Lysholm Nielsen \u2013 italiensk modersm\u00e5l<\/td>\n<\/tr>\n<tr>\n<td>Adresse<\/td>\n<td><\/td>\n<td>Tuborg Boulevard 12 &#8211; 2900 Hellerup<\/td>\n<\/tr>\n<tr>\n<td>Tlf.<\/td>\n<td><\/td>\n<td>+45 53 56 22 31<\/td>\n<\/tr>\n<tr>\n<td>Fax.<\/td>\n<td><\/td>\n<td>&#8211;<\/td>\n<\/tr>\n<tr>\n<td>Email<\/td>\n<td><\/td>\n<td><a href=\"mailto:sebastian.nielsen@dk.dlapiper.com\">sebastian.nielsen@dk.dlapiper.com<\/a><\/td>\n<\/tr>\n<tr>\n<td>Web page<\/td>\n<td><\/td>\n<td><a href=\"https:\/\/denmark.dlapiper.com\/en\/people\/sebastian-lysholm-nielsen\" target=\"_blank\" rel=\"noopener\">https:\/\/denmark.dlapiper.com\/en\/people\/sebastian-lysholm-nielsen<\/a><\/td>\n<\/tr>\n<tr>\n<td>Speciale<\/td>\n<td><\/td>\n<td>\n<ul>\n<li>International erhvervsret<\/li>\n<li>Selskabsret\/M&amp;A<\/li>\n<li>Bank-\/finans-\/forsikringsret<\/li>\n<li>Skatteret<\/li>\n<li>Byggeret<\/li>\n<li>Ejendomsret<\/li>\n<li>Administrativ ret<\/li>\n<li>Konkurrenceret<\/li>\n<li>Arbejdsret<\/li>\n<li>Konkursret<\/li>\n<li>Intellektuel ejedomsret og litigation<\/li>\n<\/ul>\n<\/td>\n<\/tr>\n<\/tbody>\n<\/table>\n<p>&nbsp;<\/p>\n<table class=\"table\">\n<tbody>\n<tr align=\"left\" valign=\"top\">\n<td align=\"left\" valign=\"middle\"><strong>\u00a0Advokatfirma<\/strong><\/td>\n<td><\/td>\n<td align=\"left\" valign=\"middle\">\u00a0<strong>Valcelli Law Advokatanpartsselskab<\/strong><\/td>\n<\/tr>\n<tr>\n<td align=\"center\" valign=\"top\">Advokat<\/td>\n<td><\/td>\n<td align=\"left\" valign=\"top\">\u00a0Oliver Valcelli<\/td>\n<\/tr>\n<tr>\n<td align=\"center\" valign=\"top\">Adresse<\/td>\n<td><\/td>\n<td align=\"left\" valign=\"top\">Blegdamsvej 114 &#8211; 2100 K\u00f8benhavn<\/td>\n<\/tr>\n<tr>\n<td align=\"center\" valign=\"top\">Tel.<\/td>\n<td><\/td>\n<td align=\"left\" valign=\"top\">+45 2532 8507<\/td>\n<\/tr>\n<tr>\n<td align=\"center\" valign=\"top\">Email<\/td>\n<td><\/td>\n<td align=\"left\" valign=\"top\"><a href=\"mailto:law@valcelli.dk\">law@valcelli.dk<\/a><\/td>\n<\/tr>\n<tr>\n<td align=\"center\" valign=\"top\">Web<\/td>\n<td><\/td>\n<td align=\"left\" valign=\"top\"><a href=\"https:\/\/www.360-lawfirm.com\/\">valcellilaw.dk<\/a><\/td>\n<\/tr>\n<tr>\n<td align=\"center\" valign=\"top\">Speciale<\/td>\n<td><\/td>\n<td align=\"left\" valign=\"top\">\n<ul>\n<li>Selskabsret<\/li>\n<li>Erhvervsret<\/li>\n<li>Ejendomsret<\/li>\n<\/ul>\n<\/td>\n<\/tr>\n<\/tbody>\n<\/table>\n<p>&nbsp;<\/p>\n<table width=\"447\">\n<tbody>\n<tr>\n<td><strong>Advokatkontor<\/strong><\/td>\n<td><strong>\u00a0\u00a0 \u00a0<\/strong><\/td>\n<td><strong>Advokatfirma Sandra Moll Dirscherl<\/strong><\/td>\n<\/tr>\n<tr>\n<td>Advokat<\/td>\n<td><\/td>\n<td>Avv. Sandra Moll \u2013 italiensk modersm\u00e5l<\/td>\n<\/tr>\n<tr>\n<td>Adresse<\/td>\n<td><\/td>\n<td>Bredgade 56, 1260 (K\u00f8benhavn)<\/td>\n<\/tr>\n<tr>\n<td>Tlf.<\/td>\n<td><\/td>\n<td>+45 31 35 35 60<\/td>\n<\/tr>\n<tr>\n<td>Fax<\/td>\n<td><\/td>\n<td>&#8211;<\/td>\n<\/tr>\n<tr>\n<td>Email<\/td>\n<td><\/td>\n<td><a href=\"mailto:sam@advokathusetbredgade.dk\">sam@advokathusetbredgade.dk<\/a><\/td>\n<\/tr>\n<tr>\n<td>web<\/td>\n<td><\/td>\n<td><a href=\"mailto:sam@advokathusetbredgade.dk\">sam@advokathusetbredgade.dk<\/a><\/td>\n<\/tr>\n<tr>\n<td>Speciale<\/td>\n<td><\/td>\n<td>\n<ul>\n<li>Civilret<\/li>\n<li>Familieret<\/li>\n<li>Handelsret (k\u00f8b af ejendom)<\/li>\n<li>Strafferet<\/li>\n<li>G\u00e6ldsinddrivelse<\/li>\n<\/ul>\n<\/td>\n<\/tr>\n<\/tbody>\n<\/table>\n<table class=\"table\" border=\"0\">\n<tbody>\n<tr>\n<td><strong>\u00a0<\/strong><\/td>\n<td><\/td>\n<\/tr>\n<\/tbody>\n<\/table>\n","protected":false},"excerpt":{"rendered":"Nedenfor finder du navne og kontaktoplysninger p\u00e5 en r\u00e6kke advokater, som du kan henvende dig til, hvis du har brug juridisk bistand, ligesom du naturligvis kan henvende sig til andre fagpersoner efter eget valg. Bem\u00e6rk venligst, at listen er udarbejdet efter anmodning om optagelse fra fagpersonerne selv. Den skal derfor betragtes som en \u00e5ben og [&hellip;]","protected":false},"author":6,"featured_media":0,"parent":192,"menu_order":27,"comment_status":"closed","ping_status":"closed","template":"","meta":{"footnotes":""},"class_list":["post-603","page","type-page","status-publish","hentry"],"_links":{"self":[{"href":"https:\/\/ambcopenaghen.esteri.it\/da\/wp-json\/wp\/v2\/pages\/603","targetHints":{"allow":["GET"]}}],"collection":[{"href":"https:\/\/ambcopenaghen.esteri.it\/da\/wp-json\/wp\/v2\/pages"}],"about":[{"href":"https:\/\/ambcopenaghen.esteri.it\/da\/wp-json\/wp\/v2\/types\/page"}],"author":[{"embeddable":true,"href":"https:\/\/ambcopenaghen.esteri.it\/da\/wp-json\/wp\/v2\/users\/6"}],"replies":[{"embeddable":true,"href":"https:\/\/ambcopenaghen.esteri.it\/da\/wp-json\/wp\/v2\/comments?post=603"}],"version-history":[{"count":3,"href":"https:\/\/ambcopenaghen.esteri.it\/da\/wp-json\/wp\/v2\/pages\/603\/revisions"}],"predecessor-version":[{"id":3513,"href":"https:\/\/ambcopenaghen.esteri.it\/da\/wp-json\/wp\/v2\/pages\/603\/revisions\/3513"}],"up":[{"embeddable":true,"href":"https:\/\/ambcopenaghen.esteri.it\/da\/wp-json\/wp\/v2\/pages\/192"}],"wp:attachment":[{"href":"https:\/\/ambcopenaghen.esteri.it\/da\/wp-json\/wp\/v2\/media?parent=603"}],"curies":[{"name":"wp","href":"https:\/\/api.w.org\/{rel}","templated":true}]}}