{"id":593,"date":"2023-08-01T15:30:37","date_gmt":"2023-08-01T13:30:37","guid":{"rendered":"https:\/\/ambcopenaghen.esteri.it\/?page_id=593"},"modified":"2023-09-20T15:28:37","modified_gmt":"2023-09-20T13:28:37","slug":"folkeregister-for-italienere-bosiddende-i-udlandet-aire","status":"publish","type":"page","link":"https:\/\/ambcopenaghen.esteri.it\/da\/servizi-consolari-e-visti\/servizi-per-il-cittadino-italiano\/folkeregister-for-italienere-bosiddende-i-udlandet-aire\/","title":{"rendered":"Folkeregister for italienere bosiddende i udlandet (A.I.R.E)"},"content":{"rendered":"<p>Folkeregistret for italienere bosiddende i udlandet (A.I.R.E.) blev oprettet ved Lov nr. 470 af 27. oktober 1988 og er et register over italienske statsborgere som er bosiddende i udlandet i mere end 12 m\u00e5neder. Registret forvaltes af de italienske kommuner p\u00e5 baggrund af de oplysninger, som de modtager fra de italienske konsulater i udlandet.<\/p>\n<p>Italienske statsborgere har pligt til at tilmelde sig A.I.R.E. (jf. Lov 470\/1988) og tilmeldingen er en foruds\u00e6tning for borgerens adgang til en r\u00e6kke konsul\u00e6re ydelser og vigtige rettigheder, som f.eks.:<\/p>\n<ul>\n<li>Muligheden for at kunne brevstemme fra Danmark til valg og folkeafstemninger i Italien, samt stemme p\u00e5 de italienske kandidater ved valg til Europaparlamentet;<\/li>\n<li>Muligheden for at f\u00e5 udstedt eller fornyet ID- og rejsedokumenter samt diverse attester.<\/li>\n<\/ul>\n<p><strong>\u00a0<\/strong><\/p>\n<p><strong>F\u00f8lgende personer skal tilmelde sig A.I.R.E.:<\/strong><\/p>\n<ul>\n<li>Italienske statsborgere, som har bop\u00e6l i udlandet i <u>mere end 12 m\u00e5neder<\/u>;<\/li>\n<li>Italienske statsborgere som allerede bor i udlandet, enten fordi de er f\u00f8dt i udlandet eller fordi de efterf\u00f8lgende har opn\u00e5et italiensk statsborgerskab.<\/li>\n<\/ul>\n<p><strong>\u00a0<\/strong><\/p>\n<p><strong>F\u00f8lgende personer skal ikke tilmeldes A.I.R.E.:<\/strong><\/p>\n<ul>\n<li>Italienske statsborgere som tager til udlandet i en periode af mindre end 1 \u00e5rs varighed;<\/li>\n<li>S\u00e6sonarbejdere;<\/li>\n<li>Udstationerede medarbejdere fra den italienske udenrigstjeneste, som h\u00f8rer ind under Wienerkonventionerne om diplomatiske relationer og konsul\u00e6re relationer fra hhv. 1961 og 1963;<\/li>\n<li>Italienske milit\u00e6rfolk som er udstationerede ved NATOs kontorer og baser i udlandet.<\/li>\n<\/ul>\n<p><strong>\u00a0<\/strong><\/p>\n<p><strong>Tilmelding til A.I.R.E.<\/strong><\/p>\n<p>Tilmeldingen til A.I.R.E. finder sted, n\u00e5r den p\u00e5g\u00e6ldende person har afgivet en erkl\u00e6ring herom til Konsulatsafdelingen senest 90 dage efter at vedkommende har flyttet sin bop\u00e6l til Danmark. Tilmeldingen indeb\u00e6rer, at personen samtidig f\u00e5r slettet sin bop\u00e6l i det lokale folkeregister, \u2019Anagrafe della Popolazione Residente (A.P.R.)\u2019, i sin hjemkommune i Italien.<\/p>\n<p>Hvis man registrerer sig p\u00e5 portalen for konsul\u00e6re ydelser <a href=\"https:\/\/serviziconsolarionline.esteri.it\/ScoFE\/login.sco?cid=1903636\"><strong>FAST-IT<\/strong><\/a>, kan man anmode om tilmelding til AIRE direkte online uden at skulle m\u00f8de op p\u00e5 Konsulatsafdelingen. Anmodningen skal vedl\u00e6gges en kopi af ID-dokument samt dokumentation for at vedkommende har bop\u00e6l i Danmark. Som alternativ til portalen, kan man downloade ans\u00f8gningsskemaerne under sektionen <a href=\"https:\/\/ambcopenaghen.esteri.it\/ambasciata_copenaghen\/it\/in-linea-con-utente\/modulistica\/modulistica.html\">Modulistica<\/a>, og sende dem til e-mail adressen: <a href=\"mailto:consolato.copenaghen@esteri.it\">consolato.copenaghen@esteri.it<\/a> .<\/p>\n<p>Grundet den konstant stigende eftersp\u00f8rgsel p\u00e5 tilmeldinger og opdateringer hos vores Konsulatsafdeling kan sagsbehandlingen tage nogle uger. Vi g\u00f8r i den forbindelse opm\u00e6rksom p\u00e5, at <u>datoen for tilmeldingen til<\/u> <u>A.I.R.E. fasts\u00e6ttes med tilbagevirkende kraft til datoen for indsendelsen af anmodningen via FAST-IT<\/u> (Dette g\u00e6lder for anmodninger som accepteres direkte og for anmodninger, som accepteres efter modtagelsen af yderligere dokumentation eller rettelser. Men det g\u00e6lder IKKE for anmodninger, som er blevet afvist).<\/p>\n<p>Det er gratis at tilmelde sig til A.I.R.E. Tilmeldingen kan ogs\u00e5 ske p\u00e5 baggrund af oplysninger, som Konsulatsafdelingen er kommet i besiddelse af.<\/p>\n<p><strong>\u00a0<\/strong><\/p>\n<p><strong>Registrering af mindre\u00e5rige i A.I.R.E <\/strong><\/p>\n<p>Tilmeldingen af mindre\u00e5rige italienske statsborgere f\u00f8dt i udlandet, hvis for\u00e6ldre er bosiddende i udlandet, foretages samtidig med registreringen af f\u00f8dselsattesten.<\/p>\n<p>Tilmeldingen af mindre\u00e5rige italienere f\u00f8dt i Italien, hvis for\u00e6ldre er bosiddende i udlandet, foretages direkte af den tilforordnede myndighed i Italien samtidig med registreringen af f\u00f8dslen. Kommunen informerer derefter Konsulatsafdelingen med henblik p\u00e5 opdateringen af registret.<\/p>\n<p><strong>\u00a0<\/strong><\/p>\n<p><strong>Tilmelding til A.I.R.E af mindre\u00e5rige, som bor med den ene for\u00e6lder<\/strong><\/p>\n<p>Tilmeldingen af mindre\u00e5rige med italiensk eller med dobbelt statsborgerskab er obligatorisk, hvad enten barnet bor med sin italienske for\u00e6lder eller med sin udenlandske for\u00e6lder.<\/p>\n<p>I sidstn\u00e6vnte tilf\u00e6lde (mindre\u00e5rig med kun italiensk eller dobbelt statsborgerskab bosiddende hos sin ikke-italienske for\u00e6lder), kan anmodningen om tilmelding til AIRE fremsendes af enten den italienske for\u00e6lder eller af den udenlandske for\u00e6lder, som barnet bor hos. Det er en fordel, hvis den anden for\u00e6lder har givet fuldmagt hertil.<\/p>\n<p>Det understreges, at AIRE-registreringen af en mindre\u00e5rig <strong>udelukkende har til form\u00e5l at bekr\u00e6fte borgerens faktiske bop\u00e6l<\/strong> (dvs. s\u00e6dvanlige opholdssted) i udlandet og derfor er <strong>uafh\u00e6ngig af eventuelle tvister<\/strong>, der m\u00e5tte opst\u00e5 som f\u00f8lge af foranstaltninger truffet af de italienske eller danske myndigheder.<\/p>\n<p><strong>\u00a0<\/strong><\/p>\n<p><strong>\u00c6ndringer i A.I.R.E.<\/strong><\/p>\n<p>Hvis man allerede er tilmeldt A.I.R.E., kan man via portalen <a href=\"https:\/\/serviziconsolarionline.esteri.it\/ScoFE\/login.sco?cid=1903636\"><strong>FAST-IT<\/strong><\/a> meddele sin ny bop\u00e6lsadresse i Danmark. Anmodningen sendes videre til Konsulatsafdelingen, som registrerer \u00e6ndringen.<\/p>\n<p>Vi g\u00f8r opm\u00e6rksom p\u00e5, at det er op til borgeren selv at opdatere sine data i A.I.R.E., idet de danske myndigheder ikke informerer Konsulatsafdelingen om eventuelle adresse\u00e6ndringer.<\/p>\n<p>Derfor skal borgeren hurtigst muligt informere Konsulatsafdelingen om:<\/p>\n<ul>\n<li>Adresse\u00e6ndringer eller flytning til udlandet;<\/li>\n<li>Adresse\u00e6ndringer (til Konsulatsafdelingen, hvis flytningen sker indenfor Danmark; eller til et konsulat i udlandet, hvis personen flytter fra Danmark);<\/li>\n<li>\u00c6ndringer i civilstand, ogs\u00e5 med henblik p\u00e5 evt. registrering i Italien af udenlandske attester (ved \u00e6gteskab, f\u00f8dsel, skilsmisse, d\u00f8d etc.);<\/li>\n<li>Tab af italiensk statsborgerskab.<\/li>\n<\/ul>\n<p><strong>\u00a0<\/strong><\/p>\n<p><strong>Repatriering og afmelding i A.I.R.E.:<\/strong><\/p>\n<p>Hvis italienske statsborgere registrerede i A.I.R.E., beslutter sig for at flytte tilbage til Italien, skal de henvende sig til deres nye italienske hjemkommune og tilmelde sig til det lokale folkeregister. Den italienske kommune s\u00f8rger s\u00e5 for at slette borgeren fra A.I.R.E. samtidig med tilmeldingen i A.P.R. (Anagrafe Popolazione Residente). Kommunen sender derp\u00e5 en officiel meddelelse om datoen for repatrieringen til Konsulatsafdelingen, som registrerer \u00e6ndringen i sine lister.<\/p>\n<p>Borgerne slettes endvidere i A.I.R.E. i f\u00f8lgende tilf\u00e6lde:<\/p>\n<ul>\n<li>Ved d\u00f8dsfald, inklusiv forsvundne personer, der erkl\u00e6res for d\u00f8de ved en d\u00f8dsformodningsdom;<\/li>\n<li>I tilf\u00e6lde af formodet utilg\u00e6ngelighed, medmindre andet er bevist, n\u00e5r der er g\u00e5et hundrede \u00e5r siden f\u00f8dslen, efter to p\u00e5 hinanden f\u00f8lgende registreringer, eller n\u00e5r den tidligere meddelte udenlandske adresse ikke l\u00e6ngere er gyldig, og det ikke er muligt at finde frem til den nye adresse;<\/li>\n<li>Hvis personen mister sit italienske statsborgerskab;<\/li>\n<\/ul>\n<p><strong>\u00a0<\/strong><\/p>\n<p><strong>Gode r\u00e5d til udfyldelsen af skemaer:<\/strong><\/p>\n<ul>\n<li>De danske bogstaver \u00e6, \u00f8, \u00e5 findes ikke i det italienske alfabet og skal derfor transskriberes efter de internationale regler: \u00d8 &gt; OE; \u00c6 &gt; AE; \u00c5 &gt; AA.<\/li>\n<li>Bop\u00e6lsadressen skal angives korrekt og fuldst\u00e6ndigt, dvs. med angivelse af vejnavn, husnummer, sal, trappeopgang, postnummer osv.<\/li>\n<li>Den f\u00f8rste vedh\u00e6ftede fil skal v\u00e6re et ID-dokument, dvs. et italiensk Carta d\u2019identit\u00e0 eller et pas (siderne 2-5).<\/li>\n<li>Den anden vedh\u00e6ftede fil skal v\u00e6re et dokument, som bekr\u00e6fter ans\u00f8gerens faste bop\u00e6l i Danmark (f.eks. det gule sygesikringskort).<\/li>\n<\/ul>\n<p>&nbsp;<\/p>\n<p>&nbsp;<\/p>\n","protected":false},"excerpt":{"rendered":"Folkeregistret for italienere bosiddende i udlandet (A.I.R.E.) blev oprettet ved Lov nr. 470 af 27. oktober 1988 og er et register over italienske statsborgere som er bosiddende i udlandet i mere end 12 m\u00e5neder. Registret forvaltes af de italienske kommuner p\u00e5 baggrund af de oplysninger, som de modtager fra de italienske konsulater i udlandet. Italienske [&hellip;]","protected":false},"author":6,"featured_media":0,"parent":192,"menu_order":3,"comment_status":"closed","ping_status":"closed","template":"","meta":{"footnotes":""},"class_list":["post-593","page","type-page","status-publish","hentry"],"_links":{"self":[{"href":"https:\/\/ambcopenaghen.esteri.it\/da\/wp-json\/wp\/v2\/pages\/593","targetHints":{"allow":["GET"]}}],"collection":[{"href":"https:\/\/ambcopenaghen.esteri.it\/da\/wp-json\/wp\/v2\/pages"}],"about":[{"href":"https:\/\/ambcopenaghen.esteri.it\/da\/wp-json\/wp\/v2\/types\/page"}],"author":[{"embeddable":true,"href":"https:\/\/ambcopenaghen.esteri.it\/da\/wp-json\/wp\/v2\/users\/6"}],"replies":[{"embeddable":true,"href":"https:\/\/ambcopenaghen.esteri.it\/da\/wp-json\/wp\/v2\/comments?post=593"}],"version-history":[{"count":4,"href":"https:\/\/ambcopenaghen.esteri.it\/da\/wp-json\/wp\/v2\/pages\/593\/revisions"}],"predecessor-version":[{"id":835,"href":"https:\/\/ambcopenaghen.esteri.it\/da\/wp-json\/wp\/v2\/pages\/593\/revisions\/835"}],"up":[{"embeddable":true,"href":"https:\/\/ambcopenaghen.esteri.it\/da\/wp-json\/wp\/v2\/pages\/192"}],"wp:attachment":[{"href":"https:\/\/ambcopenaghen.esteri.it\/da\/wp-json\/wp\/v2\/media?parent=593"}],"curies":[{"name":"wp","href":"https:\/\/api.w.org\/{rel}","templated":true}]}}