{"id":576,"date":"2023-08-02T15:21:07","date_gmt":"2023-08-02T13:21:07","guid":{"rendered":"https:\/\/ambcopenaghen.esteri.it\/?page_id=576"},"modified":"2025-08-25T10:18:26","modified_gmt":"2025-08-25T08:18:26","slug":"ambassadoerboligen","status":"publish","type":"page","link":"https:\/\/ambcopenaghen.esteri.it\/da\/chi-siamo\/la-sede\/ambassadoerboligen\/","title":{"rendered":"Den Italienske Ambassades Residens"},"content":{"rendered":"<p><img loading=\"lazy\" decoding=\"async\" class=\"alignnone  wp-image-4292 img-fluid\" src=\"https:\/\/ambcopenaghen.esteri.it\/wp-content\/uploads\/2025\/08\/Foto-residenza-da-Amalienborg--241x300.jpeg\" alt=\"\" width=\"450\" height=\"560\" srcset=\"https:\/\/ambcopenaghen.esteri.it\/wp-content\/uploads\/2025\/08\/Foto-residenza-da-Amalienborg--241x300.jpeg 241w, https:\/\/ambcopenaghen.esteri.it\/wp-content\/uploads\/2025\/08\/Foto-residenza-da-Amalienborg--823x1024.jpeg 823w, https:\/\/ambcopenaghen.esteri.it\/wp-content\/uploads\/2025\/08\/Foto-residenza-da-Amalienborg--768x956.jpeg 768w, https:\/\/ambcopenaghen.esteri.it\/wp-content\/uploads\/2025\/08\/Foto-residenza-da-Amalienborg-.jpeg 1920w\" sizes=\"auto, (max-width: 450px) 100vw, 450px\" \/><\/p>\n<p>Den Italienske Ambassades Residens er et 1700-tals pal\u00e6 beliggende i hjertet af K\u00f8benhavn i det fornemme kvarter Frederiksstaden, ved siden af Amalienborg Slot.<\/p>\n<p>Pal\u00e6ets historie g\u00e5r tilbage til 1750, hvor Kong Frederik V for\u00e6rede sin Kammerherre Christian B\u00e6rentz en grund ved hj\u00f8rnet af Amaliegade og Fredericiagade, hvor sidstn\u00e6vnte lod sin bolig opf\u00f8re efter tegninger af Nicolai Eigtved, datidens mest ber\u00f8mte danske arkitekt, som ogs\u00e5 havde forest\u00e5et opf\u00f8relsen af Amalienborg og andre vigtige pal\u00e6er i kvarteret. B\u00e6rentz\u2019 pal\u00e6 udg\u00f8r den oprindelige kerne i det nuv\u00e6rende pal\u00e6.<\/p>\n<p>Efterf\u00f8lgende undergik ejendommen diverse ombygninger, hvor man med respekt for den oprindelige arkitektur udvidede den mod Amaliegade og i Fredericiagade. I perioden mellem 1907 og 1920 fik ejendommen sin nuv\u00e6rende form.<\/p>\n<p>&nbsp;<\/p>\n<p><img loading=\"lazy\" decoding=\"async\" class=\"wp-image-297 img-fluid alignright\" src=\"https:\/\/ambcopenaghen.esteri.it\/wp-content\/uploads\/2023\/07\/residenza_2020-300x200.jpg\" alt=\"\" width=\"437\" height=\"291\" srcset=\"https:\/\/ambcopenaghen.esteri.it\/wp-content\/uploads\/2023\/07\/residenza_2020-300x200.jpg 300w, https:\/\/ambcopenaghen.esteri.it\/wp-content\/uploads\/2023\/07\/residenza_2020-1024x683.jpg 1024w, https:\/\/ambcopenaghen.esteri.it\/wp-content\/uploads\/2023\/07\/residenza_2020-768x512.jpg 768w, https:\/\/ambcopenaghen.esteri.it\/wp-content\/uploads\/2023\/07\/residenza_2020.jpg 1139w\" sizes=\"auto, (max-width: 437px) 100vw, 437px\" \/><\/p>\n<p>Igennem tiden har ejendommen skiftet ejer adskillige gange, ligesom den ogs\u00e5 er blevet benyttet til mange forskellige form\u00e5l, herunder som residens for adelige og aristokrater og som litteratursalon, mens k\u00e6lderlokalerne mod gaden har v\u00e6ret benyttet af sm\u00e5 erhvervsdrivende.<\/p>\n<p>En r\u00e6kke kendte danskere har boet i ejendommen gennem tiden. Blandt disse er forfatterinden <strong>Thomasine Heiberg Gyllembourg<\/strong> (1773-1856), den f\u00f8rste kvindelige danske prosa-forfatter, der i 1806 flyttede ind i hj\u00f8rneejendommen sammen med sin anden \u00e6gtemand, Carl Frederik Gyllembourg; samt hendes s\u00f8n, den ber\u00f8mte dramaturg og direkt\u00f8r for Det Kongelige Teater <strong>Johan Ludwig Heiberg<\/strong>, som boede her indtil 1812; erhvervsmanden <strong>Alfred Walter Grut<\/strong>, barnebarn af finansmagnaten Andreas Nikolaj Hansen og sl\u00e6gtning til Karen Blixen, som k\u00f8bte ejendommen i 1902 og foretog en r\u00e6kke omfattende ombygninger for at g\u00f8re etageejendommen til \u00e9n stor herskabsbolig. I 1908 blev hele ejendommen overtaget af bankmanden <strong>Emil Gl\u00fcckstadt<\/strong>, der var s\u00f8n af direkt\u00f8ren for Landmandsbanken, landets st\u00f8rste bank, og som ved farens d\u00f8d i 1910 overtog direkt\u00f8rposten.<\/p>\n<p>&nbsp;<\/p>\n<p>Gl\u00fcckstadt \u00f8nskede sig en elegant byresidens, som var helt p\u00e5 h\u00f8jde med hans udenlandske kollegers boliger og tillod ham at f\u00f8re et standsm\u00e6ssigt selskabsliv. Det var med dette for \u00f8je, at han foretog en r\u00e6kke \u00e6ndringer i husets \u00e6ldste del og bl.a. byggede en fornem spisestue i Liberty-stil p\u00e5 \u00f8verste sal tegnet af Arkitekt Valdemar Sander, en balkon p\u00e5 facaden i Amaliegade, samt i 1920 en overd\u00e5dig balsal tegnet af Arkitekt Bernhard Ingemann.<\/p>\n<p>Mellem 1922 og 1923, efter en r\u00e6kke fejlslagne investeringer og enorme \u00f8konomiske tab som f\u00f8lge af den russiske revolution, gik Gl\u00fcckstadt fallit og ejendommen blev formelt overtaget af Landmandsbanken. I 1924 blev ejendommen k\u00f8bt p\u00e5 auktion af Konged\u00f8mmet Italien, som i nogen tid havde v\u00e6ret p\u00e5 udkig efter et passende s\u00e6de til en diplomatisk repr\u00e6sentation, og pal\u00e6et kom dermed til at huse Italiens diplomatiske gesandtskab. Med sin centrale placering kunne den prestigefyldte Residens underst\u00f8tte forbindelserne mellem Italien og Danmark, herunder ogs\u00e5 de hyppige kontakter mellem de to kongefamilier, og skabe synlighed i den danske hovedstad.<\/p>\n<p>&nbsp;<\/p>\n<p><img loading=\"lazy\" decoding=\"async\" class=\"wp-image-298 img-fluid aligncenter\" src=\"https:\/\/ambcopenaghen.esteri.it\/wp-content\/uploads\/2023\/07\/residenza_da_interno_-300x200.jpg\" alt=\"\" width=\"404\" height=\"269\" srcset=\"https:\/\/ambcopenaghen.esteri.it\/wp-content\/uploads\/2023\/07\/residenza_da_interno_-300x200.jpg 300w, https:\/\/ambcopenaghen.esteri.it\/wp-content\/uploads\/2023\/07\/residenza_da_interno_-1024x683.jpg 1024w, https:\/\/ambcopenaghen.esteri.it\/wp-content\/uploads\/2023\/07\/residenza_da_interno_-768x512.jpg 768w, https:\/\/ambcopenaghen.esteri.it\/wp-content\/uploads\/2023\/07\/residenza_da_interno_.jpg 1139w\" sizes=\"auto, (max-width: 404px) 100vw, 404px\" \/><\/p>\n<p>Da ejendommen kom p\u00e5 italienske h\u00e6nder, var den stort set tom og der var n\u00e6sten intet tilbage af Gl\u00fcckstadts m\u00f8blement og kunstsamlinger. I forbindelse med overtagelsen k\u00f8bte den italienske Stat dog to fine loftsmalerier<em>: \u201cJupiter, Ceres, Hermes og Kronos omgivet af de fire elementer\u201d <\/em>af Hendrik Krock (1671-1738) og den firkl\u00f8verformede plafond <em>\u201cCeres\u201d,<\/em> muligvis af den norske maler Magnus Berg (1666-1739). Af de oprindelige m\u00f8bler findes endnu en fin fransk kommode af rosentr\u00e6 indlagt i terningm\u00f8nster og et stort ur over kamminen.<\/p>\n<p>Residensen blev gradvist indrettet og udsmykket med genstande fra Italien, herunder de store 1600-tals malerier af Giuseppe Recco og Gasparo Lopez (udl\u00e5nt af Museo di Capodimonte i Napoli) i en af spisestuerne, samt andre uds\u00f8gte genstande s\u00e5 som de seks antikke, venetianske spejle, der h\u00e6nger i balsalen.<\/p>\n<p>Anden Verdenskrig og den \u00f8konomiske situation i efterkrigstiden vanskeliggjorde vedligeholdelsen af Residensen, som i de f\u00f8lgende \u00e5rtier undergik en periode med forfald og ringe vedligeholdelse.<\/p>\n<p>F\u00f8rst efter 1980 p\u00e5begyndtes en egentlig bevarings- og restaureringsindsats. Efterf\u00f8lgende er der gennemf\u00f8rt adskillige strukturelle vedligeholdelsesarbejder og opgraderinger s\u00e5vel inde som ude. Takket v\u00e6re denne indsats er det i dag muligt at benytte Residensen til b\u00e5de diplomatisk repr\u00e6sentation og til promovering af Italien, italiensk design mm., som en smuk ramme og et ekstraordin\u00e6rt eksempel p\u00e5 Nordeuropas arkitektoniske kulturarv.<\/p>\n<p>&nbsp;<\/p>\n<p><img loading=\"lazy\" decoding=\"async\" class=\"wp-image-301 img-fluid aligncenter\" src=\"https:\/\/ambcopenaghen.esteri.it\/wp-content\/uploads\/2023\/07\/salone_verde_tela_da_soffitto_-200x300.jpg\" alt=\"\" width=\"242\" height=\"363\" srcset=\"https:\/\/ambcopenaghen.esteri.it\/wp-content\/uploads\/2023\/07\/salone_verde_tela_da_soffitto_-200x300.jpg 200w, https:\/\/ambcopenaghen.esteri.it\/wp-content\/uploads\/2023\/07\/salone_verde_tela_da_soffitto_-683x1024.jpg 683w, https:\/\/ambcopenaghen.esteri.it\/wp-content\/uploads\/2023\/07\/salone_verde_tela_da_soffitto_-768x1151.jpg 768w, https:\/\/ambcopenaghen.esteri.it\/wp-content\/uploads\/2023\/07\/salone_verde_tela_da_soffitto_.jpg 1140w\" sizes=\"auto, (max-width: 242px) 100vw, 242px\" \/><\/p>\n<p>Residensens historie gennemg\u00e5s i det illustrerede v\u00e6rk <strong><em>\u201cL\u2019Ambasciata d\u2019Italia a Copenaghen \u2013 Den Italienske Ambassade i K\u00f8benhavn\u201d<\/em><\/strong>, af kunsthistorikerne Chris Fischer og Hanne Raabyemagle.<\/p>\n<p>&nbsp;<\/p>\n<p><strong>Bog: <em>\u201cIl Palazzo sulla Fredericiagade\u201d<\/em><\/strong><\/p>\n<p>P\u00e5 hjemmesiden <em>\u201c<\/em><a href=\"https:\/\/baldi.diplomacy.edu\/diplo\/\"><em>La penna del diplomatico. I libri scritti dai diplomatici italiani dal dopoguerra ad oggi<\/em><\/a><em>\u201d<\/em>\u00a0er det muligt at l\u00e6se og downloade bogen <em>\u201cIl Palazzo sulla Fredericiagade. La Residenza dell\u2019Ambasciatore d\u2019Italia a Copenaghen\u201d.<\/em> Bogen findes under menuen \u201cLe Ambasciate italiane. Libri illustrati\u201d.<\/p>\n<p>&nbsp;<\/p>\n<p><img loading=\"lazy\" decoding=\"async\" class=\" img-fluid aligncenter wp-image-507\" src=\"https:\/\/ambcopenaghen.esteri.it\/wp-content\/uploads\/2023\/08\/foto-Palazzo-sulla-Fredericiagade-225x300.jpg\" alt=\"\" width=\"271\" height=\"361\" srcset=\"https:\/\/ambcopenaghen.esteri.it\/wp-content\/uploads\/2023\/08\/foto-Palazzo-sulla-Fredericiagade-225x300.jpg 225w, https:\/\/ambcopenaghen.esteri.it\/wp-content\/uploads\/2023\/08\/foto-Palazzo-sulla-Fredericiagade-768x1024.jpg 768w, https:\/\/ambcopenaghen.esteri.it\/wp-content\/uploads\/2023\/08\/foto-Palazzo-sulla-Fredericiagade.jpg 1140w\" sizes=\"auto, (max-width: 271px) 100vw, 271px\" \/><\/p>\n","protected":false},"excerpt":{"rendered":"Den Italienske Ambassades Residens er et 1700-tals pal\u00e6 beliggende i hjertet af K\u00f8benhavn i det fornemme kvarter Frederiksstaden, ved siden af Amalienborg Slot. Pal\u00e6ets historie g\u00e5r tilbage til 1750, hvor Kong Frederik V for\u00e6rede sin Kammerherre Christian B\u00e6rentz en grund ved hj\u00f8rnet af Amaliegade og Fredericiagade, hvor sidstn\u00e6vnte lod sin bolig opf\u00f8re efter tegninger af [&hellip;]","protected":false},"author":6,"featured_media":0,"parent":144,"menu_order":1,"comment_status":"closed","ping_status":"closed","template":"","meta":{"footnotes":""},"class_list":["post-576","page","type-page","status-publish","hentry"],"_links":{"self":[{"href":"https:\/\/ambcopenaghen.esteri.it\/da\/wp-json\/wp\/v2\/pages\/576","targetHints":{"allow":["GET"]}}],"collection":[{"href":"https:\/\/ambcopenaghen.esteri.it\/da\/wp-json\/wp\/v2\/pages"}],"about":[{"href":"https:\/\/ambcopenaghen.esteri.it\/da\/wp-json\/wp\/v2\/types\/page"}],"author":[{"embeddable":true,"href":"https:\/\/ambcopenaghen.esteri.it\/da\/wp-json\/wp\/v2\/users\/6"}],"replies":[{"embeddable":true,"href":"https:\/\/ambcopenaghen.esteri.it\/da\/wp-json\/wp\/v2\/comments?post=576"}],"version-history":[{"count":6,"href":"https:\/\/ambcopenaghen.esteri.it\/da\/wp-json\/wp\/v2\/pages\/576\/revisions"}],"predecessor-version":[{"id":4296,"href":"https:\/\/ambcopenaghen.esteri.it\/da\/wp-json\/wp\/v2\/pages\/576\/revisions\/4296"}],"up":[{"embeddable":true,"href":"https:\/\/ambcopenaghen.esteri.it\/da\/wp-json\/wp\/v2\/pages\/144"}],"wp:attachment":[{"href":"https:\/\/ambcopenaghen.esteri.it\/da\/wp-json\/wp\/v2\/media?parent=576"}],"curies":[{"name":"wp","href":"https:\/\/api.w.org\/{rel}","templated":true}]}}