{"id":192,"date":"2023-04-11T18:12:24","date_gmt":"2023-04-11T16:12:24","guid":{"rendered":"https:\/\/ambcopenaghen.esteri.it\/servizi-consolari-e-visti\/servizi-per-il-cittadino-italiano\/"},"modified":"2023-09-18T13:08:15","modified_gmt":"2023-09-18T11:08:15","slug":"servizi-per-il-cittadino-italiano","status":"publish","type":"page","link":"https:\/\/ambcopenaghen.esteri.it\/da\/servizi-consolari-e-visti\/servizi-per-il-cittadino-italiano\/","title":{"rendered":"Ydelser til italienske statsborgere"},"content":{"rendered":"<p>Konsulatet har til opgave at yde assistance og beskyttelse til italienske statsborgere i udlandet og leverer en r\u00e6kke forskellige ydelser (se i menuen til h\u00f8jre).<\/p>\n<p>De konsul\u00e6re tjenester skal ydes p\u00e5 et lige, upartisk, effektivt og gennemsigtigt grundlag, og har til form\u00e5l at beskytte italienske statsborgeres grundl\u00e6ggende rettigheder og personlige frihed. Konsulatet yder for eksempel assistance i tilf\u00e6lde af d\u00f8dsfald, ulykker, alvorlig sygdom, arrestation eller tilbageholdelse, voldshandlinger, alvorlig krise (naturkatastrofer, civil opstand, v\u00e6bnet konflikt o.lign.), og udsteder midlertidige rejsedokumenter til ikke-herboende italienere, som har mistet deres pas.<\/p>\n<p>For at sikre lige adgang i henhold til ovenn\u00e6vnte principper, foreg\u00e5r tidsbestilling til de konsul\u00e6re ydelser online via bookingsystemet <a href=\"https:\/\/prenotami.esteri.it\/\" target=\"_blank\" rel=\"noopener\">Prenot@Mi<\/a><\/p>\n<p>Grundet det store antal herboende italienere kan der p\u00e5 visse tider af \u00e5ret v\u00e6re rift om de ledige tider til f.eks. udstedelse af pas.<\/p>\n","protected":false},"excerpt":{"rendered":"Konsulatet har til opgave at yde assistance og beskyttelse til italienske statsborgere i udlandet og leverer en r\u00e6kke forskellige ydelser (se i menuen til h\u00f8jre). De konsul\u00e6re tjenester skal ydes p\u00e5 et lige, upartisk, effektivt og gennemsigtigt grundlag, og har til form\u00e5l at beskytte italienske statsborgeres grundl\u00e6ggende rettigheder og personlige frihed. Konsulatet yder for eksempel [&hellip;]","protected":false},"author":1,"featured_media":0,"parent":167,"menu_order":0,"comment_status":"closed","ping_status":"closed","template":"","meta":{"footnotes":""},"class_list":["post-192","page","type-page","status-publish","hentry"],"_links":{"self":[{"href":"https:\/\/ambcopenaghen.esteri.it\/da\/wp-json\/wp\/v2\/pages\/192","targetHints":{"allow":["GET"]}}],"collection":[{"href":"https:\/\/ambcopenaghen.esteri.it\/da\/wp-json\/wp\/v2\/pages"}],"about":[{"href":"https:\/\/ambcopenaghen.esteri.it\/da\/wp-json\/wp\/v2\/types\/page"}],"author":[{"embeddable":true,"href":"https:\/\/ambcopenaghen.esteri.it\/da\/wp-json\/wp\/v2\/users\/1"}],"replies":[{"embeddable":true,"href":"https:\/\/ambcopenaghen.esteri.it\/da\/wp-json\/wp\/v2\/comments?post=192"}],"version-history":[{"count":4,"href":"https:\/\/ambcopenaghen.esteri.it\/da\/wp-json\/wp\/v2\/pages\/192\/revisions"}],"predecessor-version":[{"id":818,"href":"https:\/\/ambcopenaghen.esteri.it\/da\/wp-json\/wp\/v2\/pages\/192\/revisions\/818"}],"up":[{"embeddable":true,"href":"https:\/\/ambcopenaghen.esteri.it\/da\/wp-json\/wp\/v2\/pages\/167"}],"wp:attachment":[{"href":"https:\/\/ambcopenaghen.esteri.it\/da\/wp-json\/wp\/v2\/media?parent=192"}],"curies":[{"name":"wp","href":"https:\/\/api.w.org\/{rel}","templated":true}]}}