{"id":185,"date":"2023-04-11T18:13:11","date_gmt":"2023-04-11T16:13:11","guid":{"rendered":"https:\/\/ambcopenaghen.esteri.it\/passaporti-e-carte-didentita\/"},"modified":"2023-09-21T11:41:16","modified_gmt":"2023-09-21T09:41:16","slug":"passaporti-e-carte-didentita","status":"publish","type":"page","link":"https:\/\/ambcopenaghen.esteri.it\/da\/servizi-consolari-e-visti\/servizi-per-il-cittadino-italiano\/passaporti-e-carte-didentita\/","title":{"rendered":"Pas"},"content":{"rendered":"<p><strong>UDSTEDELSE AF PAS \u2013 GENERELLE OPLYSNINGER <\/strong><\/p>\n<p>Det biometriske pas er et gyldigt rejsedokument i alle lande, hvis regeringer anerkendes af Italien, og passet lever op til de europ\u00e6iske sikkerhedsstandarder.<\/p>\n<p>Det biometriske pas indeholder en elektronisk chip, hvorp\u00e5 der er lagret en elektronisk kopi af:<\/p>\n<ul>\n<li>pasbilledet (synligt i selve passet)<\/li>\n<li>personens fingeraftryk (ikke synligt i selve passet)<\/li>\n<\/ul>\n<p>Passets gyldighed varierer alt efter indehaverens alder:<\/p>\n<ul>\n<li>for b\u00f8rn under 3 \u00e5r er passet gyldigt i 3 \u00e5r<\/li>\n<li>for b\u00f8rn mellem 3 og 18 \u00e5r er passet gyldigt i 5 \u00e5r<\/li>\n<li>for voksne er passet gyldigt i 10 \u00e5r<\/li>\n<\/ul>\n<p>For italienske statsborgere, som er registrerede i Folkeregistret for udlandsitalienere A.I.R.E., er det Konsulatsafdelingen, der udsteder passet.<br \/>\nItalienske statsborgere p\u00e5 midlertidigt ophold i Danmark kan i s\u00e6rlige tilf\u00e6lde ogs\u00e5 s\u00f8ge om at f\u00e5 udstedt et pas p\u00e5 Konsulatsafdelingen. Dette foruds\u00e6tter imidlertid, at den ansvarlige myndighed (de italienske regionale myndigheder, en anden ambassade eller et andet konsulat) udsteder en s\u00e6rlig tilladelse kaldet \u201dnullaosta e delega\u201d.<\/p>\n<p><strong>\u00a0<\/strong><\/p>\n<p><strong>BEM\u00c6RK:<\/strong><\/p>\n<p>For at kunne f\u00e5 udstedt et pas p\u00e5 Konsulatsafdelingen er det et krav, at man er tilmeldt folkeregistret A.I.R.E. Hvis man endnu ikke er tilmeldt A.I.R.E. i Danmark \u2013 enten fordi man har v\u00e6ret bosiddende i Italien eller har boet i et andet land \u2013 skal man s\u00f8rge for at tilmelde sig \/opdatere sine oplysninger INDEN DEN AFTALE for pasudstedelsen, som man har booket via det italienske udenrigsministeriums portal <a href=\"https:\/\/serviziconsolari.esteri.it\/ScoFE\/index.sco\" target=\"_blank\" rel=\"noopener\"><strong>FAST-IT<\/strong><\/a>.<\/p>\n<p>For yderligere information om A.I.R.E., se menuen til h\u00f8jre. Portalen FAST-IT adviserer brugeren, n\u00e5r ans\u00f8gningen om tilmelding\/opdatering er godkendt. Status p\u00e5 anmodningen skifter s\u00e5 til <em>\u201ctrasmessa al Comune\/definita\u201d.<\/em><\/p>\n<p>Hvis man har skiftet adresse i Danmark, skal man ogs\u00e5 s\u00f8rge for at opdatere sine oplysninger via <a href=\"https:\/\/serviziconsolari.esteri.it\/ScoFE\/index.sco\" target=\"_blank\" rel=\"noopener\"><strong>FAST-IT<\/strong><\/a> INDEN DEN BOOKEDE AFTALE for pasudstedelsen<strong>. <\/strong>Portalen adviserer brugeren, n\u00e5r ans\u00f8gningen om opdatering er godkendt. Status p\u00e5 anmodningen skifter s\u00e5 til <em>\u201cdefinita\u201d.<\/em><\/p>\n<p>Herboende italienere skal ogs\u00e5 s\u00f8rge for at opdatere oplysningerne om deres familiestatus (\u00e6gteskab, b\u00f8rn, skilsmisse osv.) og vedl\u00e6gge de relevante civilstandsattester. SE UNDER <a href=\"https:\/\/ambcopenaghen.esteri.it\/it\/servizi-consolari-e-visti\/servizi-per-il-cittadino-italiano\/stato-civile\/\" target=\"_blank\" rel=\"noopener\">CIVILSTAND<\/a><\/p>\n<p><u>Bem\u00e6rk venligst, at s\u00e5fremt man ikke har opfyldt ovenst\u00e5ende forpligtelser inden indsendelsen af pasanmodningen, eller i det mindste samtidig hermed, kan man blive n\u00f8dt til at booke en ny aftale via FAST-IT, og man mister dermed sin plads i k\u00f8en. <\/u><\/p>\n<p>Hvis af man vigtige \u00e5rsager ikke kan m\u00f8de op til sin aftale p\u00e5 Konsulatsafdelingen, skal man advisere Konsulatsafdelingen herom <strong>mindst 24 timer forinden<\/strong>. Det vil undtagelsesvist v\u00e6re muligt at ombooke aftalen, hvis man skriver til <u>pass.copenaghen@esteri.it<\/u> og i emnefeltet skriver \u201dMANCATA PRESENTAZIONE\u201d. <strong>Hvis ikke man underretter Konsulatsafdelingen i tide, skal man starte forfra med at booke en aftale via Prenot@mi, hvilket vil forsinke sagsbehandlingstiden. <\/strong><\/p>\n<p><strong>\u00a0<\/strong><\/p>\n<p><strong>BOOKING AF AFTALE TIL UDSTEDELSE AF PAS:<\/strong><\/p>\n<p>Man beh\u00f8ver kun booke en aftale til udstedelse af pas, n\u00e5r det drejer sig om voksne og b\u00f8rn over 12 \u00e5r.<\/p>\n<p><strong>Anmodninger om udstedelse af pas til b\u00f8rn mellem 0 og 11 \u00e5r kan sendes til Konsulatsafdelingens paskontor <\/strong>p\u00e5 mailadressen <a href=\"mailto:pass.copenaghen@esteri.it\">pass.copenaghen@esteri.it<\/a> eller afleveres ved personligt fremm\u00f8de i Konsulatsafdelingens \u00e5bningstid, hvor man uden tidsbestilling kan indlevere den udfyldte dokumentation (se under DOKUMENTATION).<br \/>\nBarnet skal v\u00e6re til stede ved udstedelsen, s\u00e5 man kan sikre den visuelle overensstemmelse med pasbilledet. Denne visuelle kontrol kan ogs\u00e5 foreg\u00e5 ved Italiens honor\u00e6re konsulat i Aarhus og ved det honor\u00e6re vicekonsulat i Aalborg.<\/p>\n<p>Booking af aftaler til <strong>udstedelse af pas til voksne og b\u00f8rn over 12 \u00e5r <\/strong>foreg\u00e5r via <a href=\"https:\/\/prenotami.esteri.it\/\" target=\"_blank\" rel=\"noopener\"><strong>Prenot@mi<\/strong><\/a>. I dette system kan man booke en aftale (ved at klikke p\u00e5 <em>\u201cprenotazione singola\u201d<\/em>) eller to aftaler (klik p\u00e5<em> \u201cprenotazione multipla\u201d<\/em>). I rubrikken \u201c<em>note<\/em>\u201d kan man skrive navnene p\u00e5 de personer, som kan have pas. For yderligere information om Prenot@mi systemet, se under menuen.<\/p>\n<p><strong>Klik her for at g\u00e5 til \u201c<\/strong><a href=\"https:\/\/prenotami.esteri.it\/\"><strong>PRENOT@MI<\/strong><\/a><strong>\u201d. F\u00f8r man g\u00e5r igang, anbefales det at l\u00e6se vejledningen <\/strong><a href=\"https:\/\/prenotami.esteri.it\/Manuale\/ManualeCittadino.pdf\"><strong>Manuale PrenotaMi<\/strong><\/a><strong>.<\/strong><\/p>\n<p>N\u00e5r Konsulatsafdelingen har kontrolleret personoplysningerne og sikret sig, at der ikke er noget til hinder for udstedelsen af passet, fasts\u00e6ttes en dato for det personlige fremm\u00f8de.<\/p>\n<p>&nbsp;<\/p>\n<p>&nbsp;<\/p>\n","protected":false},"excerpt":{"rendered":"UDSTEDELSE AF PAS \u2013 GENERELLE OPLYSNINGER Det biometriske pas er et gyldigt rejsedokument i alle lande, hvis regeringer anerkendes af Italien, og passet lever op til de europ\u00e6iske sikkerhedsstandarder. Det biometriske pas indeholder en elektronisk chip, hvorp\u00e5 der er lagret en elektronisk kopi af: pasbilledet (synligt i selve passet) personens fingeraftryk (ikke synligt i selve [&hellip;]","protected":false},"author":1,"featured_media":0,"parent":192,"menu_order":5,"comment_status":"closed","ping_status":"closed","template":"","meta":{"footnotes":""},"class_list":["post-185","page","type-page","status-publish","hentry"],"_links":{"self":[{"href":"https:\/\/ambcopenaghen.esteri.it\/da\/wp-json\/wp\/v2\/pages\/185","targetHints":{"allow":["GET"]}}],"collection":[{"href":"https:\/\/ambcopenaghen.esteri.it\/da\/wp-json\/wp\/v2\/pages"}],"about":[{"href":"https:\/\/ambcopenaghen.esteri.it\/da\/wp-json\/wp\/v2\/types\/page"}],"author":[{"embeddable":true,"href":"https:\/\/ambcopenaghen.esteri.it\/da\/wp-json\/wp\/v2\/users\/1"}],"replies":[{"embeddable":true,"href":"https:\/\/ambcopenaghen.esteri.it\/da\/wp-json\/wp\/v2\/comments?post=185"}],"version-history":[{"count":4,"href":"https:\/\/ambcopenaghen.esteri.it\/da\/wp-json\/wp\/v2\/pages\/185\/revisions"}],"predecessor-version":[{"id":1611,"href":"https:\/\/ambcopenaghen.esteri.it\/da\/wp-json\/wp\/v2\/pages\/185\/revisions\/1611"}],"up":[{"embeddable":true,"href":"https:\/\/ambcopenaghen.esteri.it\/da\/wp-json\/wp\/v2\/pages\/192"}],"wp:attachment":[{"href":"https:\/\/ambcopenaghen.esteri.it\/da\/wp-json\/wp\/v2\/media?parent=185"}],"curies":[{"name":"wp","href":"https:\/\/api.w.org\/{rel}","templated":true}]}}