{"id":167,"date":"2023-04-11T17:08:57","date_gmt":"2023-04-11T15:08:57","guid":{"rendered":"https:\/\/ambcopenaghen.esteri.it\/servizi-consolari-e-visti\/"},"modified":"2024-10-25T12:47:39","modified_gmt":"2024-10-25T10:47:39","slug":"servizi-consolari-e-visti","status":"publish","type":"page","link":"https:\/\/ambcopenaghen.esteri.it\/da\/servizi-consolari-e-visti\/","title":{"rendered":"Konsul\u00e6re tjenester og visum"},"content":{"rendered":"<h5><span style=\"text-decoration: underline;\"><strong>KONSULATSAFDELINGEN<\/strong><\/span><\/h5>\n<p><strong>Konsulatsafdelingens adresse: \u00d8stergade 24B, 1100 K\u00f8benhavn<\/strong><\/p>\n<p>&nbsp;<\/p>\n<p><strong>\u00c5bningstider for personligt fremm\u00f8de:<\/strong><\/p>\n<ul>\n<li>mandag \u2013 fredag: 09.30 \u2013 12.30<\/li>\n<li>torsdag eftermiddag: 14.00 \u2013 15.30<\/li>\n<\/ul>\n<p>&nbsp;<\/p>\n<p><strong>Kontakt:<\/strong><\/p>\n<p>E-mail: <a href=\"mailto:consolato.copenaghen@esteri.it\">consolato.copenaghen@esteri.it<\/a><br \/>\nFor henvendelser vedr. udstedelse af pas: <a href=\"mailto:pass.copenaghen@esteri.it\">pass.copenaghen@esteri.it<\/a> (for yderligere information se <a href=\"https:\/\/ambcopenaghen.esteri.it\/it\/servizi-consolari-e-visti\/servizi-per-il-cittadino-italiano\/passaporti-e-carte-didentita\/\" target=\"_blank\" rel=\"noopener\">Passaporti<\/a> )<br \/>\nFor hurtig tilmelding til <strong>AIRE <\/strong>og i forbindelse med adresse\u00e6ndringer: <a href=\"https:\/\/serviziconsolarionline.esteri.it\/ScoFE\/login.sco?cid=1903636\">KLIK HER<\/a>.<\/p>\n<p><strong><u>Tlf. +45-39 62 68 77<\/u><\/strong>\u00a0 Telefonen er \u00e5ben alle hverdage fra 09.00 til 14.00, hvor en medarbejder besvarer generelle sp\u00f8rgsm\u00e5l om de konsul\u00e6re ydelser.<\/p>\n<p><strong><span style=\"text-decoration: underline;\">Tlf. +<\/span><u>45 39 18 34 44 <\/u><\/strong>Tirsdag og onsdag, mellem kl. 14.00 og 15.00, kan borgere \u2013 hvis sager allerede er under behandling p\u00e5 Konsulatsafdelingen (vedr. registrering i folkeregister eller udstedelse af pas, civilstatus, ID-kort, skattekoder, v\u00e6rdierkl\u00e6ring vedr. akademiske uddannelser, statsborgerskab, skibspapirer, visum, fuldmagter og repr\u00e6sentation, legaliseringer, identitetsattester osv.) \u2013 ringe direkte til Konsulatsafdelingen p\u00e5 dette nummer for oplysninger om deres konkrete sag.<\/p>\n<p><strong>N\u00f8dtelefon <u>+45 &#8211; 21 80 40 69<\/u> <\/strong>Udenfor den almindelige \u00e5bningstid, samt i weekender og p\u00e5 helligdage, er det <strong>\u2013 i deciderede n\u00f8dstilf\u00e6lde \u2013<\/strong> muligt at kontakte Ambassaden p\u00e5 dette nummer (i tidsrummet mellem kl. 17.00 og 22.00 p\u00e5 hverdage, samt mellem kl. 9.00 og 22.00 i weekender og p\u00e5 helligdage).<\/p>\n<p><strong>\u00a0<\/strong><\/p>\n<p>&nbsp;<\/p>\n<p><strong>KONSUL\u00c6RE YDELSER<\/strong><\/p>\n<p>Konsul\u00e6re tjenester ydes p\u00e5 et lige, upartisk, effektivt og gennemsigtigt grundlag.<\/p>\n<p>Konsulater sikrer alle medborgere beskyttelse mod kr\u00e6nkelse af deres grundl\u00e6ggende rettigheder og mod begr\u00e6nsning eller fratagelse af deres personlige frihed. De sikrer ogs\u00e5 assistance i n\u00f8dsituationer, hj\u00e6lp til at lokalisere familiemedlemmer samt assistance i forbindelse med arvesager i udlandet, og hjemsendelse af afd\u00f8de personer.<\/p>\n<p>Betaling for ydelser kan ske i kontanter eller med Dankort. Andre betalingskort accepteres ikke.<\/p>\n<p>For yderligere oplysninger se Det Italienske Udenrigsministeriums hjemmeside <strong><a href=\"https:\/\/www.esteri.it\/en\/servizi-consolari-e-visti\/italiani-all-estero\/\" target=\"_blank\" rel=\"noopener\">Services to Italians Abroad <\/a><\/strong>samt ministeriets portal for de konsul\u00e6re ydelser, som udbydes online <a href=\"https:\/\/serviziconsolari.esteri.it\/ScoFE\/index.sco\" target=\"_blank\" rel=\"noopener\"><strong>FAST-IT The Portal of Consular Services<\/strong><\/a>.<\/p>\n<p>&nbsp;<\/p>\n<p><strong>PLIGT TIL AT MEDDELE ADRESSE\u00c6NDRING: <\/strong><\/p>\n<p>I tilf\u00e6lde af adresse\u00e6ndringer har herboende italienske statsborgere registreret i AIRE <strong>pligt til straks at informere Konsulatsafdelingen <\/strong>herom, da de danske myndigheder ikke informerer de italienske myndigheder om denne \u00e6ndring. Hvis man undlader at informere Konsulatsafdelingen, er det ikke l\u00e6ngere muligt at sende valgmateriale til den p\u00e5g\u00e6ldende borger. Efter to mislykkede fors\u00f8g p\u00e5 at underrette borgeren konstateres det, at <strong>adressen<\/strong> er <strong>ukendt<\/strong> og vedkommende vil derefter blive <strong>slettet af AIRE.<\/strong><\/p>\n<p>Ved indberetning af adresse\u00e6ndringer bedes du benytte FAST-IT portalen. Alternativt kan du sende en e-mail til\u00a0<a href=\"mailto:consolato.copenaghen@esteri.it\">consolato.copenaghen@esteri.it<\/a>\u00a0med den nye adresse og en kopi af dit gule sygesikringsbevis, eller du kan komme hen p\u00e5 Konsulatsafdelingen i vores \u00e5bningstid.<\/p>\n<p><strong>\u00a0<\/strong><\/p>\n<p><strong>ID-DOKUMENTER TIL MINDRE\u00c5RIGE<\/strong>:<\/p>\n<p>Alle mindre\u00e5rige rejsende skal have deres eget ID-dokument \u2013 ogs\u00e5 selvom de rejser sammen med deres for\u00e6ldre og er indskrevet i for\u00e6ldrenes pas.<\/p>\n<p>Vi opfordrer derfor for\u00e6ldre med b\u00f8rn indskrevet i deres pas til at anmode om udstedelse af et egnet rejsedokument (enten et pas eller et Carta d\u2019identit\u00e0) til deres b\u00f8rn.<\/p>\n<p>&nbsp;<\/p>\n<p><strong>MISTEDE ELLER STJ\u00c5LNE DOKUMENTER<\/strong>: PROCEDURE FOR TILBAGELEVERING AF DOKUMENT<\/p>\n<p>Det h\u00e6nder, at st\u00e5lne og bortkomne italienske pas og carte d\u2019identit\u00e0 bliver fundet og indleveret p\u00e5 Konsulatsafdelingen af de danske myndigheder.<br \/>\nFor oplysninger om proceduren for tilbagelevering af de mistede dokumenter, se \u201cKonsul\u00e6re tjenester &gt; Pas\u201d<\/p>\n<p>&nbsp;<\/p>\n<p>&nbsp;<\/p>\n<p>&nbsp;<\/p>\n<p>&nbsp;<\/p>\n","protected":false},"excerpt":{"rendered":"KONSULATSAFDELINGEN Konsulatsafdelingens adresse: \u00d8stergade 24B, 1100 K\u00f8benhavn &nbsp; \u00c5bningstider for personligt fremm\u00f8de: mandag \u2013 fredag: 09.30 \u2013 12.30 torsdag eftermiddag: 14.00 \u2013 15.30 &nbsp; Kontakt: E-mail: consolato.copenaghen@esteri.it For henvendelser vedr. udstedelse af pas: pass.copenaghen@esteri.it (for yderligere information se Passaporti ) For hurtig tilmelding til AIRE og i forbindelse med adresse\u00e6ndringer: KLIK HER. Tlf. +45-39 62 [&hellip;]","protected":false},"author":1,"featured_media":0,"parent":0,"menu_order":6,"comment_status":"closed","ping_status":"closed","template":"","meta":{"footnotes":""},"class_list":["post-167","page","type-page","status-publish","hentry"],"_links":{"self":[{"href":"https:\/\/ambcopenaghen.esteri.it\/da\/wp-json\/wp\/v2\/pages\/167","targetHints":{"allow":["GET"]}}],"collection":[{"href":"https:\/\/ambcopenaghen.esteri.it\/da\/wp-json\/wp\/v2\/pages"}],"about":[{"href":"https:\/\/ambcopenaghen.esteri.it\/da\/wp-json\/wp\/v2\/types\/page"}],"author":[{"embeddable":true,"href":"https:\/\/ambcopenaghen.esteri.it\/da\/wp-json\/wp\/v2\/users\/1"}],"replies":[{"embeddable":true,"href":"https:\/\/ambcopenaghen.esteri.it\/da\/wp-json\/wp\/v2\/comments?post=167"}],"version-history":[{"count":8,"href":"https:\/\/ambcopenaghen.esteri.it\/da\/wp-json\/wp\/v2\/pages\/167\/revisions"}],"predecessor-version":[{"id":2965,"href":"https:\/\/ambcopenaghen.esteri.it\/da\/wp-json\/wp\/v2\/pages\/167\/revisions\/2965"}],"wp:attachment":[{"href":"https:\/\/ambcopenaghen.esteri.it\/da\/wp-json\/wp\/v2\/media?parent=167"}],"curies":[{"name":"wp","href":"https:\/\/api.w.org\/{rel}","templated":true}]}}