{"id":165,"date":"2023-04-11T18:24:48","date_gmt":"2023-04-11T16:24:48","guid":{"rendered":"https:\/\/ambcopenaghen.esteri.it\/italia-e-danimarca\/diplomazia-culturale\/turismo\/"},"modified":"2023-09-20T09:52:43","modified_gmt":"2023-09-20T07:52:43","slug":"turismo","status":"publish","type":"page","link":"https:\/\/ambcopenaghen.esteri.it\/da\/italia-e-danimarca\/diplomazia-culturale\/turismo\/","title":{"rendered":"Turisme"},"content":{"rendered":"<p>Lige siden 1800-tallet, hvor H.C. Andersen og mange andre ber\u00f8mte danskere drog p\u00e5 dannelsesrejser til Italien, har turisme v\u00e6ret en af de vigtigste veje til et st\u00f8rre kendskab og en tiln\u00e6rmelse mellem det danske og det italienske folk, samtidig med at turismen ogs\u00e5 er en vigtig faktor for vores trivsel og den \u00f8konomiske udvikling.<\/p>\n<p>Herunder finder du en r\u00e6kke nyttige links i forbindelse med planl\u00e6gning af rejser i Italien:<\/p>\n<p>&nbsp;<\/p>\n<p><a href=\"http:\/\/www.italiantouristoffice.dk\/\" target=\"_blank\" rel=\"noopener\"><img loading=\"lazy\" decoding=\"async\" class=\"alignnone\" src=\"https:\/\/ambcopenaghen.esteri.it\/resource\/2010\/09\/enit.gif\" alt=\"ENIT - Agenzia per il Turismo\" width=\"108\" height=\"51\" \/><\/a>\u00a0\u00a0\u00a0 <a href=\"https:\/\/www.ita-airways.com\/en_us\" target=\"_blank\" rel=\"noopener\"><img loading=\"lazy\" decoding=\"async\" class=\"r48jcc pT0Scc iPVvYb alignnone\" src=\"https:\/\/upload.wikimedia.org\/wikipedia\/commons\/thumb\/7\/75\/ITA_Airways_Logo.svg\/1200px-ITA_Airways_Logo.svg.png\" alt=\"ITA Airways - Wikipedia\" width=\"146\" height=\"61\" aria-hidden=\"false\" \/><\/a> <a title=\"\" href=\"http:\/\/www.italia.it\/\" target=\"_blank\" rel=\"noopener\"><img loading=\"lazy\" decoding=\"async\" class=\"alignnone\" src=\"https:\/\/ambcopenaghen.esteri.it\/resource\/2010\/09\/logo_italia_180.jpg\" alt=\"Sito ufficiale del Turismo in Italia\" width=\"175\" height=\"60\" \/><\/a><a href=\"https:\/\/www.trenitalia.com\/en.html\" target=\"_blank\" rel=\"noopener\"><img loading=\"lazy\" decoding=\"async\" class=\"alignnone\" src=\"https:\/\/ambcopenaghen.esteri.it\/resource\/2010\/09\/Trenitalia.gif\" alt=\"Trenitalia\" width=\"203\" height=\"51\" \/><\/a><\/p>\n<p>&nbsp;<\/p>\n","protected":false},"excerpt":{"rendered":"Lige siden 1800-tallet, hvor H.C. Andersen og mange andre ber\u00f8mte danskere drog p\u00e5 dannelsesrejser til Italien, har turisme v\u00e6ret en af de vigtigste veje til et st\u00f8rre kendskab og en tiln\u00e6rmelse mellem det danske og det italienske folk, samtidig med at turismen ogs\u00e5 er en vigtig faktor for vores trivsel og den \u00f8konomiske udvikling. Herunder [&hellip;]","protected":false},"author":1,"featured_media":0,"parent":162,"menu_order":0,"comment_status":"closed","ping_status":"closed","template":"","meta":{"footnotes":""},"class_list":["post-165","page","type-page","status-publish","hentry"],"_links":{"self":[{"href":"https:\/\/ambcopenaghen.esteri.it\/da\/wp-json\/wp\/v2\/pages\/165","targetHints":{"allow":["GET"]}}],"collection":[{"href":"https:\/\/ambcopenaghen.esteri.it\/da\/wp-json\/wp\/v2\/pages"}],"about":[{"href":"https:\/\/ambcopenaghen.esteri.it\/da\/wp-json\/wp\/v2\/types\/page"}],"author":[{"embeddable":true,"href":"https:\/\/ambcopenaghen.esteri.it\/da\/wp-json\/wp\/v2\/users\/1"}],"replies":[{"embeddable":true,"href":"https:\/\/ambcopenaghen.esteri.it\/da\/wp-json\/wp\/v2\/comments?post=165"}],"version-history":[{"count":6,"href":"https:\/\/ambcopenaghen.esteri.it\/da\/wp-json\/wp\/v2\/pages\/165\/revisions"}],"predecessor-version":[{"id":829,"href":"https:\/\/ambcopenaghen.esteri.it\/da\/wp-json\/wp\/v2\/pages\/165\/revisions\/829"}],"up":[{"embeddable":true,"href":"https:\/\/ambcopenaghen.esteri.it\/da\/wp-json\/wp\/v2\/pages\/162"}],"wp:attachment":[{"href":"https:\/\/ambcopenaghen.esteri.it\/da\/wp-json\/wp\/v2\/media?parent=165"}],"curies":[{"name":"wp","href":"https:\/\/api.w.org\/{rel}","templated":true}]}}