{"id":162,"date":"2023-04-11T18:10:45","date_gmt":"2023-04-11T16:10:45","guid":{"rendered":"https:\/\/ambcopenaghen.esteri.it\/italia-e-danimarca\/diplomazia-culturale\/"},"modified":"2023-08-29T14:52:11","modified_gmt":"2023-08-29T12:52:11","slug":"diplomazia-culturale","status":"publish","type":"page","link":"https:\/\/ambcopenaghen.esteri.it\/da\/italia-e-danimarca\/diplomazia-culturale\/","title":{"rendered":"Kulturelt diplomati"},"content":{"rendered":"<h5><strong>Kulturelt samarbejde <\/strong><\/h5>\n<p>P\u00e5 kulturomr\u00e5det er de bilaterale relationer mellem Italien og Danmark kendetegnet ved et frugtbart, gensidigt samarbejde\u00a0 baseret p\u00e5 den dansk-italienske Kulturaftale af 1956.<\/p>\n<p>Den Italienske Ambassade underst\u00f8tter de kulturelle relationer med henblik p\u00e5 bevarelse og udbredelse af italiensk sprog og Italiens kulturarv indenfor musik, kunst, teater, film og videnskab.<\/p>\n<p>Fra dansk side udvises der udpr\u00e6get interesse for visse omr\u00e5der af italiensk kultur, s\u00e5som design, gastronomi, film, teater og dans.<\/p>\n","protected":false},"excerpt":{"rendered":"Kulturelt samarbejde P\u00e5 kulturomr\u00e5det er de bilaterale relationer mellem Italien og Danmark kendetegnet ved et frugtbart, gensidigt samarbejde\u00a0 baseret p\u00e5 den dansk-italienske Kulturaftale af 1956. Den Italienske Ambassade underst\u00f8tter de kulturelle relationer med henblik p\u00e5 bevarelse og udbredelse af italiensk sprog og Italiens kulturarv indenfor musik, kunst, teater, film og videnskab. Fra dansk side udvises [&hellip;]","protected":false},"author":1,"featured_media":0,"parent":148,"menu_order":2,"comment_status":"closed","ping_status":"closed","template":"","meta":{"footnotes":""},"class_list":["post-162","page","type-page","status-publish","hentry"],"_links":{"self":[{"href":"https:\/\/ambcopenaghen.esteri.it\/da\/wp-json\/wp\/v2\/pages\/162","targetHints":{"allow":["GET"]}}],"collection":[{"href":"https:\/\/ambcopenaghen.esteri.it\/da\/wp-json\/wp\/v2\/pages"}],"about":[{"href":"https:\/\/ambcopenaghen.esteri.it\/da\/wp-json\/wp\/v2\/types\/page"}],"author":[{"embeddable":true,"href":"https:\/\/ambcopenaghen.esteri.it\/da\/wp-json\/wp\/v2\/users\/1"}],"replies":[{"embeddable":true,"href":"https:\/\/ambcopenaghen.esteri.it\/da\/wp-json\/wp\/v2\/comments?post=162"}],"version-history":[{"count":3,"href":"https:\/\/ambcopenaghen.esteri.it\/da\/wp-json\/wp\/v2\/pages\/162\/revisions"}],"predecessor-version":[{"id":741,"href":"https:\/\/ambcopenaghen.esteri.it\/da\/wp-json\/wp\/v2\/pages\/162\/revisions\/741"}],"up":[{"embeddable":true,"href":"https:\/\/ambcopenaghen.esteri.it\/da\/wp-json\/wp\/v2\/pages\/148"}],"wp:attachment":[{"href":"https:\/\/ambcopenaghen.esteri.it\/da\/wp-json\/wp\/v2\/media?parent=162"}],"curies":[{"name":"wp","href":"https:\/\/api.w.org\/{rel}","templated":true}]}}