{"id":161,"date":"2023-04-11T18:24:01","date_gmt":"2023-04-11T16:24:01","guid":{"rendered":"https:\/\/ambcopenaghen.esteri.it\/italia-e-danimarca\/diplomazia-economica\/fare-affari-in-italia\/"},"modified":"2026-03-12T13:28:17","modified_gmt":"2026-03-12T11:28:17","slug":"fare-affari-in-italia","status":"publish","type":"page","link":"https:\/\/ambcopenaghen.esteri.it\/da\/italia-e-danimarca\/diplomazia-economica\/fare-affari-in-italia\/","title":{"rendered":"Forretningsmuligheder i Italien"},"content":{"rendered":"<p>Indhentning af oplysninger om det italienske marked er f\u00f8rste skridt for udenlandske akt\u00f8rer, der \u00f8nsker at investere og g\u00f8re forretninger i Italien.<\/p>\n<p>Nyttig information kan findes p\u00e5 f\u00f8lgende hjemmesider:<\/p>\n<ul>\n<li><em><a href=\"http:\/\/www.infomercatiesteri.it\" target=\"_blank\" rel=\"noopener\"><strong>Infomercatiesteri<\/strong><\/a><\/em> som under \u201cOsservatorio economico\u201d har en side <a href=\"https:\/\/www.infomercatiesteri.it\/osservatorio-economico-sezione-italia.php\" target=\"_blank\" rel=\"noopener\">om Italien<\/a>;<\/li>\n<li><strong>Italian Trade Agency<\/strong> <a href=\"https:\/\/www.ice.it\/en\/\" target=\"_blank\" rel=\"noopener\"><strong>ICE<\/strong><\/a>\u2019s guide \u201c<a href=\"https:\/\/www.ice.it\/en\/sites\/default\/files\/inline-files\/doing_business_english.pdf\" target=\"_blank\" rel=\"noopener\">Doing Business in Italy &#8211; Investment Guide<\/a>\u201d;<\/li>\n<li>Den italienske nationalbank <strong>Banca d\u2019Italia\u2019s <\/strong>\u00a0<a href=\"https:\/\/www.bancaditalia.it\/pubblicazioni\/index.html\" target=\"_blank\" rel=\"noopener\">Publikationer<\/a> og <a href=\"https:\/\/www.bancaditalia.it\/statistiche\/index.html?com.dotmarketing.htmlpage.language=1\" target=\"_blank\" rel=\"noopener\">Statistikker<\/a> om italiensk \u00f8konomi og pengepolitik.<\/li>\n<li><strong><a href=\"https:\/\/www.invitalia.it\/eng\" target=\"_blank\" rel=\"noopener\">Invitalia<\/a>,<\/strong> <strong>National Agency for Inward Investment and Economic Development<\/strong>, som h\u00f8rer under <strong><a href=\"https:\/\/www.mef.gov.it\/en\/index.html\" target=\"_blank\" rel=\"noopener\">det italienske \u00d8konomi- og Finansministerium<\/a>.<\/strong><\/li>\n<li>Portalen <strong><a href=\"https:\/\/www.infocamere.it\/en\/\" target=\"_blank\" rel=\"noopener\">Infocamere<\/a><\/strong>, som p\u00e5 vegne af de italienske handelskamre f\u00f8rer virksomhedsregistret <strong><a href=\"https:\/\/italianbusinessregister.it\/en\/home\" target=\"_blank\" rel=\"noopener\">Italian Business Register<\/a>.<\/strong><\/li>\n<li>Italiens Statistiske Institut <a href=\"https:\/\/www.istat.it\/en\/\" target=\"_blank\" rel=\"noopener\"><strong>Istituto Nazionale di Statistica<\/strong><\/a>, for opdaterede \u00f8konomiske n\u00f8gletal mm.<\/li>\n<li><a href=\"https:\/\/ambcopenaghen.esteri.it\/wp-content\/uploads\/2026\/03\/19.-BUSINESS-INSIGHTS-FROM-ITALY-NUMERO-DI-FEBBRAIO-2026.pdf\" target=\"_blank\" rel=\"noopener\"><em><strong>Business <\/strong><\/em><em><strong>Insights from Italy &#8211; a letter to International Investors<\/strong><\/em><em><strong>, February 2026 <\/strong><\/em><\/a>\u2013 M\u00e5nedligt nyhedsbrev fra <a href=\"https:\/\/www.ambrosetti.eu\/en\/\">The European House <\/a><strong><a href=\"https:\/\/www.ambrosetti.eu\/en\/\">\u2013<\/a><\/strong><a href=\"https:\/\/www.ambrosetti.eu\/en\/\"> Ambrosetti<\/a> om italiensk \u00f8konomi.<\/li>\n<li><a href=\"https:\/\/ambcopenaghen.esteri.it\/wp-content\/uploads\/2025\/02\/DEF-270x210_10selfie-2024_EN-1.pdf\"><strong>\u201c<\/strong><em><strong>Italy in 10 Selfies<\/strong><\/em><strong>\u201d<\/strong><\/a> \u2013 \u00c5rsrapport fra <a href=\"https:\/\/symbola.net\/\">Fondazione Symbola<\/a>, som s\u00e6tter fokus p\u00e5 ti ofte ukendte eller oversete italienske rekorder i n\u00f8glesektorer, der alle illustrerer den italienske models forankring i principperne om kvalitet, b\u00e6redygtighed og lokal forankring.<\/li>\n<\/ul>\n<p>&nbsp;<\/p>\n<p>&nbsp;<\/p>\n","protected":false},"excerpt":{"rendered":"Indhentning af oplysninger om det italienske marked er f\u00f8rste skridt for udenlandske akt\u00f8rer, der \u00f8nsker at investere og g\u00f8re forretninger i Italien. Nyttig information kan findes p\u00e5 f\u00f8lgende hjemmesider: Infomercatiesteri som under \u201cOsservatorio economico\u201d har en side om Italien; Italian Trade Agency ICE\u2019s guide \u201cDoing Business in Italy &#8211; Investment Guide\u201d; Den italienske nationalbank Banca [&hellip;]","protected":false},"author":1,"featured_media":0,"parent":159,"menu_order":0,"comment_status":"closed","ping_status":"closed","template":"","meta":{"footnotes":""},"class_list":["post-161","page","type-page","status-publish","hentry"],"_links":{"self":[{"href":"https:\/\/ambcopenaghen.esteri.it\/da\/wp-json\/wp\/v2\/pages\/161","targetHints":{"allow":["GET"]}}],"collection":[{"href":"https:\/\/ambcopenaghen.esteri.it\/da\/wp-json\/wp\/v2\/pages"}],"about":[{"href":"https:\/\/ambcopenaghen.esteri.it\/da\/wp-json\/wp\/v2\/types\/page"}],"author":[{"embeddable":true,"href":"https:\/\/ambcopenaghen.esteri.it\/da\/wp-json\/wp\/v2\/users\/1"}],"replies":[{"embeddable":true,"href":"https:\/\/ambcopenaghen.esteri.it\/da\/wp-json\/wp\/v2\/comments?post=161"}],"version-history":[{"count":8,"href":"https:\/\/ambcopenaghen.esteri.it\/da\/wp-json\/wp\/v2\/pages\/161\/revisions"}],"predecessor-version":[{"id":5310,"href":"https:\/\/ambcopenaghen.esteri.it\/da\/wp-json\/wp\/v2\/pages\/161\/revisions\/5310"}],"up":[{"embeddable":true,"href":"https:\/\/ambcopenaghen.esteri.it\/da\/wp-json\/wp\/v2\/pages\/159"}],"wp:attachment":[{"href":"https:\/\/ambcopenaghen.esteri.it\/da\/wp-json\/wp\/v2\/media?parent=161"}],"curies":[{"name":"wp","href":"https:\/\/api.w.org\/{rel}","templated":true}]}}