{"id":159,"date":"2023-04-11T18:10:30","date_gmt":"2023-04-11T16:10:30","guid":{"rendered":"https:\/\/ambcopenaghen.esteri.it\/italia-e-danimarca\/diplomazia-economica\/"},"modified":"2023-09-18T12:36:17","modified_gmt":"2023-09-18T10:36:17","slug":"diplomazia-economica","status":"publish","type":"page","link":"https:\/\/ambcopenaghen.esteri.it\/da\/italia-e-danimarca\/diplomazia-economica\/","title":{"rendered":"\u00d8konomisk diplomati"},"content":{"rendered":"<p><strong>Ambassadens handelskontor<\/strong> varetager \u00f8konomiske og kommercielle anliggender i Danmark og udf\u00f8rer en integreret indsats for at hj\u00e6lpe italienske virksomheder og \u00f8konomiske operat\u00f8rer i samarbejde med <a href=\"https:\/\/www.danitacom.org\/\" target=\"_blank\" rel=\"noopener\">Det Italienske Handelskammer i Danmark<\/a>, <a href=\"https:\/\/www.ice.it\/en\/markets\/sweden\/stockholm\" target=\"_blank\" rel=\"noopener\">ICE &#8211; Agency for the Promotion of Trade<\/a> og <a href=\"https:\/\/www.enit.it\/en\/stockholm\" target=\"_blank\" rel=\"noopener\">ENIT &#8211; Italian National Agency for Tourism<\/a>, begge med hovedkvarter i Stockholm, og med <a href=\"https:\/\/iiccopenaghen.esteri.it\/iic_copenaghen\/da\/\" target=\"_blank\" rel=\"noopener\">Det Italienske Kulturinstitut<\/a> i K\u00f8benhavn.<\/p>\n<p>For at lette kontakten mellem italienske virksomheder og handelskontoret benyttes <strong>platformen &#8220;NEXUS&#8221;<\/strong>, som er en CRM-applikation (Customer Relationship Management), som Farnesina har udviklet til italienske virksomheder, der allerede opererer eller \u00f8nsker komme ind p\u00e5 udenlandske markeder.<\/p>\n<p>Gennem NEXUS kan italienske virksomheder komme i direkte kontakt med ambassaderne og anmode om information eller anden assistance af kommerciel karakter. Man skal blot udfylde onlineformularen p\u00e5 f\u00f8lgende link: <a href=\"https:\/\/nexus.esteri.it\/?sede=229\">Formulario di richiesta online<\/a><\/p>\n","protected":false},"excerpt":{"rendered":"Ambassadens handelskontor varetager \u00f8konomiske og kommercielle anliggender i Danmark og udf\u00f8rer en integreret indsats for at hj\u00e6lpe italienske virksomheder og \u00f8konomiske operat\u00f8rer i samarbejde med Det Italienske Handelskammer i Danmark, ICE &#8211; Agency for the Promotion of Trade og ENIT &#8211; Italian National Agency for Tourism, begge med hovedkvarter i Stockholm, og med Det Italienske [&hellip;]","protected":false},"author":1,"featured_media":0,"parent":148,"menu_order":0,"comment_status":"closed","ping_status":"closed","template":"","meta":{"footnotes":""},"class_list":["post-159","page","type-page","status-publish","hentry"],"_links":{"self":[{"href":"https:\/\/ambcopenaghen.esteri.it\/da\/wp-json\/wp\/v2\/pages\/159","targetHints":{"allow":["GET"]}}],"collection":[{"href":"https:\/\/ambcopenaghen.esteri.it\/da\/wp-json\/wp\/v2\/pages"}],"about":[{"href":"https:\/\/ambcopenaghen.esteri.it\/da\/wp-json\/wp\/v2\/types\/page"}],"author":[{"embeddable":true,"href":"https:\/\/ambcopenaghen.esteri.it\/da\/wp-json\/wp\/v2\/users\/1"}],"replies":[{"embeddable":true,"href":"https:\/\/ambcopenaghen.esteri.it\/da\/wp-json\/wp\/v2\/comments?post=159"}],"version-history":[{"count":5,"href":"https:\/\/ambcopenaghen.esteri.it\/da\/wp-json\/wp\/v2\/pages\/159\/revisions"}],"predecessor-version":[{"id":816,"href":"https:\/\/ambcopenaghen.esteri.it\/da\/wp-json\/wp\/v2\/pages\/159\/revisions\/816"}],"up":[{"embeddable":true,"href":"https:\/\/ambcopenaghen.esteri.it\/da\/wp-json\/wp\/v2\/pages\/148"}],"wp:attachment":[{"href":"https:\/\/ambcopenaghen.esteri.it\/da\/wp-json\/wp\/v2\/media?parent=159"}],"curies":[{"name":"wp","href":"https:\/\/api.w.org\/{rel}","templated":true}]}}