{"id":150,"date":"2023-04-11T18:01:19","date_gmt":"2023-04-11T16:01:19","guid":{"rendered":"https:\/\/ambcopenaghen.esteri.it\/chi-siamo\/gli-uffici\/"},"modified":"2025-03-27T13:24:25","modified_gmt":"2025-03-27T11:24:25","slug":"gli-uffici","status":"publish","type":"page","link":"https:\/\/ambcopenaghen.esteri.it\/da\/chi-siamo\/gli-uffici\/","title":{"rendered":"Ambassadens afdelinger"},"content":{"rendered":"<ul>\n<li>\n<h4><span style=\"text-decoration: underline;\"><strong>AMBASSADEAFDELINGEN<br \/>\n<\/strong><\/span><\/h4>\n<\/li>\n<\/ul>\n<p>Gammel Vartov Vej 7<br \/>\nDK-2900 Hellerup<\/p>\n<p><a href=\"https:\/\/www.google.dk\/maps\/place\/Gammel+Vartov+Vej+7,+2900+Hellerup,+Danmark\/@55.7243961,12.5710014,1438m\/data=!3m1!1e3!4m13!1m7!3m6!1s0x46525262516224af:0xd492d607880eb95!2sGammel+Vartov+Vej+7,+2900+Hellerup,+Danmark!3b1!8m2!3d55.723828!4d12.57157!3m4!1s0x46525262516224af:0xd492d607880eb95!8m2!3d55.723828!4d12.57157?hl=da\" target=\"_blank\" rel=\"noopener\">Find os<\/a><\/p>\n<p><strong>Tlf. nr.<\/strong> +45 &#8211; 39 62 68 77<strong><br \/>\n<\/strong><\/p>\n<p><strong>Generel e-mail:<\/strong>\u00a0<a href=\"mailto:info.copenaghen@esteri.it\">info.copenaghen@esteri.it<\/a><br \/>\n<strong>Sikker elektronisk post (PEC):<\/strong>\u00a0<a href=\"mailto:amb.copenaghen@cert.esteri.it\">amb.copenaghen@cert.esteri.it<\/a>. <strong>BEM\u00c6RK:<\/strong> Den sikre PEC postkasse kan kun modtage post fra andre sikre postkasser. E-mails afsendt fra almindelige mailadresser vil blive afvist af systemet.<\/p>\n<p><strong>Kontortid: <\/strong>Alle hverdag 09.00 &#8211; 16.00<\/p>\n<p>&nbsp;<\/p>\n<ul>\n<li>\n<h4><span style=\"text-decoration: underline;\"><strong>KONSULATSAFDELINGEN<br \/>\n<\/strong><\/span><\/h4>\n<\/li>\n<\/ul>\n<p>\u00d8stergade 24B, 2.th.\u00a0<strong>(lille sidegade til Str\u00f8get kaldet &#8220;Pistolstr\u00e6de&#8221;)\u00a0<\/strong><\/p>\n<p>DK-1100 Copenhagen K<\/p>\n<p><a href=\"https:\/\/www.google.dk\/maps\/place\/%C3%98stergade+24B,+1100+K%C3%B8benhavn,+Danmark\/@55.6805541,12.5804124,442m\/data=!3m2!1e3!4b1!4m5!3m4!1s0x4652531763a2b88b:0xb2e73ee12670644d!8m2!3d55.6805541!4d12.5826011?hl=da\" target=\"_blank\" rel=\"noopener\">Find os<\/a><\/p>\n<p><strong>Tlf. nr. +45 &#8211; 39 62 68 77<\/strong> (<strong>Telefontid<\/strong> <strong>mandag &#8211; fredag: 09.00 &#8211; 14.00<\/strong>).<\/p>\n<p>Tirsdag og onsdag, mellem kl. 14.00 og 15.00, kan borgere \u2013 hvis sager allerede er under behandling p\u00e5 Konsulatsafdelingen (vedr. registrering i folkeregister eller udstedelse af pas, civilstatus, ID-kort, skattekoder, v\u00e6rdierkl\u00e6ring vedr. akademiske uddannelser, statsborgerskab, skibspapirer, visum, fuldmagter og repr\u00e6sentation, legaliseringer, identitetsattester osv.) \u2013 ringe direkte til Konsulatsafdelingen p\u00e5 tlf.nr. <strong>+45 &#8211; 39 18 34 44<\/strong> for oplysninger om, hvor langt man er n\u00e5et med sagsbehandlingen.<\/p>\n<p><strong>VIGTIGT: <\/strong><em>Vi opfordrer jer til at fremsende jeres anmodninger per e-mail, da dette muligg\u00f8r en hurtigere behandling af de enkelte sager. Vi henstiller s\u00e5ledes til, at man kun ringer i s\u00e6rlige tilf\u00e6lde.<\/em><\/p>\n<p>&nbsp;<\/p>\n<p><strong>\u00c5bningstider for personligt fremm\u00f8de:<\/strong><\/p>\n<p>\u2022 mandag \u2013 fredag: 09.30 \u2013 12.30<br \/>\n\u2022 torsdag eftermiddag: 14.00 \u2013 15.30<\/p>\n<p><strong>N.B.<\/strong> Vi minder om, at personligt fremm\u00f8de p\u00e5 Konsulatsafdelingen i forbindelse med udstedelse af pas og ID-kort skal aftales p\u00e5 forh\u00e5nd, idet man booker en tid via portalen <a href=\"https:\/\/prenotami.esteri.it\/\" target=\"_blank\" rel=\"noopener\">PrenotaMi<\/a>.<\/p>\n<p>Vi g\u00f8r opm\u00e6rksom p\u00e5, at Konsulatsafdelingen af regnskabsm\u00e6ssige \u00e5rsager ikke er \u00e5bent for offentligheden den sidste arbejdsdag i marts, juni, september og december \u2013 p\u00e5n\u00e6r i ekstraordin\u00e6re tilf\u00e6lde.<\/p>\n<p>Datoerne for de kvartalsvise lukkedage i <strong>2023<\/strong>: 31. marts, 30. juni, 29. september, 29. december.<\/p>\n<p>&nbsp;<\/p>\n<ul>\n<li>\n<h4><a href=\"https:\/\/iiccopenaghen.esteri.it\/iic_copenaghen\/da\/\"><span style=\"text-decoration: underline;\">DET ITALIENSKE KULTURINSTITUT<\/span><\/a><\/h4>\n<\/li>\n<\/ul>\n<div class=\"info_contatti\"><strong>Adresse: <\/strong>Gj\u00f8rlingsvej 11, DK 2900 Hellerup &#8211; Copenaghen<\/div>\n<div class=\"info_contatti\"><strong>Tlf. nr.: +<\/strong>45 &#8211; 39 62 06 96<\/div>\n<div class=\"info_contatti\">\n<p><span class=\"titoloNotizia\">E-mail: <a href=\"mailto:iiccopenaghen@esteri.it\">iiccopenaghen@esteri.it<\/a><br \/>\n<\/span>Sikker e-postkasse (PEC): <a href=\"mailto:iic.copenaghen@cert.esteri.it\">iic.copenaghen@cert.esteri.it<\/a><\/p>\n<p><strong>\u00c5bningstider:<\/strong><\/p>\n<p>mandag &#8211; tirsdag 9.00-17.00<br \/>\nonsdag &#8211; torsdag 9.00-16.00<br \/>\nfredag 9.00- 15.00<\/p>\n<p>&nbsp;<\/p>\n<\/div>\n<ul>\n<li>\n<h4><a href=\"https:\/\/www.ice.it\/it\/mercati\/danimarca\">ICE<\/a><em> &#8211; Italian Trade Agency<br \/>\n<\/em><\/h4>\n<\/li>\n<\/ul>\n<p><span class=\"u-text-r-xs ice-office-info-address\">Danmark d\u00e6kkes af ICE&#8217;s afdeling i Stockholm &#8211; ICE Stoccolma<\/span><\/p>\n<p><span class=\"u-text-r-xs ice-office-info-address\">Adresse: <\/span><\/p>\n<p><span class=\"u-text-r-xs ice-office-info-address\">KORTA GATAN 7, 8TH FLOOR SOLNA<\/span><span class=\"u-text-r-xs ice-office-info-address\"><br \/>\n171 54 , STOCCOLMA<\/span><\/p>\n<div class=\"u-margin-top-xs ice-office-info-tel-fax\"><span class=\"u-textWeight-600\">Tlf.:<\/span>\u00a0<span class=\"u-text-r-xs\">0046\/8248960<\/span><\/div>\n<div class=\"u-margin-top-xs ice-office-info-tel-fax\"><span class=\"u-textWeight-600\">Fax:<\/span>\u00a0<span class=\"u-text-r-xs\">0046\/4114947<\/span><\/div>\n<div class=\"u-margin-top-xs ice-office-info-email\"><span class=\"u-textWeight-600\">E-mail:<\/span>\u00a0<a href=\"mailto:stoccolma@ice.it\">stoccolma@ice.it<\/a><\/div>\n<div class=\"u-margin-top-xs ice-office-info-pec\"><span class=\"u-textWeight-600\">\u00c5bningstider:<\/span><span class=\"u-text-r-xs\"><br \/>\nMandag &#8211; fredag kl. 9.00 -13.00<\/span><\/div>\n<div class=\"u-margin-top-xs ice-office-info-manager\"><span class=\"u-textWeight-600\">Direkt\u00f8r:<\/span>\u00a0<span class=\"u-text-r-xs\">ANDREA MATTIELLO<\/span><\/div>\n<p>&nbsp;<\/p>\n<p><span style=\"text-decoration: underline;\"><strong>Lukkedage i 2025 (for Ambassaden, Konsulatsafdelingen og Kulturinstituttet):<\/strong><\/span><\/p>\n<p>1. januar &#8211; Nyt\u00e5r<br \/>\n18. april &#8211; Langfredag<br \/>\n21. april &#8211; 2. P\u00e5skedag<br \/>\n25. april &#8211; &#8216;Festa della Liberazione&#8217;<br \/>\n1. maj &#8211; Arbejdernes internationale dag<br \/>\n29. maj &#8211; Kristi Himmelfartsdag<br \/>\n2. juni &#8211; Italiens Nationaldag<\/p>\n<p>9. juni &#8211; Pinse<br \/>\n24. december &#8211; Juleaften<br \/>\n25. december &#8211; 1. Juledag<br \/>\n26. december &#8211; 2. Juledag<\/p>\n<p>&nbsp;<\/p>\n","protected":false},"excerpt":{"rendered":"AMBASSADEAFDELINGEN Gammel Vartov Vej 7 DK-2900 Hellerup Find os Tlf. nr. +45 &#8211; 39 62 68 77 Generel e-mail:\u00a0info.copenaghen@esteri.it Sikker elektronisk post (PEC):\u00a0amb.copenaghen@cert.esteri.it. BEM\u00c6RK: Den sikre PEC postkasse kan kun modtage post fra andre sikre postkasser. E-mails afsendt fra almindelige mailadresser vil blive afvist af systemet. Kontortid: Alle hverdag 09.00 &#8211; 16.00 &nbsp; KONSULATSAFDELINGEN \u00d8stergade [&hellip;]","protected":false},"author":1,"featured_media":0,"parent":143,"menu_order":4,"comment_status":"closed","ping_status":"closed","template":"","meta":{"footnotes":""},"class_list":["post-150","page","type-page","status-publish","hentry"],"_links":{"self":[{"href":"https:\/\/ambcopenaghen.esteri.it\/da\/wp-json\/wp\/v2\/pages\/150","targetHints":{"allow":["GET"]}}],"collection":[{"href":"https:\/\/ambcopenaghen.esteri.it\/da\/wp-json\/wp\/v2\/pages"}],"about":[{"href":"https:\/\/ambcopenaghen.esteri.it\/da\/wp-json\/wp\/v2\/types\/page"}],"author":[{"embeddable":true,"href":"https:\/\/ambcopenaghen.esteri.it\/da\/wp-json\/wp\/v2\/users\/1"}],"replies":[{"embeddable":true,"href":"https:\/\/ambcopenaghen.esteri.it\/da\/wp-json\/wp\/v2\/comments?post=150"}],"version-history":[{"count":6,"href":"https:\/\/ambcopenaghen.esteri.it\/da\/wp-json\/wp\/v2\/pages\/150\/revisions"}],"predecessor-version":[{"id":3580,"href":"https:\/\/ambcopenaghen.esteri.it\/da\/wp-json\/wp\/v2\/pages\/150\/revisions\/3580"}],"up":[{"embeddable":true,"href":"https:\/\/ambcopenaghen.esteri.it\/da\/wp-json\/wp\/v2\/pages\/143"}],"wp:attachment":[{"href":"https:\/\/ambcopenaghen.esteri.it\/da\/wp-json\/wp\/v2\/media?parent=150"}],"curies":[{"name":"wp","href":"https:\/\/api.w.org\/{rel}","templated":true}]}}