{"id":149,"date":"2023-04-11T17:53:01","date_gmt":"2023-04-11T15:53:01","guid":{"rendered":"https:\/\/ambcopenaghen.esteri.it\/chi-siamo\/lambasciatore\/"},"modified":"2026-01-12T13:07:44","modified_gmt":"2026-01-12T11:07:44","slug":"lambasciatore","status":"publish","type":"page","link":"https:\/\/ambcopenaghen.esteri.it\/da\/chi-siamo\/lambasciatore\/","title":{"rendered":"Ambassad\u00f8ren"},"content":{"rendered":"<p><img loading=\"lazy\" decoding=\"async\" class=\"alignnone size-medium wp-image-5079 img-fluid\" src=\"https:\/\/ambcopenaghen.esteri.it\/wp-content\/uploads\/2026\/01\/LAmbasciatrice-Giuliana-Del-Papa-247x300.jpg\" alt=\"\" width=\"247\" height=\"300\" srcset=\"https:\/\/ambcopenaghen.esteri.it\/wp-content\/uploads\/2026\/01\/LAmbasciatrice-Giuliana-Del-Papa-247x300.jpg 247w, https:\/\/ambcopenaghen.esteri.it\/wp-content\/uploads\/2026\/01\/LAmbasciatrice-Giuliana-Del-Papa.jpg 492w\" sizes=\"auto, (max-width: 247px) 100vw, 247px\" \/><\/p>\n<p>Giuliana Del Papa<\/p>\n<p>F\u00f8dt i Milano den 6. marts 1974.<\/p>\n<p>Efter at have afsluttet sin uddannelse i statskundskab med udm\u00e6rkelse ved Milanos Statsuniversitet, l\u00e6ser Giuliana Del Papa en master i internationale relationer ved det italienske Institut for Internationale Studier (ISPI) og begynder sin diplomatiske karriere i december 1999. I Udenrigsministeriet bliver hun ansat i Generaldirektoratet for Politiske Anliggender.<\/p>\n<p>Fra januar 2002 til september 2005 er hun ansat ved den italienske ambassade i Lima, hvor hun leder kontoret for \u00f8konomisk fremme og udviklingssamarbejde, herunder is\u00e6r gennemf\u00f8relsen af en af de vigtigste italienske bilaterale aftaler om g\u00e6ldskonvertering.<\/p>\n<p>Derefter overf\u00f8res hun til den italienske ambassade i Madrid, hvor hun indtil juli 2010 varetager hvervet som politisk r\u00e5dgiver med s\u00e6rligt fokus p\u00e5 mulighederne for italiensk-spansk samarbejde i Latinamerika og Mellem\u00f8sten.<\/p>\n<p>Giuliana Del Papa vender tilbage til Rom og bliver f\u00f8rst tilknyttet ministerens kabinet og derefter Generaldirektoratet for Globalisering som chef for kontoret for Afrikas Horn.<\/p>\n<p>Fra september 2012 til oktober 2015 er hun vicechef p\u00e5 ambassaden i Addis Abeba, hvor hun fungerer som r\u00e5dgiver for indenrigspolitik, chef for det konsul\u00e6re kontor og ansvarlig for de sekund\u00e6rt akkrediterede lande, nemlig Djibouti og Sydsudan. Hun leder personligt evakueringen af italienske statsborgere fra det krigsramte Sydsudan i december 2014.<\/p>\n<p>Ved Italiens faste repr\u00e6sentation ved Den Europ\u00e6iske Union arbejder hun i f\u00f8rste omgang (2015-2017) som delegeret i R\u00e5dets arbejdsgruppe for Middelhavsomr\u00e5det og Mellem\u00f8sten, hvorefter hun bliver koordinator for sektorpolitikker inden for energi, transport, landbrug og sundhed (2015-2020) i en periode pr\u00e6get af dannelsen af en ny Kommission (2019), fastl\u00e6ggelsen af den fler\u00e5rige finansielle ramme for 2021-2027 og endelig udbruddet af COVID-19-pandemien.<\/p>\n<p>Giuliana Del Papa udn\u00e6vnes til diplomatisk r\u00e5dgiver for landbrugsministeren (2020-2021) og overtager derefter stillingen som chef for kontoret for humanit\u00e6re n\u00f8dsituationer i Udenrigsministeriet.<\/p>\n<p>Hun leder Enheden for Analyse, Planl\u00e6gning, Statistik og Historisk Dokumentation under Ministeriet for Udenrigsanliggender og Internationalt Samarbejde fra marts 2022 til december 2025 i en periode med dybtg\u00e5ende forandringer i den internationale orden.<\/p>\n<p>I 2025 udn\u00e6vnes hun til Italiens ambassad\u00f8r i Kongeriget Danmark og tiltr\u00e6der den 7. januar 2026.<\/p>\n<p>Giuliana Del Papa er ridder af Republikkens Fortjenstorden og har to b\u00f8rn.<\/p>\n","protected":false},"excerpt":{"rendered":"Giuliana Del Papa F\u00f8dt i Milano den 6. marts 1974. Efter at have afsluttet sin uddannelse i statskundskab med udm\u00e6rkelse ved Milanos Statsuniversitet, l\u00e6ser Giuliana Del Papa en master i internationale relationer ved det italienske Institut for Internationale Studier (ISPI) og begynder sin diplomatiske karriere i december 1999. I Udenrigsministeriet bliver hun ansat i Generaldirektoratet [&hellip;]","protected":false},"author":1,"featured_media":0,"parent":143,"menu_order":0,"comment_status":"closed","ping_status":"closed","template":"","meta":{"footnotes":""},"class_list":["post-149","page","type-page","status-publish","hentry"],"_links":{"self":[{"href":"https:\/\/ambcopenaghen.esteri.it\/da\/wp-json\/wp\/v2\/pages\/149","targetHints":{"allow":["GET"]}}],"collection":[{"href":"https:\/\/ambcopenaghen.esteri.it\/da\/wp-json\/wp\/v2\/pages"}],"about":[{"href":"https:\/\/ambcopenaghen.esteri.it\/da\/wp-json\/wp\/v2\/types\/page"}],"author":[{"embeddable":true,"href":"https:\/\/ambcopenaghen.esteri.it\/da\/wp-json\/wp\/v2\/users\/1"}],"replies":[{"embeddable":true,"href":"https:\/\/ambcopenaghen.esteri.it\/da\/wp-json\/wp\/v2\/comments?post=149"}],"version-history":[{"count":6,"href":"https:\/\/ambcopenaghen.esteri.it\/da\/wp-json\/wp\/v2\/pages\/149\/revisions"}],"predecessor-version":[{"id":5086,"href":"https:\/\/ambcopenaghen.esteri.it\/da\/wp-json\/wp\/v2\/pages\/149\/revisions\/5086"}],"up":[{"embeddable":true,"href":"https:\/\/ambcopenaghen.esteri.it\/da\/wp-json\/wp\/v2\/pages\/143"}],"wp:attachment":[{"href":"https:\/\/ambcopenaghen.esteri.it\/da\/wp-json\/wp\/v2\/media?parent=149"}],"curies":[{"name":"wp","href":"https:\/\/api.w.org\/{rel}","templated":true}]}}