{"id":147,"date":"2023-04-11T18:08:31","date_gmt":"2023-04-11T16:08:31","guid":{"rendered":"https:\/\/ambcopenaghen.esteri.it\/chi-siamo\/la-rete-consolare\/"},"modified":"2023-09-18T10:33:02","modified_gmt":"2023-09-18T08:33:02","slug":"la-rete-consolare","status":"publish","type":"page","link":"https:\/\/ambcopenaghen.esteri.it\/da\/chi-siamo\/la-rete-consolare\/","title":{"rendered":"Det konsul\u00e6re netv\u00e6rk"},"content":{"rendered":"<h5><strong>Den Italienske Ambassades Konsulatsafdeling i K\u00f8benhavn<\/strong><\/h5>\n<p>\u00d8stergade 24B, 2.th.\u00a0(lille sidegade til Str\u00f8get ogs\u00e5 kaldet &#8220;Pistolstr\u00e6de&#8221;)<br \/>\n1100 K\u00f8benhavn K<br \/>\n<a id=\"GoogleMaps\" title=\"GoogleMaps\" href=\"http:\/\/goo.gl\/maps\/MZG4V\" target=\"_blank\" rel=\"noopener\" name=\"GoogleMaps\"><strong>Find os<\/strong><\/a><\/p>\n<p><strong>Generel e-mail:<\/strong>\u00a0<a href=\"mailto:consolato.copenaghen@esteri.it\">consolato.copenaghen@esteri.it<\/a><br \/>\n<strong>Henvendelser vedr. pas: <\/strong><a href=\"mailto:pass.copenaghen@esteri.it\">pass.copenaghen@esteri.it<\/a>\u00a0<a href=\"mailto:passaporti.copenaghen@esteri.it\"><br \/>\n<\/a><\/p>\n<p><strong>Tlf. +45-39 62 68 77<\/strong>\u00a0 &#8211; Telefontid: mandag &#8211; fredag kl. 09.00 &#8211; 14.00<\/p>\n<p><strong>\u00a0<\/strong><\/p>\n<p><strong>Kontortid:<\/strong><\/p>\n<ul>\n<li>Mandag &#8211; fredag: <strong>10.00 &#8211; <\/strong><strong>12.00<\/strong><\/li>\n<li>Torsdag eftermiddag: <strong>14.00 &#8211; <\/strong><strong>15.30<\/strong><\/li>\n<\/ul>\n<p>&nbsp;<\/p>\n<p>Se <a href=\"https:\/\/ambcopenaghen.esteri.it\/da\/chi-siamo\/gli-uffici\/\">Ambassadens Afdelinger<\/a> for information om Konsulatsafdelingens og Ambassadens lukkedage m.m.<\/p>\n<p>&nbsp;<\/p>\n<p><strong>Konsul\u00e6re tjenester<\/strong><\/p>\n<p>Konsul\u00e6re tjenester ydes p\u00e5 et lige, upartisk, effektivt og gennemsigtigt grundlag.<\/p>\n<p>Konsulater sikrer alle medborgere beskyttelse mod kr\u00e6nkelse af deres grundl\u00e6ggende rettigheder og mod begr\u00e6nsning eller fratagelse af deres personlige frihed. De sikrer ogs\u00e5 assistance i n\u00f8dsituationer, hj\u00e6lp til at lokalisere familiemedlemmer samt assistance i forbindelse med arvesager i udlandet, og hjemsendelse af afd\u00f8de personer.<\/p>\n<p>&nbsp;<\/p>\n<p>&nbsp;<\/p>\n<p><strong>FAST-IT: Konsul\u00e6re ydelser Online<br \/>\n<\/strong><\/p>\n<p><a href=\"https:\/\/serviziconsolari.esteri.it\/ScoFE\/index.sco\">Her<\/a> finder I de konsul\u00e6re ydelser, som udbydes p\u00e5 portalen FAST-IT<\/p>\n<p><a href=\"https:\/\/www.esteri.it\/mae\/it\/servizi\/italiani-all-estero\">SITO WEB ISTITUZIONALE DEL MAE DEDICATO AI SERVIZI CONSOLARI<\/a><\/p>\n<p>&nbsp;<\/p>\n<h5><strong>Det Honor\u00e6re Konsulat i \u00c5rhus<\/strong><\/h5>\n<p>Modtagelse efter aftale<\/p>\n<p>c\/o ITALIEN INFORMATION SERVICE SpA<br \/>\nTRANEB\u00c6RK\u00c6RET 9<br \/>\n8220 BRABRAND<br \/>\nTlf. +45 &#8211; 8626 1666 mandag til fredag mellem kl. 13 og 14<br \/>\nE-mail:\u00a0<a href=\"mailto:italien@iis.dk\">italien@iis.dk<\/a><br \/>\nWeb page: <a href=\"http:\/\/www.iis.dk\/\">www.iis.dk<\/a><strong><br \/>\nHonor\u00e6r \u00c6reskonsul Cav. Ib Larsen<\/strong><\/p>\n<p>&nbsp;<\/p>\n<h5><strong>Det Honor\u00e6re Vicekonsulat i \u00c5lborg<\/strong><\/h5>\n<p>Modtagelse efter aftale (mandag til fredag kl. 13-15)<br \/>\nVingaardsgade 25 &#8211; 9000 Aalborg<br \/>\nTlf. +45-<span lang=\"DA\">20773095<\/span><br \/>\nE-mail: <a href=\"mailto:aalborg.onorario@esteri.it\">aalborg.onorario@esteri.it<\/a> ; <a href=\"mailto:mikele@volpi.dk\">mikele@volpi.dk<\/a><br \/>\n<strong>Honor\u00e6r Vice \u00c6reskonsul <span lang=\"DA\">Mikele Volpi<\/span><br \/>\n<\/strong><\/p>\n<p>&nbsp;<\/p>\n<h5><strong><br \/>\nDet Honor\u00e6re Vicekonsulat i Thorshavn<br \/>\n<\/strong><\/h5>\n<p>Tlf. +298 213 700<br \/>\nE-mail:\u00a0<a href=\"mailto:magni.arge@gmail.com\">magni.arge@gmail.com<\/a> eller <a href=\"mailto:magni.arge@outlook.com\">magni.arge@outlook.com<\/a><br \/>\n<strong>Honor\u00e6r Vice \u00c6reskonsul Cav. Magni Arge<br \/>\n<\/strong><\/p>\n<p>&nbsp;<\/p>\n<h5><strong><br \/>\nKonsul\u00e6r Korrespondent i Ilulissat &#8211; Gr\u00f8nland<br \/>\n<\/strong><\/h5>\n<p>c\/o Hotel Arctic Ilulissat Box 1501 3952 Ilulissat (Groenlandia)<br \/>\nTlf. +45 21 60 41 67<br \/>\nE-mail:\u00a0<a href=\"mailto:erikbjerregaard@icloud.com\">erikbjerregaard@icloud.com<\/a><br \/>\n<strong>Konsul\u00e6r Korrespondent Cav. Erik Bjerregaard<br \/>\n<\/strong><\/p>\n<p>&nbsp;<\/p>\n<h5><strong>Konsul\u00e6r Korrespondent i Odense<br \/>\n<\/strong><\/h5>\n<p>Albanigade 53<br \/>\n5000 Odense (Fyn)<br \/>\nTlf. +45-28110388<br \/>\nE-mail:\u00a0<a href=\"mailto:fulisse3@gmail.com\">fulisse3@gmail.com<\/a><br \/>\n<strong>Cav. Francesco Ulisse<\/strong><\/p>\n","protected":false},"excerpt":{"rendered":"Den Italienske Ambassades Konsulatsafdeling i K\u00f8benhavn \u00d8stergade 24B, 2.th.\u00a0(lille sidegade til Str\u00f8get ogs\u00e5 kaldet &#8220;Pistolstr\u00e6de&#8221;) 1100 K\u00f8benhavn K Find os Generel e-mail:\u00a0consolato.copenaghen@esteri.it Henvendelser vedr. pas: pass.copenaghen@esteri.it\u00a0 Tlf. +45-39 62 68 77\u00a0 &#8211; Telefontid: mandag &#8211; fredag kl. 09.00 &#8211; 14.00 \u00a0 Kontortid: Mandag &#8211; fredag: 10.00 &#8211; 12.00 Torsdag eftermiddag: 14.00 &#8211; 15.30 &nbsp; Se [&hellip;]","protected":false},"author":1,"featured_media":0,"parent":143,"menu_order":8,"comment_status":"closed","ping_status":"closed","template":"","meta":{"footnotes":""},"class_list":["post-147","page","type-page","status-publish","hentry"],"_links":{"self":[{"href":"https:\/\/ambcopenaghen.esteri.it\/da\/wp-json\/wp\/v2\/pages\/147","targetHints":{"allow":["GET"]}}],"collection":[{"href":"https:\/\/ambcopenaghen.esteri.it\/da\/wp-json\/wp\/v2\/pages"}],"about":[{"href":"https:\/\/ambcopenaghen.esteri.it\/da\/wp-json\/wp\/v2\/types\/page"}],"author":[{"embeddable":true,"href":"https:\/\/ambcopenaghen.esteri.it\/da\/wp-json\/wp\/v2\/users\/1"}],"replies":[{"embeddable":true,"href":"https:\/\/ambcopenaghen.esteri.it\/da\/wp-json\/wp\/v2\/comments?post=147"}],"version-history":[{"count":8,"href":"https:\/\/ambcopenaghen.esteri.it\/da\/wp-json\/wp\/v2\/pages\/147\/revisions"}],"predecessor-version":[{"id":812,"href":"https:\/\/ambcopenaghen.esteri.it\/da\/wp-json\/wp\/v2\/pages\/147\/revisions\/812"}],"up":[{"embeddable":true,"href":"https:\/\/ambcopenaghen.esteri.it\/da\/wp-json\/wp\/v2\/pages\/143"}],"wp:attachment":[{"href":"https:\/\/ambcopenaghen.esteri.it\/da\/wp-json\/wp\/v2\/media?parent=147"}],"curies":[{"name":"wp","href":"https:\/\/api.w.org\/{rel}","templated":true}]}}