{"id":146,"date":"2023-04-11T18:07:19","date_gmt":"2023-04-11T16:07:19","guid":{"rendered":"https:\/\/ambcopenaghen.esteri.it\/chi-siamo\/numeri-di-emergenza\/"},"modified":"2026-01-20T10:50:59","modified_gmt":"2026-01-20T08:50:59","slug":"numeri-di-emergenza","status":"publish","type":"page","link":"https:\/\/ambcopenaghen.esteri.it\/da\/chi-siamo\/numeri-di-emergenza\/","title":{"rendered":"N\u00f8dnumre"},"content":{"rendered":"<p>Italiens Ambassade i Danmark: <strong><span style=\"text-decoration: underline;\">+45 &#8211; 21 80 40 69\u00a0<\/span> &#8211; <\/strong>Udenfor den almindelige \u00e5bningstid, samt i weekender og p\u00e5 helligdage, er det <strong>&#8211; i deciderede n\u00f8dstilf\u00e6lde &#8211;<\/strong> muligt at kontakte Ambassaden p\u00e5 denne <strong>n\u00f8dtelefon<\/strong> (i tidsrummet mellem <strong>kl. 17.00 og 22.00 p\u00e5 hverdage<\/strong>, samt mellem <strong>kl. 09.00 og 22.00 i weekender og p\u00e5 helligdage<\/strong>).<\/p>\n<p>Ring <strong>112 &#8211; i n\u00f8dstilf\u00e6lde, som vedr\u00f8rer politi og sundhedsv\u00e6sen!<\/strong><\/p>\n<p>&nbsp;<\/p>\n<h4>Italiensktalende l\u00e6ger og psykologer<\/h4>\n<div class=\"sr-only\"><\/div>\n<div>\n<table class=\"table\" border=\"0\" align=\"left\">\n<tbody>\n<tr>\n<td>L\u00e6geklinik<\/td>\n<td><strong>Hellerup Sundhedscenter<\/strong><\/td>\n<\/tr>\n<tr>\n<td>Kontakt<\/td>\n<td>L\u00e6ge Thomas ARU<\/td>\n<\/tr>\n<tr>\n<td>Adresse<\/td>\n<td>Strandvejen 104 A, st. &#8211; 2900 Hellerup<\/td>\n<\/tr>\n<tr>\n<td>Tlf. nr.<\/td>\n<td>+45 88 88 65 65<\/td>\n<\/tr>\n<tr>\n<td>Email<\/td>\n<td>doctoraru@gmail.com<\/td>\n<\/tr>\n<tr>\n<td>Web page<\/td>\n<td><a href=\"http:\/\/www.hellerupsundhedscenter.dk\">www.hellerupsundhedscenter.dk<\/a><\/td>\n<\/tr>\n<tr>\n<td><\/td>\n<td>\u2022 Patienter modtages efter aftale<br \/>\n\u2022 L\u00e6gen taler engelsk og noget italiensk<\/td>\n<\/tr>\n<\/tbody>\n<\/table>\n<p>&nbsp;<\/p>\n<p>&nbsp;<\/p>\n<table class=\"table\" style=\"height: 175px;\" border=\"0\" width=\"1070\" align=\"left\">\n<tbody>\n<tr>\n<td>&nbsp;<\/p>\n<p>L\u00e6geklinik<\/td>\n<td><\/td>\n<\/tr>\n<tr>\n<td>kontakt<\/td>\n<td>L\u00e6ge Stefan ASTORRI, \u00f8re-, n\u00e6se- halsl\u00e6ge<\/td>\n<\/tr>\n<tr>\n<td>Adresse<\/td>\n<td>J\u00e6gersborg Alle 19, 2920 Charlottenlund<\/td>\n<\/tr>\n<tr>\n<td>Tlf.<\/td>\n<td>+45 39 64 29 04<\/td>\n<\/tr>\n<tr>\n<td>Email<\/td>\n<td><\/td>\n<\/tr>\n<tr>\n<td>Web page<\/td>\n<td><\/td>\n<\/tr>\n<tr>\n<td><\/td>\n<td><\/td>\n<\/tr>\n<\/tbody>\n<\/table>\n<table class=\"table\">\n<tbody>\n<tr>\n<td>Psykolog<\/td>\n<td><strong>YOURSPACEDK<\/strong><\/td>\n<\/tr>\n<tr>\n<td>kontakt<\/td>\n<td>Psykolog Enrico CAPPELLETTO<\/td>\n<\/tr>\n<tr>\n<td>Adresse<\/td>\n<td>Vester Voldgade 100, 1552 K\u00f8benhavn V<\/td>\n<\/tr>\n<tr>\n<td>Tlf.<\/td>\n<td>+45 8190 4056<\/td>\n<\/tr>\n<tr>\n<td>Email<\/td>\n<td>info@yourspacedk.org<\/td>\n<\/tr>\n<tr>\n<td>web page<\/td>\n<td><a href=\"https:\/\/www.yourspacedk.org\/\" target=\"_blank\" rel=\"noopener\">https:\/\/www.yourspacedk.org\/<\/a><\/td>\n<\/tr>\n<tr>\n<td><\/td>\n<td>\u2022 Italiensk psykolog i Danmark<br \/>\n\u2022 Klinisk psykologi og r\u00e5dgivning.<\/td>\n<\/tr>\n<\/tbody>\n<\/table>\n<table class=\"table\" border=\"0\">\n<tbody>\n<tr>\n<td><\/td>\n<td><\/td>\n<\/tr>\n<tr>\n<td><\/td>\n<td><\/td>\n<\/tr>\n<tr>\n<td><\/td>\n<td><\/td>\n<\/tr>\n<tr>\n<td><\/td>\n<td><\/td>\n<\/tr>\n<tr>\n<td><\/td>\n<td><\/td>\n<\/tr>\n<tr>\n<td><\/td>\n<td><\/td>\n<\/tr>\n<tr>\n<td><\/td>\n<td><\/td>\n<\/tr>\n<\/tbody>\n<\/table>\n<p>&nbsp;<\/p>\n<\/div>\n","protected":false},"excerpt":{"rendered":"Italiens Ambassade i Danmark: +45 &#8211; 21 80 40 69\u00a0 &#8211; Udenfor den almindelige \u00e5bningstid, samt i weekender og p\u00e5 helligdage, er det &#8211; i deciderede n\u00f8dstilf\u00e6lde &#8211; muligt at kontakte Ambassaden p\u00e5 denne n\u00f8dtelefon (i tidsrummet mellem kl. 17.00 og 22.00 p\u00e5 hverdage, samt mellem kl. 09.00 og 22.00 i weekender og p\u00e5 helligdage). [&hellip;]","protected":false},"author":1,"featured_media":0,"parent":143,"menu_order":6,"comment_status":"closed","ping_status":"closed","template":"","meta":{"footnotes":""},"class_list":["post-146","page","type-page","status-publish","hentry"],"_links":{"self":[{"href":"https:\/\/ambcopenaghen.esteri.it\/da\/wp-json\/wp\/v2\/pages\/146","targetHints":{"allow":["GET"]}}],"collection":[{"href":"https:\/\/ambcopenaghen.esteri.it\/da\/wp-json\/wp\/v2\/pages"}],"about":[{"href":"https:\/\/ambcopenaghen.esteri.it\/da\/wp-json\/wp\/v2\/types\/page"}],"author":[{"embeddable":true,"href":"https:\/\/ambcopenaghen.esteri.it\/da\/wp-json\/wp\/v2\/users\/1"}],"replies":[{"embeddable":true,"href":"https:\/\/ambcopenaghen.esteri.it\/da\/wp-json\/wp\/v2\/comments?post=146"}],"version-history":[{"count":6,"href":"https:\/\/ambcopenaghen.esteri.it\/da\/wp-json\/wp\/v2\/pages\/146\/revisions"}],"predecessor-version":[{"id":5134,"href":"https:\/\/ambcopenaghen.esteri.it\/da\/wp-json\/wp\/v2\/pages\/146\/revisions\/5134"}],"up":[{"embeddable":true,"href":"https:\/\/ambcopenaghen.esteri.it\/da\/wp-json\/wp\/v2\/pages\/143"}],"wp:attachment":[{"href":"https:\/\/ambcopenaghen.esteri.it\/da\/wp-json\/wp\/v2\/media?parent=146"}],"curies":[{"name":"wp","href":"https:\/\/api.w.org\/{rel}","templated":true}]}}