{"id":145,"date":"2023-07-21T15:05:04","date_gmt":"2023-07-21T13:05:04","guid":{"rendered":"https:\/\/ambcopenaghen.esteri.it\/chi-siamo\/contatti\/"},"modified":"2023-09-22T10:39:26","modified_gmt":"2023-09-22T08:39:26","slug":"contatti","status":"publish","type":"page","link":"https:\/\/ambcopenaghen.esteri.it\/da\/chi-siamo\/contatti\/","title":{"rendered":"Kontakt"},"content":{"rendered":"<ul>\n<li>\n<h4><span style=\"text-decoration: underline;\"><strong>KONSULATSAFDELINGEN<\/strong><\/span><\/h4>\n<\/li>\n<\/ul>\n<p>\u00d8stergade 24B, 2.th.\u00a0<strong>(lille sidegade til Str\u00f8get ogs\u00e5 kaldet &#8220;Pistolstr\u00e6de&#8221;)\u00a0<\/strong><\/p>\n<p>1100 Copenhagen K<\/p>\n<p><a href=\"https:\/\/www.google.dk\/maps\/place\/Den+Italienske+Ambassade\/@55.6805541,12.5826011,652m\/data=!3m1!1e3!4m15!1m8!3m7!1s0x4652531763a2b88b:0xb2e73ee12670644d!2s%C3%98stergade+24B,+1100+K%C3%B8benhavn!3b1!8m2!3d55.6805541!4d12.5826011!16s%2Fg%2F11c5jt38q_!3m5!1s0x4652531763a2b88b:0x98a374753f404894!8m2!3d55.6805541!4d12.5826011!16s%2Fg%2F11c1pkt498?hl=da&amp;entry=ttu\" target=\"_blank\" rel=\"noopener\">Find os<\/a><\/p>\n<p><strong>For henvendelser vedr. konsul\u00e6re sp\u00f8rgsm\u00e5l, AIRE, administrative meddelelser og lign., skriv til: <\/strong><a href=\"mailto:consolato.copenaghen@esteri.it\">consolato.copenaghen@esteri.it<\/a><br \/>\n\u2022 For henvendelser vedr. udstedelse af pas: <a href=\"mailto:pass.copenaghen@esteri.it\">pass.copenaghen@esteri.it<\/a><br \/>\n\u2022 <strong>Forenklet procedure <\/strong>ved tilmelding til <strong>AIRE <\/strong>og i forbindelse med adresse\u00e6ndringer: <a href=\"https:\/\/serviziconsolarionline.esteri.it\/ScoFE\/login.sco?cid=1903636\" target=\"_blank\" rel=\"noopener\">KLIK HER<\/a>.<\/p>\n<p><strong>For generelle sp\u00f8rgsm\u00e5l og oplysninger, ring til Ambassadeafdelingens og Konsulatsafdelingens f\u00e6lles omstilling:<\/strong><\/p>\n<p><strong>Tel. +45-39 62 68 77<\/strong> (telefonen er \u00e5ben alle hverdage <strong>mandag til fredag fra 09.00 til 14.00<\/strong>).<\/p>\n<p><strong>Tirsdag og onsdag, mellem kl. 14.00 og 15.00<\/strong>, kan borgere &#8211; hvis sager allerede er under behandling p\u00e5 Konsulatsafdelingen (vedr. <strong>registrering i folkeregister eller udstedelse af<\/strong> <strong>pas, civilstatus, ID-kort, skattekoder, v\u00e6rdierkl\u00e6ring vedr. akademiske uddannelser, statsborgerskab, skibspapirer, visum, fuldmagter og repr\u00e6sentation, legaliseringer, identitetsattester<\/strong> osv.) &#8211; ringe direkte til Konsulatsafdelingen p\u00e5 tlf.nr. <strong>+45 39 18 34 44<\/strong> for oplysninger om den konkrete sag.<\/p>\n<p><strong>VIGTIGT: <\/strong><em>Vi opfordrer jer til at fremsende jeres anmodninger per e-mail, da det letter sagsbehandlingen. Vi henstiller s\u00e5ledes til, at man kun henvender sig telefonisk, n\u00e5r det er n\u00f8dvendigt.<\/em><\/p>\n<p>&nbsp;<\/p>\n<p><strong>\u00c5bningstider for personligt fremm\u00f8de:<\/strong><\/p>\n<p>\u2022 mandag &#8211; fredag: 09.30 &#8211; 12.30<br \/>\n\u2022 torsdag eftermiddag: 14.00 &#8211; 15.30<\/p>\n<p><strong>N.B.<\/strong> Personligt fremm\u00f8de p\u00e5 Konsulatsafdelingen i forbindelse med udstedelse af pas og ID-kort <span style=\"text-decoration: underline;\">skal<\/span> aftales p\u00e5 forh\u00e5nd. Book en tid via portalen <a href=\"https:\/\/prenotami.esteri.it\/\" target=\"_blank\" rel=\"noopener\">PrenotaMi<\/a>.<\/p>\n<p>Vi g\u00f8r opm\u00e6rksom p\u00e5, at Konsulatsafdelingen af regnskabsm\u00e6ssige \u00e5rsager ikke er \u00e5ben for offentligheden den sidste arbejdsdag i marts, juni, september og december &#8211; p\u00e5n\u00e6r i ekstraordin\u00e6re tilf\u00e6lde.<\/p>\n<p>Datoerne for de kvartalsvise lukkedage i <strong>2023<\/strong>: 31. marts, 30. juni, 29. september, 29. december.<\/p>\n<p>&nbsp;<\/p>\n<ul>\n<li>\n<h4><span style=\"text-decoration: underline;\"><strong>AMBASSADEAFDELINGEN<br \/>\n<\/strong><\/span><\/h4>\n<\/li>\n<\/ul>\n<p>Gammel Vartov Vej 7<br \/>\n2900 Hellerup<\/p>\n<p><a href=\"https:\/\/www.google.dk\/maps\/place\/Gammel+Vartov+Vej+7,+2900+Hellerup,+Danmark\/@55.7243961,12.5710014,1438m\/data=!3m1!1e3!4m13!1m7!3m6!1s0x46525262516224af:0xd492d607880eb95!2sGammel+Vartov+Vej+7,+2900+Hellerup,+Danmark!3b1!8m2!3d55.723828!4d12.57157!3m4!1s0x46525262516224af:0xd492d607880eb95!8m2!3d55.723828!4d12.57157?hl=da\" target=\"_blank\" rel=\"noopener\">Find os<\/a><\/p>\n<p><strong>Tel.<\/strong>\u00a0+45-39626877<strong><br \/>\n<\/strong><\/p>\n<p><strong>Generel e-mail:<\/strong>\u00a0<a href=\"mailto:info.copenaghen@esteri.it\">info.copenaghen@esteri.it<\/a><br \/>\n<strong>Sikker e-mail (PEC):<\/strong>\u00a0<a href=\"mailto:amb.copenaghen@cert.esteri.it\">amb.copenaghen@cert.esteri.it<\/a><\/p>\n<p><strong>BEM\u00c6RK:<\/strong> Den sikre &#8220;PEC&#8221; mail kan kun modtage elektronisk post fra andre sikre PEC adresser. E-mails afsendt fra almindelige mailadresser vil blive afvist.<\/p>\n<p><strong>Kontortid:<\/strong><\/p>\n<p>&#8211; Alle hverdage 09.00 &#8211; 16.00<\/p>\n","protected":false},"excerpt":{"rendered":"KONSULATSAFDELINGEN \u00d8stergade 24B, 2.th.\u00a0(lille sidegade til Str\u00f8get ogs\u00e5 kaldet &#8220;Pistolstr\u00e6de&#8221;)\u00a0 1100 Copenhagen K Find os For henvendelser vedr. konsul\u00e6re sp\u00f8rgsm\u00e5l, AIRE, administrative meddelelser og lign., skriv til: consolato.copenaghen@esteri.it \u2022 For henvendelser vedr. udstedelse af pas: pass.copenaghen@esteri.it \u2022 Forenklet procedure ved tilmelding til AIRE og i forbindelse med adresse\u00e6ndringer: KLIK HER. For generelle sp\u00f8rgsm\u00e5l og oplysninger, [&hellip;]","protected":false},"author":1,"featured_media":0,"parent":143,"menu_order":4,"comment_status":"closed","ping_status":"closed","template":"","meta":{"footnotes":""},"class_list":["post-145","page","type-page","status-publish","hentry"],"_links":{"self":[{"href":"https:\/\/ambcopenaghen.esteri.it\/da\/wp-json\/wp\/v2\/pages\/145","targetHints":{"allow":["GET"]}}],"collection":[{"href":"https:\/\/ambcopenaghen.esteri.it\/da\/wp-json\/wp\/v2\/pages"}],"about":[{"href":"https:\/\/ambcopenaghen.esteri.it\/da\/wp-json\/wp\/v2\/types\/page"}],"author":[{"embeddable":true,"href":"https:\/\/ambcopenaghen.esteri.it\/da\/wp-json\/wp\/v2\/users\/1"}],"replies":[{"embeddable":true,"href":"https:\/\/ambcopenaghen.esteri.it\/da\/wp-json\/wp\/v2\/comments?post=145"}],"version-history":[{"count":6,"href":"https:\/\/ambcopenaghen.esteri.it\/da\/wp-json\/wp\/v2\/pages\/145\/revisions"}],"predecessor-version":[{"id":1615,"href":"https:\/\/ambcopenaghen.esteri.it\/da\/wp-json\/wp\/v2\/pages\/145\/revisions\/1615"}],"up":[{"embeddable":true,"href":"https:\/\/ambcopenaghen.esteri.it\/da\/wp-json\/wp\/v2\/pages\/143"}],"wp:attachment":[{"href":"https:\/\/ambcopenaghen.esteri.it\/da\/wp-json\/wp\/v2\/media?parent=145"}],"curies":[{"name":"wp","href":"https:\/\/api.w.org\/{rel}","templated":true}]}}