{"id":144,"date":"2023-04-11T17:55:33","date_gmt":"2023-04-11T15:55:33","guid":{"rendered":"https:\/\/ambcopenaghen.esteri.it\/chi-siamo\/la-sede\/"},"modified":"2025-08-14T12:31:48","modified_gmt":"2025-08-14T10:31:48","slug":"la-sede","status":"publish","type":"page","link":"https:\/\/ambcopenaghen.esteri.it\/da\/chi-siamo\/la-sede\/","title":{"rendered":"Ambassaden"},"content":{"rendered":"<table class=\"table\">\n<tbody>\n<tr>\n<td align=\"left\" valign=\"top\">\n<h4><strong>Ambassadeafdelingen<\/strong><\/h4>\n<p>Gammel Vartov Vej 7<br \/>\n2900 Hellerup<\/p>\n<p><a href=\"https:\/\/www.google.dk\/maps\/place\/Gammel+Vartov+Vej+7,+2900+Hellerup,+Danmark\/@55.7243961,12.5710014,2284m\/data=!3m1!1e3!4m13!1m7!3m6!1s0x465252625169b367:0x168586964806f53d!2sGammel+Vartov+Vej+7,+2900+Hellerup,+Danmark!3b1!8m2!3d55.723828!4d12.57157!3m4!1s0x465252625169b367:0x168586964806f53d!8m2!3d55.723828!4d12.57157?hl=da\" target=\"_blank\" rel=\"noopener\">Find os<\/a><\/p>\n<p><strong>For oplysninger om kontortid og kontaktoplysninger, se under \u201c<a href=\"https:\/\/ambcopenaghen.esteri.it\/da\/chi-siamo\/contatti\/\">Kontakt<\/a>&#8220;.<\/strong><\/p>\n<p><img loading=\"lazy\" decoding=\"async\" class=\"alignnone  wp-image-4269 img-fluid\" src=\"https:\/\/ambcopenaghen.esteri.it\/wp-content\/uploads\/2025\/08\/Foto-Cancelleria-diplomatica-300x225.jpg\" alt=\"\" width=\"499\" height=\"374\" srcset=\"https:\/\/ambcopenaghen.esteri.it\/wp-content\/uploads\/2025\/08\/Foto-Cancelleria-diplomatica-300x225.jpg 300w, https:\/\/ambcopenaghen.esteri.it\/wp-content\/uploads\/2025\/08\/Foto-Cancelleria-diplomatica-1024x768.jpg 1024w, https:\/\/ambcopenaghen.esteri.it\/wp-content\/uploads\/2025\/08\/Foto-Cancelleria-diplomatica-768x576.jpg 768w, https:\/\/ambcopenaghen.esteri.it\/wp-content\/uploads\/2025\/08\/Foto-Cancelleria-diplomatica.jpg 1920w\" sizes=\"auto, (max-width: 499px) 100vw, 499px\" \/><\/p>\n<p>&nbsp;<\/p>\n<h4><strong>Konsulatsafdelingen<\/strong><\/h4>\n<p>\u00d8stergade 24B, 2.th. (lille sidegade til Str\u00f8get ogs\u00e5 kaldet &#8220;Pistolstr\u00e6de&#8221;)<br \/>\n1100 Copenhagen K<\/p>\n<p><a href=\"https:\/\/www.google.dk\/maps\/place\/Den+Italienske+Ambassade\/@55.6805571,12.5800262,652m\/data=!3m1!1e3!4m15!1m8!3m7!1s0x4652531763a2b88b:0xb2e73ee12670644d!2s%C3%98stergade+24B,+1100+K%C3%B8benhavn!3b1!8m2!3d55.6805541!4d12.5826011!16s%2Fg%2F11c5jt38q_!3m5!1s0x4652531763a2b88b:0x98a374753f404894!8m2!3d55.6805541!4d12.5826011!16s%2Fg%2F11c1pkt498?hl=da&amp;entry=ttu\" target=\"_blank\" rel=\"noopener\">Find os<\/a><\/p>\n<p><strong>For oplysninger om kontortid og kontaktoplysninger, se under \u201c<a href=\"https:\/\/ambcopenaghen.esteri.it\/da\/chi-siamo\/contatti\/\">Kontakt<\/a>&#8220;.<\/strong><\/p>\n<p><img loading=\"lazy\" decoding=\"async\" class=\"alignnone wp-image-696 img-fluid\" src=\"https:\/\/ambcopenaghen.esteri.it\/wp-content\/uploads\/2023\/08\/ENTRANCE-CONSOLARE-224x300.jpg\" alt=\"Entrata Cancelleria Consolare\" width=\"286\" height=\"383\" srcset=\"https:\/\/ambcopenaghen.esteri.it\/wp-content\/uploads\/2023\/08\/ENTRANCE-CONSOLARE-224x300.jpg 224w, https:\/\/ambcopenaghen.esteri.it\/wp-content\/uploads\/2023\/08\/ENTRANCE-CONSOLARE.jpg 688w\" sizes=\"auto, (max-width: 286px) 100vw, 286px\" \/><\/td>\n<\/tr>\n<\/tbody>\n<\/table>\n<p>&nbsp;<\/p>\n","protected":false},"excerpt":{"rendered":"Ambassadeafdelingen Gammel Vartov Vej 7 2900 Hellerup Find os For oplysninger om kontortid og kontaktoplysninger, se under \u201cKontakt&#8220;. &nbsp; Konsulatsafdelingen \u00d8stergade 24B, 2.th. (lille sidegade til Str\u00f8get ogs\u00e5 kaldet &#8220;Pistolstr\u00e6de&#8221;) 1100 Copenhagen K Find os For oplysninger om kontortid og kontaktoplysninger, se under \u201cKontakt&#8220;. &nbsp;","protected":false},"author":1,"featured_media":0,"parent":143,"menu_order":2,"comment_status":"closed","ping_status":"closed","template":"","meta":{"footnotes":""},"class_list":["post-144","page","type-page","status-publish","hentry"],"_links":{"self":[{"href":"https:\/\/ambcopenaghen.esteri.it\/da\/wp-json\/wp\/v2\/pages\/144","targetHints":{"allow":["GET"]}}],"collection":[{"href":"https:\/\/ambcopenaghen.esteri.it\/da\/wp-json\/wp\/v2\/pages"}],"about":[{"href":"https:\/\/ambcopenaghen.esteri.it\/da\/wp-json\/wp\/v2\/types\/page"}],"author":[{"embeddable":true,"href":"https:\/\/ambcopenaghen.esteri.it\/da\/wp-json\/wp\/v2\/users\/1"}],"replies":[{"embeddable":true,"href":"https:\/\/ambcopenaghen.esteri.it\/da\/wp-json\/wp\/v2\/comments?post=144"}],"version-history":[{"count":6,"href":"https:\/\/ambcopenaghen.esteri.it\/da\/wp-json\/wp\/v2\/pages\/144\/revisions"}],"predecessor-version":[{"id":4282,"href":"https:\/\/ambcopenaghen.esteri.it\/da\/wp-json\/wp\/v2\/pages\/144\/revisions\/4282"}],"up":[{"embeddable":true,"href":"https:\/\/ambcopenaghen.esteri.it\/da\/wp-json\/wp\/v2\/pages\/143"}],"wp:attachment":[{"href":"https:\/\/ambcopenaghen.esteri.it\/da\/wp-json\/wp\/v2\/media?parent=144"}],"curies":[{"name":"wp","href":"https:\/\/api.w.org\/{rel}","templated":true}]}}