{"id":143,"date":"2023-04-11T17:07:36","date_gmt":"2023-04-11T15:07:36","guid":{"rendered":"https:\/\/ambcopenaghen.esteri.it\/chi-siamo\/"},"modified":"2025-08-14T12:25:58","modified_gmt":"2025-08-14T10:25:58","slug":"chi-siamo","status":"publish","type":"page","link":"https:\/\/ambcopenaghen.esteri.it\/da\/chi-siamo\/","title":{"rendered":"Om os"},"content":{"rendered":"<p>&nbsp;<\/p>\n<p><img loading=\"lazy\" decoding=\"async\" class=\"alignnone  wp-image-4269 img-fluid\" src=\"https:\/\/ambcopenaghen.esteri.it\/wp-content\/uploads\/2025\/08\/Foto-Cancelleria-diplomatica-300x225.jpg\" alt=\"\" width=\"492\" height=\"369\" srcset=\"https:\/\/ambcopenaghen.esteri.it\/wp-content\/uploads\/2025\/08\/Foto-Cancelleria-diplomatica-300x225.jpg 300w, https:\/\/ambcopenaghen.esteri.it\/wp-content\/uploads\/2025\/08\/Foto-Cancelleria-diplomatica-1024x768.jpg 1024w, https:\/\/ambcopenaghen.esteri.it\/wp-content\/uploads\/2025\/08\/Foto-Cancelleria-diplomatica-768x576.jpg 768w, https:\/\/ambcopenaghen.esteri.it\/wp-content\/uploads\/2025\/08\/Foto-Cancelleria-diplomatica.jpg 1920w\" sizes=\"auto, (max-width: 492px) 100vw, 492px\" \/><\/p>\n<p><em>Foto: Ambassaden i Hellerup<br \/>\n<\/em><\/p>\n<p>Den Italienske Ambassade i Danmark best\u00e5r &#8211; udover selve ambassadeafdelingen &#8211; ogs\u00e5 af en separat konsulatsafdeling. Det Italienske Kulturafsnit ogs\u00e5 h\u00f8rer under Ambassaden.<\/p>\n<p style=\"text-align: left;\">Ambassadeafdelingen ligger i Hellerup, lige nord for K\u00f8benhavn, i en statejet bygning erhvervet i 1987. Konsulatsafdelingen ligger i centrum af K\u00f8benhavn.<\/p>\n<p><strong>Find de enkelte afdelinger i menuen til h\u00f8jre.<\/strong><\/p>\n<p>&nbsp;<\/p>\n<p style=\"text-align: left;\">\n","protected":false},"excerpt":{"rendered":"&nbsp; Foto: Ambassaden i Hellerup Den Italienske Ambassade i Danmark best\u00e5r &#8211; udover selve ambassadeafdelingen &#8211; ogs\u00e5 af en separat konsulatsafdeling. Det Italienske Kulturafsnit ogs\u00e5 h\u00f8rer under Ambassaden. Ambassadeafdelingen ligger i Hellerup, lige nord for K\u00f8benhavn, i en statejet bygning erhvervet i 1987. Konsulatsafdelingen ligger i centrum af K\u00f8benhavn. Find de enkelte afdelinger i menuen [&hellip;]","protected":false},"author":1,"featured_media":0,"parent":0,"menu_order":2,"comment_status":"closed","ping_status":"closed","template":"","meta":{"footnotes":""},"class_list":["post-143","page","type-page","status-publish","hentry"],"_links":{"self":[{"href":"https:\/\/ambcopenaghen.esteri.it\/da\/wp-json\/wp\/v2\/pages\/143","targetHints":{"allow":["GET"]}}],"collection":[{"href":"https:\/\/ambcopenaghen.esteri.it\/da\/wp-json\/wp\/v2\/pages"}],"about":[{"href":"https:\/\/ambcopenaghen.esteri.it\/da\/wp-json\/wp\/v2\/types\/page"}],"author":[{"embeddable":true,"href":"https:\/\/ambcopenaghen.esteri.it\/da\/wp-json\/wp\/v2\/users\/1"}],"replies":[{"embeddable":true,"href":"https:\/\/ambcopenaghen.esteri.it\/da\/wp-json\/wp\/v2\/comments?post=143"}],"version-history":[{"count":6,"href":"https:\/\/ambcopenaghen.esteri.it\/da\/wp-json\/wp\/v2\/pages\/143\/revisions"}],"predecessor-version":[{"id":4279,"href":"https:\/\/ambcopenaghen.esteri.it\/da\/wp-json\/wp\/v2\/pages\/143\/revisions\/4279"}],"wp:attachment":[{"href":"https:\/\/ambcopenaghen.esteri.it\/da\/wp-json\/wp\/v2\/media?parent=143"}],"curies":[{"name":"wp","href":"https:\/\/api.w.org\/{rel}","templated":true}]}}